{"id":5919,"date":"2024-03-21T13:33:41","date_gmt":"2024-03-21T13:33:41","guid":{"rendered":"https:\/\/foxsec.eu\/es\/?post_type=product&#038;p=5919"},"modified":"2024-03-22T20:48:23","modified_gmt":"2024-03-22T20:48:23","slug":"nice-uni-8612","status":"publish","type":"product","link":"https:\/\/foxsec.eu\/es\/producto\/nice-uni-8612\/","title":{"rendered":"Nice UNI 8612"},"content":{"rendered":"<p>Las fotoc\u00e9lulas NICE BF son una barrera infrarroja activa creada por un receptor y un transmisor. Los receptores est\u00e1n equipados con LED que se encienden cuando se interrumpe el haz. Fotoc\u00e9lulas adaptadas para uso exterior y resistentes a la iluminaci\u00f3n exterior y a las condiciones clim\u00e1ticas. El alcance de los dispositivos es de hasta 30 mEetros. Las fotoc\u00e9lulas BF se caracterizan por su forma cl\u00e1sica y atemporal, su f\u00e1cil instalaci\u00f3n y su funcionamiento fiable.<\/p>\n","protected":false},"excerpt":{"rendered":"<ul>\n<li>Fabricante: Nice<\/li>\n<li>Barrera de luz infrarroja<\/li>\n<li>Peso: 1kg<\/li>\n<\/ul>\n","protected":false},"featured_media":5923,"template":"","meta":[],"product_cat":[76],"product_tag":[],"_links":{"self":[{"href":"https:\/\/foxsec.eu\/es\/wp-json\/wp\/v2\/product\/5919"}],"collection":[{"href":"https:\/\/foxsec.eu\/es\/wp-json\/wp\/v2\/product"}],"about":[{"href":"https:\/\/foxsec.eu\/es\/wp-json\/wp\/v2\/types\/product"}],"wp:featuredmedia":[{"embeddable":true,"href":"https:\/\/foxsec.eu\/es\/wp-json\/wp\/v2\/media\/5923"}],"wp:attachment":[{"href":"https:\/\/foxsec.eu\/es\/wp-json\/wp\/v2\/media?parent=5919"}],"wp:term":[{"taxonomy":"product_cat","embeddable":true,"href":"https:\/\/foxsec.eu\/es\/wp-json\/wp\/v2\/product_cat?post=5919"},{"taxonomy":"product_tag","embeddable":true,"href":"https:\/\/foxsec.eu\/es\/wp-json\/wp\/v2\/product_tag?post=5919"}],"curies":[{"name":"wp","href":"https:\/\/api.w.org\/{rel}","templated":true}]}}