{"id":5867,"date":"2024-03-20T14:43:47","date_gmt":"2024-03-20T14:43:47","guid":{"rendered":"https:\/\/foxsec.eu\/es\/?post_type=product&#038;p=5867"},"modified":"2024-05-07T18:17:44","modified_gmt":"2024-05-07T15:17:44","slug":"hardcount1","status":"publish","type":"product","link":"https:\/\/foxsec.eu\/es\/producto\/hardcount1\/","title":{"rendered":"Hardcount 1+"},"content":{"rendered":"<p>Hardcount 1+ es un m\u00f3dulo del sistema de conteo de personas dise\u00f1ado para contar a los visitantes que cruzan una l\u00ednea virtual definida por infrarrojos en una direcci\u00f3n o en la contraria de uno a ocho puntos de control. Con el software de escritorio, se archivan todos los datos recibidos del m\u00f3dulo, lo que le permite crear varios informes finales, por hora, d\u00eda o semana.<\/p>\n","protected":false},"excerpt":{"rendered":"<ul>\n<li>\u00daltimos 2.000 eventos en la memoria interna<\/li>\n<li>Control de bater\u00eda inteligente<\/li>\n<li>Fuente de alimentaci\u00f3n 12 VCC<\/li>\n<li>Caja met\u00e1lica<\/li>\n<\/ul>\n","protected":false},"featured_media":5913,"template":"","meta":[],"product_cat":[74],"product_tag":[],"_links":{"self":[{"href":"https:\/\/foxsec.eu\/es\/wp-json\/wp\/v2\/product\/5867"}],"collection":[{"href":"https:\/\/foxsec.eu\/es\/wp-json\/wp\/v2\/product"}],"about":[{"href":"https:\/\/foxsec.eu\/es\/wp-json\/wp\/v2\/types\/product"}],"wp:featuredmedia":[{"embeddable":true,"href":"https:\/\/foxsec.eu\/es\/wp-json\/wp\/v2\/media\/5913"}],"wp:attachment":[{"href":"https:\/\/foxsec.eu\/es\/wp-json\/wp\/v2\/media?parent=5867"}],"wp:term":[{"taxonomy":"product_cat","embeddable":true,"href":"https:\/\/foxsec.eu\/es\/wp-json\/wp\/v2\/product_cat?post=5867"},{"taxonomy":"product_tag","embeddable":true,"href":"https:\/\/foxsec.eu\/es\/wp-json\/wp\/v2\/product_tag?post=5867"}],"curies":[{"name":"wp","href":"https:\/\/api.w.org\/{rel}","templated":true}]}}