{"id":5731,"date":"2024-03-19T10:08:15","date_gmt":"2024-03-19T10:08:15","guid":{"rendered":"https:\/\/foxsec.eu\/es\/?post_type=product&#038;p=5731"},"modified":"2024-03-19T10:16:47","modified_gmt":"2024-03-19T10:16:47","slug":"lector-biometrico-hid-signo-25b","status":"publish","type":"product","link":"https:\/\/foxsec.eu\/es\/producto\/lector-biometrico-hid-signo-25b\/","title":{"rendered":"Lector biom\u00e9trico HID Signo 25B"},"content":{"rendered":"<p>El lector biom\u00e9trico 25B de HID Signo, una opci\u00f3n ideal para usos en control de accesos de gabinetes. Es un lector de huellas dactilares, tambi\u00e9n es compatible con una amplia gama de tecnolog\u00edas de credenciales en diversos factores de forma, entre otros, tarjetas, llaveros y dispositivos m\u00f3viles.<\/p>\n","protected":false},"excerpt":{"rendered":"<ul>\n<li>Fabricante: HID Global<\/li>\n<li>Lector de huellas dactilares<\/li>\n<li>Varias tecnolog\u00edas<\/li>\n<li>Habilitado para dispositivos m\u00f3viles<\/li>\n<li>Protocolo Wiegand<\/li>\n<\/ul>\n","protected":false},"featured_media":5732,"template":"","meta":[],"product_cat":[73],"product_tag":[],"_links":{"self":[{"href":"https:\/\/foxsec.eu\/es\/wp-json\/wp\/v2\/product\/5731"}],"collection":[{"href":"https:\/\/foxsec.eu\/es\/wp-json\/wp\/v2\/product"}],"about":[{"href":"https:\/\/foxsec.eu\/es\/wp-json\/wp\/v2\/types\/product"}],"wp:featuredmedia":[{"embeddable":true,"href":"https:\/\/foxsec.eu\/es\/wp-json\/wp\/v2\/media\/5732"}],"wp:attachment":[{"href":"https:\/\/foxsec.eu\/es\/wp-json\/wp\/v2\/media?parent=5731"}],"wp:term":[{"taxonomy":"product_cat","embeddable":true,"href":"https:\/\/foxsec.eu\/es\/wp-json\/wp\/v2\/product_cat?post=5731"},{"taxonomy":"product_tag","embeddable":true,"href":"https:\/\/foxsec.eu\/es\/wp-json\/wp\/v2\/product_tag?post=5731"}],"curies":[{"name":"wp","href":"https:\/\/api.w.org\/{rel}","templated":true}]}}