{"id":5689,"date":"2024-03-18T11:32:48","date_gmt":"2024-03-18T11:32:48","guid":{"rendered":"https:\/\/foxsec.eu\/es\/?post_type=product&#038;p=5689"},"modified":"2024-04-14T12:04:50","modified_gmt":"2024-04-14T12:04:50","slug":"fs908l","status":"publish","type":"product","link":"https:\/\/foxsec.eu\/es\/producto\/fs908l\/","title":{"rendered":"FS908L"},"content":{"rendered":"<p>FS908L es un m\u00f3dulo expansor de salidas de cerraduras del sistema de taquillas inteligentes FoxSec. Proporciona 8 entradas de cerraduras adicionales para el m\u00f3dulo de control principal FS9011. Este m\u00f3dulo expansor cuenta con 8 salidas PGM, 8 entradas de estado y todas las entradas\/salidas tienen indicadores LED de diagn\u00f3stico. Los m\u00f3dulos expansores de salidas de cerraduras se comunica con el m\u00f3dulo de control principal a trav\u00e9s de protocolo CANbus (longitud de l\u00ednea de datos de hasta 1500 metros).<\/p>\n<p>Nota. M\u00f3dulo de control principal FS9011 es necesario para la instalaci\u00f3n.<\/p>\n","protected":false},"excerpt":{"rendered":"<p>M\u00f3dulo expansor de salidas de cerraduras<\/p>\n<ul>\n<li>8 salidas PGM de cerraduras electr\u00f3nicas<\/li>\n<li>1 entrada\/salida CANbus<\/li>\n<li>Monitoreo en directo mediante FSConf<\/li>\n<li>Alimentaci\u00f3n 12 VCC 3A<\/li>\n<li>Gabinete de pl\u00e1stico<\/li>\n<li>Montaje en carril DIN<\/li>\n<\/ul>\n","protected":false},"featured_media":5692,"template":"","meta":[],"product_cat":[66],"product_tag":[],"_links":{"self":[{"href":"https:\/\/foxsec.eu\/es\/wp-json\/wp\/v2\/product\/5689"}],"collection":[{"href":"https:\/\/foxsec.eu\/es\/wp-json\/wp\/v2\/product"}],"about":[{"href":"https:\/\/foxsec.eu\/es\/wp-json\/wp\/v2\/types\/product"}],"wp:featuredmedia":[{"embeddable":true,"href":"https:\/\/foxsec.eu\/es\/wp-json\/wp\/v2\/media\/5692"}],"wp:attachment":[{"href":"https:\/\/foxsec.eu\/es\/wp-json\/wp\/v2\/media?parent=5689"}],"wp:term":[{"taxonomy":"product_cat","embeddable":true,"href":"https:\/\/foxsec.eu\/es\/wp-json\/wp\/v2\/product_cat?post=5689"},{"taxonomy":"product_tag","embeddable":true,"href":"https:\/\/foxsec.eu\/es\/wp-json\/wp\/v2\/product_tag?post=5689"}],"curies":[{"name":"wp","href":"https:\/\/api.w.org\/{rel}","templated":true}]}}