{"id":5677,"date":"2024-03-18T07:01:16","date_gmt":"2024-03-18T07:01:16","guid":{"rendered":"https:\/\/foxsec.eu\/es\/?post_type=product&#038;p=5677"},"modified":"2025-02-04T12:36:53","modified_gmt":"2025-02-04T09:36:53","slug":"foxsec-inplace","status":"publish","type":"product","link":"https:\/\/foxsec.eu\/es\/producto\/foxsec-inplace\/","title":{"rendered":"FoxSec InPlace"},"content":{"rendered":"<p>FoxSec InPlace es una aplicaci\u00f3n dise\u00f1ada para proporcionar una c\u00f3moda visi\u00f3n general de la presencia de empleados registrados en su departamento, oficina, edificio, territorio, etc. La presencia de personas se muestra en una pantalla desde el punto de entrada\/salida (puerta, torniquete, port\u00f3n, etc.) especificado por administrador de seguridad. Posibilidad de configurar notificaciones de alarma visual y sonora de la expiraci\u00f3n del tiempo permitido de presencia o que el empleado no ha llegado dentro del per\u00edodo especificado. La soluci\u00f3n es f\u00e1cil de instalar y la puesta en marcha es r\u00e1pida y sencilla.<\/p>\n","protected":false},"excerpt":{"rendered":"<p>Software de control de presencia<\/p>\n<ul>\n<li>Basado en MS SQL<\/li>\n<li>Capacidad de usuarios ilimitada<\/li>\n<li>Dise\u00f1o modular<\/li>\n<li>Interfaz web<\/li>\n<\/ul>\n","protected":false},"featured_media":5678,"template":"","meta":[],"product_cat":[65],"product_tag":[],"_links":{"self":[{"href":"https:\/\/foxsec.eu\/es\/wp-json\/wp\/v2\/product\/5677"}],"collection":[{"href":"https:\/\/foxsec.eu\/es\/wp-json\/wp\/v2\/product"}],"about":[{"href":"https:\/\/foxsec.eu\/es\/wp-json\/wp\/v2\/types\/product"}],"wp:featuredmedia":[{"embeddable":true,"href":"https:\/\/foxsec.eu\/es\/wp-json\/wp\/v2\/media\/5678"}],"wp:attachment":[{"href":"https:\/\/foxsec.eu\/es\/wp-json\/wp\/v2\/media?parent=5677"}],"wp:term":[{"taxonomy":"product_cat","embeddable":true,"href":"https:\/\/foxsec.eu\/es\/wp-json\/wp\/v2\/product_cat?post=5677"},{"taxonomy":"product_tag","embeddable":true,"href":"https:\/\/foxsec.eu\/es\/wp-json\/wp\/v2\/product_tag?post=5677"}],"curies":[{"name":"wp","href":"https:\/\/api.w.org\/{rel}","templated":true}]}}