{"id":5660,"date":"2024-03-17T17:13:55","date_gmt":"2024-03-17T17:13:55","guid":{"rendered":"https:\/\/foxsec.eu\/es\/?post_type=product&#038;p=5660"},"modified":"2025-02-13T11:52:39","modified_gmt":"2025-02-13T08:52:39","slug":"foxsec-web-vc","status":"publish","type":"product","link":"https:\/\/foxsec.eu\/es\/producto\/foxsec-web-vc\/","title":{"rendered":"FoxSec Web\/VC"},"content":{"rendered":"<p>FoxSec Web\/VC es un m\u00f3dulo de software que permite la integraci\u00f3n directa del sistema de alarma\/control de accesos FoxSec con grabadores NVR Dahua o Hikvision. La integraci\u00f3n permite al operador de seguridad utilizar la verificaci\u00f3n en video de eventos de acceso y otros eventos a medida que ocurren dentro del sistema de seguridad FoxSec. La interfaz CCTV est\u00e1 disponible en cualquier ordenador mediante un navegador web y proporciona a los operadores verificar pr\u00e1cticamente cualquier control de acceso u otro evento en un instante. Otras capacidades permiten asociar eventos de control de acceso con una c\u00e1mara en particular, lo que brinda a los operadores la capacidad de ubicar un evento hist\u00f3rico en el registro de eventos del sistema, hacer clic en \u00e9l y reproducir instant\u00e1neamente la grabaci\u00f3n de video asociado.<\/p>\n","protected":false},"excerpt":{"rendered":"<p>M\u00f3dulo de software de integraci\u00f3n CCTV<\/p>\n<ul>\n<li>Basado en MS SQL<\/li>\n<li>Integraci\u00f3n con grabadores NVR Dahua o Hikvison<\/li>\n<li>Dise\u00f1o modular<\/li>\n<li>Interfaz web<\/li>\n<\/ul>\n","protected":false},"featured_media":5654,"template":"","meta":[],"product_cat":[65],"product_tag":[],"_links":{"self":[{"href":"https:\/\/foxsec.eu\/es\/wp-json\/wp\/v2\/product\/5660"}],"collection":[{"href":"https:\/\/foxsec.eu\/es\/wp-json\/wp\/v2\/product"}],"about":[{"href":"https:\/\/foxsec.eu\/es\/wp-json\/wp\/v2\/types\/product"}],"wp:featuredmedia":[{"embeddable":true,"href":"https:\/\/foxsec.eu\/es\/wp-json\/wp\/v2\/media\/5654"}],"wp:attachment":[{"href":"https:\/\/foxsec.eu\/es\/wp-json\/wp\/v2\/media?parent=5660"}],"wp:term":[{"taxonomy":"product_cat","embeddable":true,"href":"https:\/\/foxsec.eu\/es\/wp-json\/wp\/v2\/product_cat?post=5660"},{"taxonomy":"product_tag","embeddable":true,"href":"https:\/\/foxsec.eu\/es\/wp-json\/wp\/v2\/product_tag?post=5660"}],"curies":[{"name":"wp","href":"https:\/\/api.w.org\/{rel}","templated":true}]}}