{"id":5659,"date":"2024-03-17T16:36:46","date_gmt":"2024-03-17T16:36:46","guid":{"rendered":"https:\/\/foxsec.eu\/es\/?post_type=product&#038;p=5659"},"modified":"2024-03-17T16:36:46","modified_gmt":"2024-03-17T16:36:46","slug":"foxsec-web-vis","status":"publish","type":"product","link":"https:\/\/foxsec.eu\/es\/producto\/foxsec-web-vis\/","title":{"rendered":"FoxSec Web\/Vis"},"content":{"rendered":"<p>El m\u00f3dulo FoxSec Web\/Vis es una soluci\u00f3n de software que facilita y automatiza el registro y control de visitantes en empresas o locales con gran flujo de visitantes, aumentando as\u00ed la seguridad de las instalaciones. Permite configuraci\u00f3n de derechos espec\u00edficos, posibilidad de definir diferentes perfiles de acceso a visitas con diferentes v\u00edas de acceso y asignando diferentes fechas, horarios y calendarios de validez, incluso por lector y tarjeta.<\/p>\n","protected":false},"excerpt":{"rendered":"<p>M\u00f3dulo de software de visitas<\/p>\n<ul>\n<li>Basado en MS SQL<\/li>\n<li>Capacidad de usuarios ilimitada<\/li>\n<li>Dise\u00f1o modular<\/li>\n<li>Interfaz web<\/li>\n<\/ul>\n","protected":false},"featured_media":5655,"template":"","meta":[],"product_cat":[65],"product_tag":[],"_links":{"self":[{"href":"https:\/\/foxsec.eu\/es\/wp-json\/wp\/v2\/product\/5659"}],"collection":[{"href":"https:\/\/foxsec.eu\/es\/wp-json\/wp\/v2\/product"}],"about":[{"href":"https:\/\/foxsec.eu\/es\/wp-json\/wp\/v2\/types\/product"}],"wp:featuredmedia":[{"embeddable":true,"href":"https:\/\/foxsec.eu\/es\/wp-json\/wp\/v2\/media\/5655"}],"wp:attachment":[{"href":"https:\/\/foxsec.eu\/es\/wp-json\/wp\/v2\/media?parent=5659"}],"wp:term":[{"taxonomy":"product_cat","embeddable":true,"href":"https:\/\/foxsec.eu\/es\/wp-json\/wp\/v2\/product_cat?post=5659"},{"taxonomy":"product_tag","embeddable":true,"href":"https:\/\/foxsec.eu\/es\/wp-json\/wp\/v2\/product_tag?post=5659"}],"curies":[{"name":"wp","href":"https:\/\/api.w.org\/{rel}","templated":true}]}}