{"id":5658,"date":"2024-03-17T16:27:43","date_gmt":"2024-03-17T16:27:43","guid":{"rendered":"https:\/\/foxsec.eu\/es\/?post_type=product&#038;p=5658"},"modified":"2025-02-13T11:53:47","modified_gmt":"2025-02-13T08:53:47","slug":"foxsec-web-m","status":"publish","type":"product","link":"https:\/\/foxsec.eu\/es\/producto\/foxsec-web-m\/","title":{"rendered":"FoxSec Web\/M"},"content":{"rendered":"<p>FoxSec Web\/M es un m\u00f3dulo de software dise\u00f1ado para visualizaci\u00f3n y control de puertas, zonas y \u00e1reas de alarma a trav\u00e9s de mapas esquem\u00e1ticos y planos de planta basados en vectores escalables, interactivos, ricos en gr\u00e1ficos y f\u00e1cilmente creables. Representaci\u00f3n gr\u00e1fica proporciona a los operadores un instrumento conveniente para control y gesti\u00f3n de las instalaciones.<\/p>\n<p>Posibilidad de integrar las c\u00e1maras CCTV para verificaci\u00f3n visual de eventos en un instante. De un vistazo, el responsable de seguridad tiene toda la informaci\u00f3n importante a su disposici\u00f3n: puntos de intrusi\u00f3n armados, estado de puertas, visualizaci\u00f3n de una transmisi\u00f3n en vivo o reproducci\u00f3n de im\u00e1genes grabadas de c\u00e1maras CCTV sin salir del mapa.<\/p>\n","protected":false},"excerpt":{"rendered":"<p>M\u00f3dulo de software de visualizaci\u00f3n gr\u00e1fica<\/p>\n<ul>\n<li>Basado en MS SQL<\/li>\n<li>Estructura simple<\/li>\n<li>F\u00e1cil de usar<\/li>\n<li>Filtro avanzado de eventos<\/li>\n<li>Dise\u00f1o modular<\/li>\n<li>Interfaz web<\/li>\n<\/ul>\n","protected":false},"featured_media":5966,"template":"","meta":[],"product_cat":[65],"product_tag":[],"_links":{"self":[{"href":"https:\/\/foxsec.eu\/es\/wp-json\/wp\/v2\/product\/5658"}],"collection":[{"href":"https:\/\/foxsec.eu\/es\/wp-json\/wp\/v2\/product"}],"about":[{"href":"https:\/\/foxsec.eu\/es\/wp-json\/wp\/v2\/types\/product"}],"wp:featuredmedia":[{"embeddable":true,"href":"https:\/\/foxsec.eu\/es\/wp-json\/wp\/v2\/media\/5966"}],"wp:attachment":[{"href":"https:\/\/foxsec.eu\/es\/wp-json\/wp\/v2\/media?parent=5658"}],"wp:term":[{"taxonomy":"product_cat","embeddable":true,"href":"https:\/\/foxsec.eu\/es\/wp-json\/wp\/v2\/product_cat?post=5658"},{"taxonomy":"product_tag","embeddable":true,"href":"https:\/\/foxsec.eu\/es\/wp-json\/wp\/v2\/product_tag?post=5658"}],"curies":[{"name":"wp","href":"https:\/\/api.w.org\/{rel}","templated":true}]}}