{"id":5614,"date":"2024-03-17T07:00:31","date_gmt":"2024-03-17T07:00:31","guid":{"rendered":"https:\/\/foxsec.eu\/es\/?post_type=product&#038;p=5614"},"modified":"2025-02-18T13:12:48","modified_gmt":"2025-02-18T10:12:48","slug":"fs6380-io-8","status":"publish","type":"product","link":"https:\/\/foxsec.eu\/es\/producto\/fs6380-io-8\/","title":{"rendered":"FS6380 IO\/8"},"content":{"rendered":"<p>La controladora de ascensor FS6380 IO\/8 est\u00e1 dise\u00f1ada para realizar el control de ascensor hasta 8 plantas. Se integra f\u00e1cilmente con el panel del ascensor y funciona sin conexi\u00f3n a Internet. Esta controladora proporciona un mayor nivel de seguridad en su edificio al garantizar que solo los usuarios con una tarjeta v\u00e1lida puedan acceder a los ascensores. Adem\u00e1s, es compatible con nuestro sistema de control de accesos (puertas, torniquetes, portones, etc.), permitiendo a los usuarios utilizar sus credenciales para acceder a los ascensores con la misma seguridad y comodidad a la que est\u00e1n acostumbrados.<\/p>\n","protected":false},"excerpt":{"rendered":"<ul>\n<li>Hasta 8 plantas<\/li>\n<li>1 entrada Wiegand<\/li>\n<li>Hasta 7.600 usuarios de credenciales<\/li>\n<li>\u00daltimos 2.000 eventos en la memoria de controladora<\/li>\n<li>Aislamiento \u00f3ptico de l\u00ednea de datos<\/li>\n<li>Fuente de alimentaci\u00f3n 12 VCC<\/li>\n<li>Caja met\u00e1lica<\/li>\n<\/ul>\n","protected":false},"featured_media":5615,"template":"","meta":[],"product_cat":[61],"product_tag":[],"_links":{"self":[{"href":"https:\/\/foxsec.eu\/es\/wp-json\/wp\/v2\/product\/5614"}],"collection":[{"href":"https:\/\/foxsec.eu\/es\/wp-json\/wp\/v2\/product"}],"about":[{"href":"https:\/\/foxsec.eu\/es\/wp-json\/wp\/v2\/types\/product"}],"wp:featuredmedia":[{"embeddable":true,"href":"https:\/\/foxsec.eu\/es\/wp-json\/wp\/v2\/media\/5615"}],"wp:attachment":[{"href":"https:\/\/foxsec.eu\/es\/wp-json\/wp\/v2\/media?parent=5614"}],"wp:term":[{"taxonomy":"product_cat","embeddable":true,"href":"https:\/\/foxsec.eu\/es\/wp-json\/wp\/v2\/product_cat?post=5614"},{"taxonomy":"product_tag","embeddable":true,"href":"https:\/\/foxsec.eu\/es\/wp-json\/wp\/v2\/product_tag?post=5614"}],"curies":[{"name":"wp","href":"https:\/\/api.w.org\/{rel}","templated":true}]}}