{"id":5610,"date":"2024-03-17T06:26:28","date_gmt":"2024-03-17T06:26:28","guid":{"rendered":"https:\/\/foxsec.eu\/es\/?post_type=product&#038;p=5610"},"modified":"2025-02-18T13:13:30","modified_gmt":"2025-02-18T10:13:30","slug":"fs8311","status":"publish","type":"product","link":"https:\/\/foxsec.eu\/es\/producto\/fs8311\/","title":{"rendered":"FS8311"},"content":{"rendered":"<p>La controladora de torniquete FS8311 est\u00e1 equipada con 2 entradas Wiegand para control de Entrada\/Salida de un torniquete. La controladora de torniquete FS8311 puede funcionar incluso en modo aut\u00f3nomo, en caso de que la conexi\u00f3n al servidor est\u00e9 fuera de l\u00ednea, todas las decisiones se procesan sin depender del servidor del sistema.<\/p>\n","protected":false},"excerpt":{"rendered":"<ul>\n<li>Entrada \/ Salida<\/li>\n<li>2 entradas Wiegand<\/li>\n<li>Hasta 7.600 usuarios de credenciales<\/li>\n<li>\u00daltimos 2.000 eventos en la memoria de controladora<\/li>\n<li>Funci\u00f3n Anti-passback<\/li>\n<li>2 salidas de rel\u00e9 adicionales programables<\/li>\n<li>Aislamiento \u00f3ptico de l\u00ednea de datos<\/li>\n<li>Control de bater\u00eda inteligente<\/li>\n<li>Fuente de alimentaci\u00f3n 12 VCC<\/li>\n<li>Caja met\u00e1lica<\/li>\n<\/ul>\n","protected":false},"featured_media":5611,"template":"","meta":[],"product_cat":[60],"product_tag":[],"_links":{"self":[{"href":"https:\/\/foxsec.eu\/es\/wp-json\/wp\/v2\/product\/5610"}],"collection":[{"href":"https:\/\/foxsec.eu\/es\/wp-json\/wp\/v2\/product"}],"about":[{"href":"https:\/\/foxsec.eu\/es\/wp-json\/wp\/v2\/types\/product"}],"wp:featuredmedia":[{"embeddable":true,"href":"https:\/\/foxsec.eu\/es\/wp-json\/wp\/v2\/media\/5611"}],"wp:attachment":[{"href":"https:\/\/foxsec.eu\/es\/wp-json\/wp\/v2\/media?parent=5610"}],"wp:term":[{"taxonomy":"product_cat","embeddable":true,"href":"https:\/\/foxsec.eu\/es\/wp-json\/wp\/v2\/product_cat?post=5610"},{"taxonomy":"product_tag","embeddable":true,"href":"https:\/\/foxsec.eu\/es\/wp-json\/wp\/v2\/product_tag?post=5610"}],"curies":[{"name":"wp","href":"https:\/\/api.w.org\/{rel}","templated":true}]}}