{"id":5606,"date":"2024-03-17T06:23:25","date_gmt":"2024-03-17T06:23:25","guid":{"rendered":"https:\/\/foxsec.eu\/es\/?post_type=product&#038;p=5606"},"modified":"2025-02-18T13:19:34","modified_gmt":"2025-02-18T10:19:34","slug":"fs8302","status":"publish","type":"product","link":"https:\/\/foxsec.eu\/es\/producto\/fs8302\/","title":{"rendered":"FS8302"},"content":{"rendered":"<p>La controladora de puertas FS8302 est\u00e1 equipada con conexiones para 2 puertas y 4 lectores de tarjetas con salidas Wiegand (RS485 opcional), 2 salidas de rel\u00e9 adicionales programables y fuente de alimentaci\u00f3n para cerraduras el\u00e9ctricas incorporada. La controladora de puertas FS8302 puede funcionar incluso en modo aut\u00f3nomo, en caso de que la conexi\u00f3n al servidor est\u00e9 fuera de l\u00ednea, todas las decisiones se procesan sin depender del servidor del sistema.<\/p>\n","protected":false},"excerpt":{"rendered":"<ul>\n<li>2 puertas \/ hasta 4 lectores<\/li>\n<li>4 entradas Wiegand (OSDP\/RS485 opcional)<\/li>\n<li>Hasta 7.600 usuarios de credenciales<\/li>\n<li>\u00daltimos 2.000 eventos en la memoria interna<\/li>\n<li>2 salidas de rel\u00e9 adicionales programables<\/li>\n<li>2 salidas de cerraduras el\u00e9ctricas 12 VCC (24 VCC opcional)<\/li>\n<li>Aislamiento \u00f3ptico de l\u00ednea de datos<\/li>\n<li>Control de bater\u00eda inteligente<\/li>\n<li>Fuente de alimentaci\u00f3n 12 VCC<\/li>\n<\/ul>\n","protected":false},"featured_media":5607,"template":"","meta":[],"product_cat":[59],"product_tag":[],"_links":{"self":[{"href":"https:\/\/foxsec.eu\/es\/wp-json\/wp\/v2\/product\/5606"}],"collection":[{"href":"https:\/\/foxsec.eu\/es\/wp-json\/wp\/v2\/product"}],"about":[{"href":"https:\/\/foxsec.eu\/es\/wp-json\/wp\/v2\/types\/product"}],"wp:featuredmedia":[{"embeddable":true,"href":"https:\/\/foxsec.eu\/es\/wp-json\/wp\/v2\/media\/5607"}],"wp:attachment":[{"href":"https:\/\/foxsec.eu\/es\/wp-json\/wp\/v2\/media?parent=5606"}],"wp:term":[{"taxonomy":"product_cat","embeddable":true,"href":"https:\/\/foxsec.eu\/es\/wp-json\/wp\/v2\/product_cat?post=5606"},{"taxonomy":"product_tag","embeddable":true,"href":"https:\/\/foxsec.eu\/es\/wp-json\/wp\/v2\/product_tag?post=5606"}],"curies":[{"name":"wp","href":"https:\/\/api.w.org\/{rel}","templated":true}]}}