{"id":5531,"date":"2024-03-16T14:15:33","date_gmt":"2024-03-16T14:15:33","guid":{"rendered":"https:\/\/foxsec.eu\/es\/?post_type=product&#038;p=5531"},"modified":"2025-02-26T10:40:34","modified_gmt":"2025-02-26T07:40:34","slug":"adp2-usb","status":"publish","type":"product","link":"https:\/\/foxsec.eu\/es\/producto\/adp2-usb\/","title":{"rendered":"ADP2 USB"},"content":{"rendered":"<p>El ADP2 USB es un m\u00f3dulo de comunicaci\u00f3n que permite la conexi\u00f3n de las controladoras de accesos FoxSec a una red inform\u00e1tica mediante interfaz RS485. El ADP2 USB se puede conectar hasta 31 controladoras de accesos FoxSec.<\/p>\n","protected":false},"excerpt":{"rendered":"<p>M\u00f3dulo de comunicaci\u00f3n<\/p>\n<ul>\n<li>Hasta 31 controladoras de puertas<\/li>\n<li>RS485 comunicaci\u00f3n<\/li>\n<li>Alimentaci\u00f3n a trav\u00e9s de USB (5 VCC 100 mA)<\/li>\n<\/ul>\n","protected":false},"featured_media":5532,"template":"","meta":[],"product_cat":[56],"product_tag":[],"_links":{"self":[{"href":"https:\/\/foxsec.eu\/es\/wp-json\/wp\/v2\/product\/5531"}],"collection":[{"href":"https:\/\/foxsec.eu\/es\/wp-json\/wp\/v2\/product"}],"about":[{"href":"https:\/\/foxsec.eu\/es\/wp-json\/wp\/v2\/types\/product"}],"wp:featuredmedia":[{"embeddable":true,"href":"https:\/\/foxsec.eu\/es\/wp-json\/wp\/v2\/media\/5532"}],"wp:attachment":[{"href":"https:\/\/foxsec.eu\/es\/wp-json\/wp\/v2\/media?parent=5531"}],"wp:term":[{"taxonomy":"product_cat","embeddable":true,"href":"https:\/\/foxsec.eu\/es\/wp-json\/wp\/v2\/product_cat?post=5531"},{"taxonomy":"product_tag","embeddable":true,"href":"https:\/\/foxsec.eu\/es\/wp-json\/wp\/v2\/product_tag?post=5531"}],"curies":[{"name":"wp","href":"https:\/\/api.w.org\/{rel}","templated":true}]}}