{"id":5529,"date":"2024-03-16T14:06:37","date_gmt":"2024-03-16T14:06:37","guid":{"rendered":"https:\/\/foxsec.eu\/es\/?post_type=product&#038;p=5529"},"modified":"2024-04-10T10:09:07","modified_gmt":"2024-04-10T10:09:07","slug":"adp4","status":"publish","type":"product","link":"https:\/\/foxsec.eu\/es\/producto\/adp4\/","title":{"rendered":"ADP4"},"content":{"rendered":"<p>ADP4 es un m\u00f3dulo de comunicaci\u00f3n LAN que permite la conexi\u00f3n de las controladoras de accesos FoxSec a una red inform\u00e1tica mediante RS485\/Ethernet. ADP4 se puede conectar hasta 31 controladoras de accesos.<\/p>\n","protected":false},"excerpt":{"rendered":"<p>LAN m\u00f3dulo de comunicaci\u00f3n<\/p>\n<ul>\n<li>Hasta 31 controladoras de accesos<\/li>\n<li>Protecci\u00f3n contra sobretensi\u00f3n<\/li>\n<li>Alimentaci\u00f3n 12 VCC (PoE opcional)<\/li>\n<\/ul>\n","protected":false},"featured_media":5530,"template":"","meta":[],"product_cat":[56],"product_tag":[],"_links":{"self":[{"href":"https:\/\/foxsec.eu\/es\/wp-json\/wp\/v2\/product\/5529"}],"collection":[{"href":"https:\/\/foxsec.eu\/es\/wp-json\/wp\/v2\/product"}],"about":[{"href":"https:\/\/foxsec.eu\/es\/wp-json\/wp\/v2\/types\/product"}],"wp:featuredmedia":[{"embeddable":true,"href":"https:\/\/foxsec.eu\/es\/wp-json\/wp\/v2\/media\/5530"}],"wp:attachment":[{"href":"https:\/\/foxsec.eu\/es\/wp-json\/wp\/v2\/media?parent=5529"}],"wp:term":[{"taxonomy":"product_cat","embeddable":true,"href":"https:\/\/foxsec.eu\/es\/wp-json\/wp\/v2\/product_cat?post=5529"},{"taxonomy":"product_tag","embeddable":true,"href":"https:\/\/foxsec.eu\/es\/wp-json\/wp\/v2\/product_tag?post=5529"}],"curies":[{"name":"wp","href":"https:\/\/api.w.org\/{rel}","templated":true}]}}