{"id":5492,"date":"2024-03-16T09:40:44","date_gmt":"2024-03-16T09:40:44","guid":{"rendered":"https:\/\/foxsec.eu\/es\/?post_type=product&#038;p=5492"},"modified":"2025-03-27T12:47:44","modified_gmt":"2025-03-27T09:47:44","slug":"fs9316-g-2-opt","status":"publish","type":"product","link":"https:\/\/foxsec.eu\/es\/producto\/fs9316-g-2-opt\/","title":{"rendered":"FS9316 G\/2 OPT"},"content":{"rendered":"<p>FoxSec FS9316 G\/2 OPT es un m\u00f3dulo expansor de 16 zonas destinado a proporcionar una expansi\u00f3n de zonas cableadas para central de alarma FS9002 G. Los m\u00f3dulos expansores se comunica con la central de alarma a trav\u00e9s de protocolo CANbus. El m\u00f3dulo expansor de zona FS9316 G\/2 OPT tiene 16 entradas de zona supervisadas y 2 salidas de rel\u00e9, cada entrada monitorea e informa los estados. 2 puertos de fibra \u00f3ptica integrados para una expansi\u00f3n en las redes de fibra \u00f3ptica. FS9316 G\/2 OPT cuenta con prueba de capacidad de la bater\u00eda y protecci\u00f3n contra polaridad inversa de la bater\u00eda. Indicadores LED integrados para varios estados de los sistemas, entrada separada para sensor de temperatura y terminales enchufables para facilitar la instalaci\u00f3n.<\/p>\n","protected":false},"excerpt":{"rendered":"<ul>\n<li>16 entradas de zona cableadas<\/li>\n<li>2 salidas de rel\u00e9 programables<\/li>\n<li>L\u00ednea de datos de fibra \u00f3ptica incorporada (longitud de hasta 20 km)<\/li>\n<li>Prueba de capacidad de la bater\u00eda y polaridad inversa<\/li>\n<li>Fuente de alimentaci\u00f3n 12VDC, 0.5A<\/li>\n<li>Caja met\u00e1lica<\/li>\n<li>Certificado EN-50131 Grado 3<\/li>\n<\/ul>\n","protected":false},"featured_media":5488,"template":"","meta":[],"product_cat":[51],"product_tag":[],"_links":{"self":[{"href":"https:\/\/foxsec.eu\/es\/wp-json\/wp\/v2\/product\/5492"}],"collection":[{"href":"https:\/\/foxsec.eu\/es\/wp-json\/wp\/v2\/product"}],"about":[{"href":"https:\/\/foxsec.eu\/es\/wp-json\/wp\/v2\/types\/product"}],"wp:featuredmedia":[{"embeddable":true,"href":"https:\/\/foxsec.eu\/es\/wp-json\/wp\/v2\/media\/5488"}],"wp:attachment":[{"href":"https:\/\/foxsec.eu\/es\/wp-json\/wp\/v2\/media?parent=5492"}],"wp:term":[{"taxonomy":"product_cat","embeddable":true,"href":"https:\/\/foxsec.eu\/es\/wp-json\/wp\/v2\/product_cat?post=5492"},{"taxonomy":"product_tag","embeddable":true,"href":"https:\/\/foxsec.eu\/es\/wp-json\/wp\/v2\/product_tag?post=5492"}],"curies":[{"name":"wp","href":"https:\/\/api.w.org\/{rel}","templated":true}]}}