{"id":5465,"date":"2024-03-15T15:06:51","date_gmt":"2024-03-15T15:06:51","guid":{"rendered":"https:\/\/foxsec.eu\/es\/?post_type=product&#038;p=5465"},"modified":"2024-04-10T10:13:37","modified_gmt":"2024-04-10T10:13:37","slug":"fs9511bl","status":"publish","type":"product","link":"https:\/\/foxsec.eu\/es\/producto\/fs9511bl\/","title":{"rendered":"FS9511 BL"},"content":{"rendered":"<p>Un teclado de alarma FoxSec presenta un dise\u00f1o moderno y elegante con una pantalla OLED clara y f\u00e1cil de leer. Los usuarios pueden utilizar el teclado para realizar operaciones t\u00edpicas del sistema de alarma, esto incluye armar y desarmar el sistema de seguridad, ver registro de eventos, anular las zonas de acuerdo con los derechos otorgados etc. Los PIN de usuario tambi\u00e9n se pueden cambiar directamente desde el teclado.<\/p>\n","protected":false},"excerpt":{"rendered":"<ul>\n<li>Teclado OLED de 2 x 20 caracteres con retroiluminaci\u00f3n<\/li>\n<li>Interfaz r\u00e1pida y amigable<\/li>\n<li>Lector de proximidad incorporado (opcional)<\/li>\n<li>Botones de silicona<\/li>\n<li>Temperatura de funcionamiento 0 \u2013+ 40\u00baC (sin humedad)<\/li>\n<li>IP55<\/li>\n<li>Acabado en negro<\/li>\n<li>Certificado EN-50131 Grado 3<\/li>\n<\/ul>\n","protected":false},"featured_media":5484,"template":"","meta":[],"product_cat":[50],"product_tag":[],"_links":{"self":[{"href":"https:\/\/foxsec.eu\/es\/wp-json\/wp\/v2\/product\/5465"}],"collection":[{"href":"https:\/\/foxsec.eu\/es\/wp-json\/wp\/v2\/product"}],"about":[{"href":"https:\/\/foxsec.eu\/es\/wp-json\/wp\/v2\/types\/product"}],"wp:featuredmedia":[{"embeddable":true,"href":"https:\/\/foxsec.eu\/es\/wp-json\/wp\/v2\/media\/5484"}],"wp:attachment":[{"href":"https:\/\/foxsec.eu\/es\/wp-json\/wp\/v2\/media?parent=5465"}],"wp:term":[{"taxonomy":"product_cat","embeddable":true,"href":"https:\/\/foxsec.eu\/es\/wp-json\/wp\/v2\/product_cat?post=5465"},{"taxonomy":"product_tag","embeddable":true,"href":"https:\/\/foxsec.eu\/es\/wp-json\/wp\/v2\/product_tag?post=5465"}],"curies":[{"name":"wp","href":"https:\/\/api.w.org\/{rel}","templated":true}]}}