{"id":6540,"date":"2024-03-30T13:30:34","date_gmt":"2024-03-30T13:30:34","guid":{"rendered":"https:\/\/foxsec.eu\/es\/?page_id=6540"},"modified":"2024-04-15T10:44:58","modified_gmt":"2024-04-15T10:44:58","slug":"politica-de-calidad","status":"publish","type":"page","link":"https:\/\/foxsec.eu\/es\/politica-de-calidad\/","title":{"rendered":"Pol\u00edtica de calidad"},"content":{"rendered":"<div class=\"gb-container gb-container-58ba5c82\">\n\n<h2 class=\"wp-block-heading\"><strong class=\"privacy-policy-tutorial\">Pol\u00edtica de Calidad y Sostenibilidad Ambiental<\/strong><\/h2>\n\n\n\n<p>La direcci\u00f3n general de HARDMEIER O\u00dc es consciente de las obligaciones que asume frente a sus clientes, empleados y la sociedad (grupos de inter\u00e9s), fijando como objetivo com\u00fan la implantaci\u00f3n y mantenimiento de un sistema de gesti\u00f3n basado en la mejora continua y la satisfacci\u00f3n del cliente en el desarrollo de sus actividades. Dise\u00f1o, desarrollo, producci\u00f3n, comercializaci\u00f3n y servicio postventa de sistemas de seguridad electr\u00f3nicos y control de accesos, aplicando principios de econom\u00eda circular.<\/p>\n\n\n\n<p>L\u00edneas prioritarias de actuaci\u00f3n:<\/p>\n\n\n\n<ul>\n<li>Identificar, analizar riesgos y priorizar las necesidades y expectativas de los grupos de inter\u00e9s de HARDMEIER O\u00dc, contextos internos y externos, utilizando el Sistema de Gesti\u00f3n de la Calidad como m\u00e9todo para conseguirlo.<\/li>\n\n\n\n<li>Asegurar que est\u00e9n disponibles los recursos humanos, habilidades especializadas, infraestructura y recursos financieros y tecnol\u00f3gicos necesarios para alcanzar los niveles esperados de seguridad, calidad, sostenibilidad ambiental y productividad.<\/li>\n\n\n\n<li>Comunicar la importancia de una gesti\u00f3n de la calidad eficaz de acuerdo con los requisitos del sistema de gesti\u00f3n de la calidad.<\/li>\n\n\n\n<li>Mejora continua de procesos y actividades, aplicaci\u00f3n continua de pol\u00edticas de optimizaci\u00f3n, reducci\u00f3n de costes y econom\u00eda circular.<\/li>\n\n\n\n<li>Determinar los aspectos ambientales de las actividades de la organizaci\u00f3n y las obligaciones ambientales.<\/li>\n\n\n\n<li>Planificaci\u00f3n y control en todas las etapas del proceso, desde el concepto de dise\u00f1o hasta el aseguramiento operativo, integrando conceptos de econom\u00eda circular en cada etapa, asegurando la conciencia de la sostenibilidad ambiental.<\/li>\n\n\n\n<li>Fomentar la participaci\u00f3n y versatilidad de los empleados en grupos de trabajo con objetivos de mejora espec\u00edficos para incrementar su satisfacci\u00f3n personal en beneficio propio y de la empresa, generando conocimiento colectivo en la organizaci\u00f3n.<\/li>\n\n\n\n<li>Compromiso de cumplir con las leyes y regulaciones aplicables y otros requisitos a los que se adhiere la organizaci\u00f3n.<\/li>\n<\/ul>\n\n\n\n<p>La direcci\u00f3n de HARDMEIER O\u00dc est\u00e1 plenamente comprometida con esta pol\u00edtica y la pone a disposici\u00f3n del p\u00fablico para su conocimiento y aplicaci\u00f3n.<\/p>\n\n<\/div>\n\n<div class=\"gb-container gb-container-5ff575ba\"><\/div>","protected":false},"excerpt":{"rendered":"<p>Pol\u00edtica de Calidad y Sostenibilidad Ambiental La direcci\u00f3n general de HARDMEIER O\u00dc es consciente de las obligaciones que asume frente a sus clientes, empleados y la sociedad (grupos de inter\u00e9s), fijando como objetivo com\u00fan la implantaci\u00f3n y mantenimiento de un sistema de gesti\u00f3n basado en la mejora continua y la satisfacci\u00f3n del cliente en el &#8230; <a title=\"Pol\u00edtica de calidad\" class=\"read-more\" href=\"https:\/\/foxsec.eu\/es\/politica-de-calidad\/\" aria-label=\"Leer m\u00e1s sobre Pol\u00edtica de calidad\">Leer m\u00e1s<\/a><\/p>\n","protected":false},"author":1,"featured_media":6884,"parent":0,"menu_order":0,"comment_status":"closed","ping_status":"closed","template":"","meta":{"footnotes":""},"_links":{"self":[{"href":"https:\/\/foxsec.eu\/es\/wp-json\/wp\/v2\/pages\/6540"}],"collection":[{"href":"https:\/\/foxsec.eu\/es\/wp-json\/wp\/v2\/pages"}],"about":[{"href":"https:\/\/foxsec.eu\/es\/wp-json\/wp\/v2\/types\/page"}],"author":[{"embeddable":true,"href":"https:\/\/foxsec.eu\/es\/wp-json\/wp\/v2\/users\/1"}],"replies":[{"embeddable":true,"href":"https:\/\/foxsec.eu\/es\/wp-json\/wp\/v2\/comments?post=6540"}],"version-history":[{"count":4,"href":"https:\/\/foxsec.eu\/es\/wp-json\/wp\/v2\/pages\/6540\/revisions"}],"predecessor-version":[{"id":7354,"href":"https:\/\/foxsec.eu\/es\/wp-json\/wp\/v2\/pages\/6540\/revisions\/7354"}],"wp:featuredmedia":[{"embeddable":true,"href":"https:\/\/foxsec.eu\/es\/wp-json\/wp\/v2\/media\/6884"}],"wp:attachment":[{"href":"https:\/\/foxsec.eu\/es\/wp-json\/wp\/v2\/media?parent=6540"}],"curies":[{"name":"wp","href":"https:\/\/api.w.org\/{rel}","templated":true}]}}