{"id":6534,"date":"2024-03-30T10:48:07","date_gmt":"2024-03-30T10:48:07","guid":{"rendered":"https:\/\/foxsec.eu\/es\/?page_id=6534"},"modified":"2024-04-15T10:43:38","modified_gmt":"2024-04-15T10:43:38","slug":"formaciones","status":"publish","type":"page","link":"https:\/\/foxsec.eu\/es\/formaciones\/","title":{"rendered":"Formaciones"},"content":{"rendered":"<div class=\"gb-container gb-container-5ff575ba\">\n<div class=\"gb-container gb-container-58ba5c82\">\n\n<h2 class=\"wp-block-heading has-text-align-left\"><strong class=\"privacy-policy-tutorial\">Cursos de formaci\u00f3n online<\/strong><\/h2>\n\n\n\n<p class=\"has-text-align-left\">Proporcionamos desarrollo profesional al personal de la empresa involucrado en la instalaci\u00f3n t\u00e9cnica, configuraci\u00f3n y mantenimiento de sistemas de alarma de intrusi\u00f3n y\/o control de accesos, as\u00ed como en la venta comercial de productos y soluciones. Con estos cursos, la empresa cuyo empleado haya recibido un certificado puede convertirse en socio autorizado de FoxSec con todos los beneficios de dicha alianza.<\/p>\n\n\n\n<h4 class=\"wp-block-heading has-text-align-left\">Formaciones t\u00e9cnicas<\/h4>\n\n\n\n<p class=\"has-text-align-left\">Esta formaci\u00f3n ayudar\u00e1 a aprender los conceptos b\u00e1sicos de instalaci\u00f3n, configuraci\u00f3n y programaci\u00f3n del sistema de alarma\/control de accesos de FoxSec. Al finalizar y superar con \u00e9xito un test, empleado recibir\u00e1 un certificado que confirma sus logros. La certificaci\u00f3n es una base importante para brindar un servicio de calidad a sus clientes, creando el valor que esperan y tambi\u00e9n puede ser necesaria para participar en ciertos proyectos. La formaci\u00f3n t\u00e9cnica ser\u00e1 de gran utilidad para instaladores, programadores, ingenieros de ventas y t\u00e9cnicos.<\/p>\n\n\n\n<h4 class=\"wp-block-heading has-text-align-left\">Capacitaci\u00f3n en ventas<\/h4>\n\n\n\n<p class=\"has-text-align-left\">Este curso de formaci\u00f3n en ventas est\u00e1 destinado para empleados quienes no necesitan instrucciones detalladas sobre configuraci\u00f3n e instalaci\u00f3n del sistema de alarma\/control de accesos de FoxSec, pero requieren habilidades de venta y comunicaci\u00f3n efectivas. Este curso de capacitaci\u00f3n se centra en principios fundamentales, ventajas y la usabilidad de sistemas, tambi\u00e9n cubre las t\u00e1cticas y argumentos de venta que ayudar\u00e1n aprender a ofrecer nuestras soluciones de manera m\u00e1s efectiva. Estas capacitaciones ser\u00e1n de gran valor para los empleados involucrados en venta e ingenier\u00eda, as\u00ed como para cualquier empleado que desea aumentar su conocimiento.<\/p>\n\n\n<div class=\"gb-container gb-container-9bf944cc\">\n<div class=\"gb-container gb-container-dec1ac82\">\n\n<h4 class=\"gb-headline gb-headline-aaa57645 gb-headline-text solicitar\"><a href=\"https:\/\/foxsec.eu\/es\/empresa\/contacto\/\">Solicitar formaci\u00f3n<\/a><\/h4>\n\n<\/div>\n<\/div>\n<\/div>\n<\/div>","protected":false},"excerpt":{"rendered":"<p>Cursos de formaci\u00f3n online Proporcionamos desarrollo profesional al personal de la empresa involucrado en la instalaci\u00f3n t\u00e9cnica, configuraci\u00f3n y mantenimiento de sistemas de alarma de intrusi\u00f3n y\/o control de accesos, as\u00ed como en la venta comercial de productos y soluciones. Con estos cursos, la empresa cuyo empleado haya recibido un certificado puede convertirse en socio &#8230; <a title=\"Formaciones\" class=\"read-more\" href=\"https:\/\/foxsec.eu\/es\/formaciones\/\" aria-label=\"Leer m\u00e1s sobre Formaciones\">Leer m\u00e1s<\/a><\/p>\n","protected":false},"author":1,"featured_media":7119,"parent":0,"menu_order":0,"comment_status":"closed","ping_status":"closed","template":"","meta":{"footnotes":""},"_links":{"self":[{"href":"https:\/\/foxsec.eu\/es\/wp-json\/wp\/v2\/pages\/6534"}],"collection":[{"href":"https:\/\/foxsec.eu\/es\/wp-json\/wp\/v2\/pages"}],"about":[{"href":"https:\/\/foxsec.eu\/es\/wp-json\/wp\/v2\/types\/page"}],"author":[{"embeddable":true,"href":"https:\/\/foxsec.eu\/es\/wp-json\/wp\/v2\/users\/1"}],"replies":[{"embeddable":true,"href":"https:\/\/foxsec.eu\/es\/wp-json\/wp\/v2\/comments?post=6534"}],"version-history":[{"count":48,"href":"https:\/\/foxsec.eu\/es\/wp-json\/wp\/v2\/pages\/6534\/revisions"}],"predecessor-version":[{"id":7353,"href":"https:\/\/foxsec.eu\/es\/wp-json\/wp\/v2\/pages\/6534\/revisions\/7353"}],"wp:featuredmedia":[{"embeddable":true,"href":"https:\/\/foxsec.eu\/es\/wp-json\/wp\/v2\/media\/7119"}],"wp:attachment":[{"href":"https:\/\/foxsec.eu\/es\/wp-json\/wp\/v2\/media?parent=6534"}],"curies":[{"name":"wp","href":"https:\/\/api.w.org\/{rel}","templated":true}]}}