{"id":6530,"date":"2024-03-30T10:44:40","date_gmt":"2024-03-30T10:44:40","guid":{"rendered":"https:\/\/foxsec.eu\/es\/?page_id=6530"},"modified":"2024-04-19T12:10:33","modified_gmt":"2024-04-19T12:10:33","slug":"negocios-con-foxsec","status":"publish","type":"page","link":"https:\/\/foxsec.eu\/es\/negocios-con-foxsec\/","title":{"rendered":"Negocios con FoxSec"},"content":{"rendered":"<div class=\"gb-container gb-container-5ff575ba\">\n<div class=\"gb-container gb-container-58ba5c82\">\n\n<p class=\"has-text-align-center\">Haga crecer su negocio y acelere su \u00e9xito uni\u00e9ndose al fabricante de sistemas electr\u00f3nicos de seguridad de alta tecnolog\u00eda. Ya sea que distribuye productos, proporcione soluciones o servicios, FoxSec lo apoyar\u00e1 en cada paso del camino para generar ingresos.<\/p>\n\n<\/div>\n<\/div>\n\n<div class=\"gb-container gb-container-d11f4bed alignfull\">\n\n<h2 class=\"gb-headline gb-headline-0f3d5f15 gb-headline-text\"><strong class=\"privacy-policy-tutorial\">\u00bfPor qu\u00e9 cooperar con FoxSec?<\/strong><\/h2>\n\n\n<section class=\"gb-container gb-container-10d1e751 alignfull\">\n<div class=\"gb-container gb-container-e52dabed alignfull\">\n<div class=\"gb-grid-wrapper gb-grid-wrapper-4d58002b\">\n<div class=\"gb-grid-column gb-grid-column-0b3e64f8\"><div class=\"gb-container gb-container-0b3e64f8\">\n\n<h3 class=\"gb-headline gb-headline-67ce9894\"><span class=\"gb-icon\"><svg xmlns=\"http:\/\/www.w3.org\/2000\/svg\" width=\"512\" viewBox=\"0 0 24 24\" height=\"512\"><g data-name=\"remote working\" id=\"remote_working\"><path d=\"m21.73 14.32a10.14 10.14 0 0 0 .27-2.32 10 10 0 1 0 -10 10 9.87 9.87 0 0 0 2.31-.28 1 1 0 0 0 .69.28h6a1 1 0 0 0 1-1v-6a1 1 0 0 0 -.27-.68zm-11.41 1.68c.54 0 1.1.05 1.68.05s1.15 0 1.68-.05c-.47 2.62-1.32 4-1.68 4s-1.21-1.39-1.68-4zm-6.32-4c0-.24 1-1.17 4.05-1.68-.05.56-.05 1.12-.05 1.68s0 1.12.05 1.68c-3-.51-4.05-1.44-4.05-1.68zm8-8c.36 0 1.21 1.39 1.68 4.06a26.91 26.91 0 0 0 -3.36 0c.47-2.67 1.32-4.06 1.68-4.06zm-2 8c0-.68 0-1.32.07-1.92a27.63 27.63 0 0 1 3.86 0c0 .6.07 1.24.07 1.92s0 1.32-.07 1.92a27.63 27.63 0 0 1 -3.86 0c-.07-.6-.07-1.24-.07-1.92zm6 1.15c0-.38 0-.77 0-1.15 0-.56 0-1.12-.05-1.68 2.95.5 4 1.4 4.05 1.66 0 .09-.2.34-.73.65l-.72-.48a1 1 0 0 0 -1.1 0zm3.5-3.91a14.72 14.72 0 0 0 -3.76-1 14.8 14.8 0 0 0 -1-3.77 8 8 0 0 1 4.76 4.77zm-10.26-4.74a14.8 14.8 0 0 0 -1 3.77 14.72 14.72 0 0 0 -3.76 1 8 8 0 0 1 4.76-4.77zm-4.74 10.26a14.72 14.72 0 0 0 3.76 1 14.8 14.8 0 0 0 1 3.77 8 8 0 0 1 -4.76-4.77zm15.5 5.24h-4v-4.46l2-1.34 2 1.34z\"><\/path><\/g><\/svg><\/span><span class=\"gb-headline-text\">Una empresa europea<\/span><\/h3>\n\n<\/div><\/div>\n\n<div class=\"gb-grid-column gb-grid-column-f245cf50\"><div class=\"gb-container gb-container-f245cf50\">\n\n<h3 class=\"gb-headline gb-headline-3cb2892f\"><span class=\"gb-icon\"><svg xmlns=\"http:\/\/www.w3.org\/2000\/svg\" viewBox=\"0 0 512 512\" id=\"Layer_2_00000138545465553374582270000015723392901305230231_\"><g id=\"Icon\"><g id=\"_88\"><path d=\"m486 277.4h-.6c-6.3 0-12.4-2.3-17.2-6.5l-212.5-187.4-212.5 187.4c-4.7 4.2-10.8 6.5-17.2 6.5-23.7 0-35-29.2-17.4-45.2l229.7-208c9.9-8.9 24.9-8.9 34.8 0l230.3 208.1c17.6 15.9 6.4 45.1-17.4 45.1zm-230.3-175.2 196.4 173.2v191c0 15.5-12.6 28.1-28.1 28.1h-336.7c-15.5 0-28.1-12.6-28.1-28.1v-191zm0 98.3c-69.8 0-126.3 56.5-126.3 126.3s56.6 126.3 126.3 126.3 126.3-56.5 126.3-126.3-56.5-126.3-126.3-126.3zm-17.5 52.7v105l-17.3-17.3c-6.9-6.9-18-6.9-24.8 0-6.9 6.8-6.9 18 0 24.8l47.3 47.3c3.2 3.2 7.6 5.1 12.4 5.1s9.2-2 12.4-5.1l47.3-47.3c6.9-6.9 6.9-18 0-24.8-6.9-6.9-18-6.9-24.8 0l-17.3 17.3v-105c0-9.7-7.9-17.5-17.5-17.5s-17.8 7.8-17.7 17.5z\"><\/path><\/g><\/g><\/svg><\/span><span class=\"gb-headline-text\">I&amp;D interno<\/span><\/h3>\n\n<\/div><\/div>\n\n<div class=\"gb-grid-column gb-grid-column-6d8b955c\"><div class=\"gb-container gb-container-6d8b955c\">\n\n<h3 class=\"gb-headline gb-headline-ae919232\"><span class=\"gb-icon\"><svg xmlns=\"http:\/\/www.w3.org\/2000\/svg\" width=\"512\" viewBox=\"0 0 32 32\" stroke-miterlimit=\"2\" stroke-linejoin=\"round\" height=\"512\" fill-rule=\"evenodd\" clip-rule=\"evenodd\"><path d=\"m30.754 7.839v-2.489c0-1.518-1.232-2.75-2.75-2.75-3.115 0-9.081 0-12.132 0-.703 0-1.377.28-1.874.776-.496.497-.776 1.171-.776 1.874v2.589c0 .415.336.75.75.75h16.032c.414 0 .75-.335.75-.75z\"><\/path><path d=\"m14.722 4.982c0-.414-.335-.75-.75-.75h-4.733c-.719 0-1.409.286-1.917.794-.509.509-.794 1.198-.794 1.917v.885s.75.761.75.761h6.694c.415 0 .75-.335.75-.75zm-6.694 2.107v-.146c0-.321.127-.629.354-.856s.535-.355.857-.355h3.983v1.357z\"><\/path><path d=\"m30.754 25.72h-29.5v1.142c0 .729.289 1.428.805 1.944s1.215.806 1.945.806h24c.729 0 1.428-.29 1.944-.806s.806-1.215.806-1.944zm-29.5-1.5h29.5v-16.381c0-.414-.336-.75-.75-.75h-26c-.73 0-1.429.29-1.945.806s-.805 1.215-.805 1.944zm14.904-13.762c-.102.02-.207.02-.309 0 0 0-4.776-.922-4.776-.922-.585-.113-1.191.042-1.651.421-.46.38-.727.946-.727 1.542v7.433c0 .958.68 1.781 1.62 1.963l5.25 1.013c.29.056.588.056.878 0l5.249-1.013c.941-.182 1.62-1.005 1.62-1.963v-7.433c0-.596-.266-1.162-.726-1.542-.461-.379-1.066-.534-1.652-.421zm.285 1.473 4.775-.922c.147-.028.298.01.413.105s.181.236.181.385v7.433c0 .239-.17.444-.404.49l-5.25 1.013c-.102.02-.207.02-.309 0 0 0-5.249-1.013-5.249-1.013-.235-.046-.405-.251-.405-.49v-7.433c0-.149.067-.29.181-.385.115-.095.267-.133.413-.105l4.776.922c.29.056.588.056.878 0zm-4.923 5.82 2.516.485c.406.079.8-.188.879-.594.078-.406-.188-.8-.595-.879l-2.515-.485c-.407-.079-.8.188-.879.594-.078.406.188.8.594.879zm8.831-1.473-2.498.482c-.407.079-.673.472-.594.879.078.406.472.672.878.594l2.498-.482c.407-.079.673-.473.595-.879-.079-.406-.473-.673-.879-.594zm-8.831-1.959 2.516.486c.406.078.8-.188.879-.594.078-.407-.188-.8-.595-.879l-2.515-.486c-.407-.078-.8.188-.879.595-.078.406.188.8.594.878zm8.831-1.473-2.498.483c-.407.078-.673.472-.594.878.078.407.472.673.878.595l2.498-.483c.407-.078.673-.472.595-.878-.079-.407-.473-.673-.879-.595z\"><\/path><\/svg><\/span><span class=\"gb-headline-text\">Productos personalizables<\/span><\/h3>\n\n<\/div><\/div>\n\n<div class=\"gb-grid-column gb-grid-column-0e44fa62\"><div class=\"gb-container gb-container-0e44fa62\">\n\n<h3 class=\"gb-headline gb-headline-01d31a3a\"><span class=\"gb-icon\"><svg xmlns=\"http:\/\/www.w3.org\/2000\/svg\" viewBox=\"0 0 512 512\"><path d=\"m160 276.996094v215c0 11.046875-8.957031 20-20 20-11.046875 0-20-8.953125-20-20v-215c0-11.042969 8.953125-20 20-20 11.042969 0 20 8.957031 20 20zm271.996094-236.996094h-156v-20c0-11.046875-8.953125-20-20-20-11.042969 0-20 8.953125-20 20v20h-21c-11.042969 0-19.996094 8.953125-19.996094 20s8.953125 20 19.996094 20h217c22.054687 0 40 17.941406 40 40v80c0 11.042969 8.953125 19.996094 20 19.996094s20-8.953125 20-19.996094v-80c0-44.113281-35.886719-80-80-80zm60 239.996094c-11.046875 0-20 8.957031-20 20 0 22.058594-17.945313 40-40 40h-217c-11.042969 0-19.996094 8.953125-19.996094 20s8.953125 20 19.996094 20h147.714844l18.433593 40.996094h-166.148437c-11.042969 0-19.996094 8.953124-19.996094 20 0 11.046874 8.953125 20 19.996094 20h184.132812l17.625 39.203124c3.335938 7.414063 10.621094 11.804688 18.253906 11.804688 2.742188 0 5.527344-.566406 8.1875-1.765625 10.078126-4.527344 14.570313-16.367187 10.042969-26.441406l-46.671875-103.796875h25.429688c44.109375 0 80-35.886719 80-80 0-11.042969-8.953125-20-20-20zm-224.015625-75.933594 4.703125-4.171875 71.699218 76.757813c3.675782 3.9375 8.789063 6.226562 14.175782 6.34375.148437.003906.292968.003906.4375.003906 5.230468 0 10.261718-2.050782 14.003906-5.71875l52-51c7.886719-7.734375 8.007812-20.398438.273438-28.285156-7.730469-7.882813-20.394532-8.007813-28.28125-.273438l-37.367188 36.648438-71.011719-76.019532c-7.402343-7.925781-19.769531-8.507812-27.882812-1.3125l-19.285157 17.097656c-8.265624 7.324219-9.027343 19.964844-1.699218 28.230469s19.96875 9.027344 28.234375 1.699219zm-207.980469 123.933594c-11.027344 0-20-8.972656-20-20v-108.996094c0-11.03125 8.972656-20 20-20h78.589844c6.359375 0 12.28125 2.996094 16.046875 8.0625l55.476562 110.882812c4.941407 9.878907 16.953125 13.878907 26.832031 8.9375 9.878907-4.941406 13.882813-16.957031 8.9375-26.832031l-56.121093-112.1875c-.371094-.742187-.789063-1.457031-1.246094-2.148437-10.535156-15.796875-27.765625-25.585938-46.585937-26.625-.636719-.058594-1.277344-.089844-1.929688-.089844h-80c-33.085938 0-60 26.914062-60 60v108.996094c0 26.074218 16.71875 48.320312 40 56.574218v127.425782c0 11.046875 8.953125 20 20 20s20-8.953125 20-20v-144c0-11.046875-8.953125-20-20-20zm-20-267.996094c0-33.085938 26.914062-60 60-60 33.082031 0 60 26.914062 60 60 0 33.082031-26.917969 60-60 60-33.085938 0-60-26.917969-60-60zm40 0c0 11.027344 8.972656 20 20 20s20-8.972656 20-20-8.972656-20-20-20-20 8.972656-20 20zm0 0\"><\/path><\/svg><\/span><span class=\"gb-headline-text\">Formaci\u00f3n y apoyo gratuitos<\/span><\/h3>\n\n<\/div><\/div>\n\n<div class=\"gb-grid-column gb-grid-column-71328d67\"><div class=\"gb-container gb-container-71328d67\">\n\n<h3 class=\"gb-headline gb-headline-c01a0e8c\"><span class=\"gb-icon\"><svg aria-hidden=\"true\" role=\"img\" height=\"1em\" width=\"1em\" viewBox=\"0 0 384 512\" xmlns=\"http:\/\/www.w3.org\/2000\/svg\"><path fill=\"currentColor\" d=\"M97.12 362.63c-8.69-8.69-4.16-6.24-25.12-11.85-9.51-2.55-17.87-7.45-25.43-13.32L1.2 448.7c-4.39 10.77 3.81 22.47 15.43 22.03l52.69-2.01L105.56 507c8 8.44 22.04 5.81 26.43-4.96l52.05-127.62c-10.84 6.04-22.87 9.58-35.31 9.58-19.5 0-37.82-7.59-51.61-21.37zM382.8 448.7l-45.37-111.24c-7.56 5.88-15.92 10.77-25.43 13.32-21.07 5.64-16.45 3.18-25.12 11.85-13.79 13.78-32.12 21.37-51.62 21.37-12.44 0-24.47-3.55-35.31-9.58L252 502.04c4.39 10.77 18.44 13.4 26.43 4.96l36.25-38.28 52.69 2.01c11.62.44 19.82-11.27 15.43-22.03zM263 340c15.28-15.55 17.03-14.21 38.79-20.14 13.89-3.79 24.75-14.84 28.47-28.98 7.48-28.4 5.54-24.97 25.95-45.75 10.17-10.35 14.14-25.44 10.42-39.58-7.47-28.38-7.48-24.42 0-52.83 3.72-14.14-.25-29.23-10.42-39.58-20.41-20.78-18.47-17.36-25.95-45.75-3.72-14.14-14.58-25.19-28.47-28.98-27.88-7.61-24.52-5.62-44.95-26.41-10.17-10.35-25-14.4-38.89-10.61-27.87 7.6-23.98 7.61-51.9 0-13.89-3.79-28.72.25-38.89 10.61-20.41 20.78-17.05 18.8-44.94 26.41-13.89 3.79-24.75 14.84-28.47 28.98-7.47 28.39-5.54 24.97-25.95 45.75-10.17 10.35-14.15 25.44-10.42 39.58 7.47 28.36 7.48 24.4 0 52.82-3.72 14.14.25 29.23 10.42 39.59 20.41 20.78 18.47 17.35 25.95 45.75 3.72 14.14 14.58 25.19 28.47 28.98C104.6 325.96 106.27 325 121 340c13.23 13.47 33.84 15.88 49.74 5.82a39.676 39.676 0 0 1 42.53 0c15.89 10.06 36.5 7.65 49.73-5.82zM97.66 175.96c0-53.03 42.24-96.02 94.34-96.02s94.34 42.99 94.34 96.02-42.24 96.02-94.34 96.02-94.34-42.99-94.34-96.02z\"><\/path><\/svg><\/span><span class=\"gb-headline-text\">Certificados de seguridad<\/span><\/h3>\n\n<\/div><\/div>\n\n<div class=\"gb-grid-column gb-grid-column-bae355cc\"><div class=\"gb-container gb-container-bae355cc\">\n\n<h3 class=\"gb-headline gb-headline-89fa51d9\"><span class=\"gb-icon\"><svg xmlns=\"http:\/\/www.w3.org\/2000\/svg\" width=\"512\" viewBox=\"0 0 512 512\" text-rendering=\"geometricPrecision\" shape-rendering=\"geometricPrecision\" image-rendering=\"optimizeQuality\" height=\"512\" fill-rule=\"evenodd\" clip-rule=\"evenodd\"><g id=\"Layer_x0020_1\"><g id=\"_442913280\"><path d=\"m202 317c-8-12 1-20 9-33-7-20-25-32-47-32-28 0-52 24-52 52 0 53 75 71 98 22z\"><\/path><path d=\"m102 304c0-37 33-67 70-62-3-2-6-7-6-10v-47c0-15 20-15 33-18l-4-26c-1-2-2-5-4-5h-46c-3 0-4 3-5 5-12 54 4 29-32 50-2 1-4 1-6 0l-32-22s-3-2-5 0l-32 33c-3 2 0 4 1 5l20 32c1 1 1 3 1 5-4 6-7 13-11 22 0 2-2 3-3 4l-36 7c-2 0-5 1-5 4v46c0 3 3 4 5 4l35 6c6 1 6 13 14 27 1 2 1 4 0 5l-21 31c0 2-3 3 0 6l32 33c2 1 5 0 6-1 51-32 20-22 58-12 2 1 4 2 4 4l7 37c1 2 2 5 5 5h46c2 0 3-3 4-5l6-37c1-6 10-3 26-13 2-1 4-1 6 1l30 20c3 1 5 2 6 1l33-33c1-1 1-4-1-6l-20-30c-3-5 4-9 9-28 0-4 3-4 5-4-4-2-9-4-13-6l-27 19c-7 4-14 5-20-1l-17-17c-31 56-116 33-116-29zm-33 26c-2-6 8-9 10-3 14 49 63 77 112 64 7-1 9 9 3 10-9 3-18 4-27 4-45 0-85-29-98-75z\"><\/path><path d=\"m182 235 37 7c5 1 3 9 12 25 3 6-6 14-8 19-3 6-17 20-13 24l34 33c1 2 5-1 5-1l30-21c2-1 4-1 6 0 13 8 25 8 26 14l6 36c1 2 2 5 4 5h46c3 0 4-3 5-5 12-54-4-29 32-50 2-1 4-1 6 0l32 22s3 2 5 0l32-33c3-2 0-4-1-5l-20-32c-1-1-1-3-1-5 4-6 7-13 11-22 0-2 2-3 3-4l36-7c2 0 5-1 5-4v-46c0-3-3-4-5-4l-35-6c-6-1-6-13-14-27-1-2-1-4 0-5 3-5 22-32 22-35l-1-2-32-33c-2-1-5 0-6 1-51 32-20 22-58 12-2-1-4-2-4-4l-7-37c-1-2-2-5-5-5h-46c-2 0-3 3-4 5l-6 37c-1 6-10 3-26 13-2 1-4 1-6-1l-30-20c-3-1-5-2-6-1l-33 33c-1 1-1 4 1 6l20 30c3 5-4 9-9 28-1 5-7 5-14 6l-26 5c-2 0-5 1-5 4v46c1 2 2 3 5 4zm162 63c-48 0-88-41-88-90s40-88 88-88c81 0 119 96 64 151-17 17-40 27-64 27z\"><\/path><path d=\"m213 252-22-5c12 6 21 15 27 27l3-4c-4-6-6-12-8-18z\"><\/path><path d=\"m299 219 23 23c2 2 5 2 7 0l61-60c4-5-3-12-8-8l-53 54c-9 8-19-23-30-16-3 3-1 6 0 7z\"><\/path><path d=\"m397 189-60 60c-3 3-7 5-11 5s-8-2-11-5l-23-22c-13-12 1-35 21-23l13 12 49-49c15-15 36 7 22 22zm-131 19c0 44 35 79 78 79 44 0 79-35 79-79 0-43-35-78-79-78-43 0-78 35-78 78z\"><\/path><\/g><\/g><\/svg><\/span><span class=\"gb-headline-text\">F\u00e1cil integraci\u00f3n<\/span><\/h3>\n\n<\/div><\/div>\n\n<div class=\"gb-grid-column gb-grid-column-3d7bc15f\"><div class=\"gb-container gb-container-3d7bc15f\">\n\n<h3 class=\"gb-headline gb-headline-9d24e8a4\"><span class=\"gb-icon\"><svg xmlns=\"http:\/\/www.w3.org\/2000\/svg\" viewBox=\"0 0 512 512\"><g id=\"Brand_Awareness\"><g id=\"XMLID_87_\"><path d=\"m348.763 351.862c-7.853 11.57-15.974 23.534-29.413 27.898-3.499 1.136-7.033 1.613-10.58 1.613-9.512 0-19.119-3.429-28.508-6.775-5.67-2.021-11.263-3.964-16.263-5.077v78.816l152.15 59.38-60.506-165.575c-2.3 2.985-4.564 6.307-6.88 9.72z\" id=\"XMLID_89_\"><\/path><path d=\"m256 57.188c-70.353 0-127.588 57.236-127.588 127.588s57.236 127.589 127.588 127.589 127.588-57.236 127.588-127.589c0-70.352-57.235-127.588-127.588-127.588zm65.552 88.294-89.868 89.867c-1.495 1.496-3.524 2.336-5.64 2.336-2.115 0-4.144-.84-5.64-2.336l-29.955-29.956c-3.115-3.115-3.115-8.165 0-11.279 3.115-3.115 8.165-3.115 11.279 0l24.316 24.316 84.227-84.227c3.116-3.115 8.166-3.115 11.28 0 3.115 3.114 3.115 8.164.001 11.279z\" id=\"XMLID_385_\"><\/path><path d=\"m192.65 379.76c-13.439-4.364-21.559-16.327-29.413-27.898-3.134-4.618-6.16-9.076-9.332-12.749l-58.424 168.748 152.519-59.525v-78.816c-5 1.114-10.593 3.056-16.263 5.077-12.888 4.595-26.203 9.345-39.087 5.163z\" id=\"XMLID_392_\"><\/path><path d=\"m430.795 157.566c-6.009-7.727-12.222-15.718-15.13-24.673-3.04-9.363-2.747-19.761-2.463-29.818.329-11.651.64-22.656-4.274-29.407-4.997-6.866-15.63-9.973-26.887-13.262-9.603-2.806-19.531-5.707-27.397-11.432-7.757-5.644-13.513-14.126-19.08-22.327-6.635-9.775-12.902-19.009-21.14-21.684-7.717-2.506-17.968 1.148-28.817 5.016-9.605 3.423-19.535 6.963-29.607 6.963s-20.003-3.54-29.607-6.963c-10.85-3.867-21.099-7.521-28.817-5.016-8.238 2.675-14.505 11.908-21.14 21.684-5.567 8.202-11.323 16.683-19.079 22.327-7.866 5.725-17.796 8.626-27.397 11.432-11.258 3.289-21.89 6.396-26.888 13.262-4.913 6.751-4.603 17.756-4.274 29.407.283 10.056.576 20.454-2.464 29.818-2.908 8.955-9.121 16.945-15.129 24.673-7.313 9.405-14.22 18.289-14.22 27.21 0 8.922 6.908 17.805 14.22 27.211 6.009 7.727 12.221 15.717 15.129 24.672 3.04 9.363 2.747 19.762 2.464 29.817-.329 11.651-.639 22.657 4.274 29.408 4.997 6.866 15.631 9.974 26.888 13.262 9.602 2.806 19.53 5.707 27.397 11.431 7.756 5.645 13.512 14.126 19.079 22.328 6.635 9.775 12.902 19.009 21.14 21.683 7.718 2.509 17.967-1.148 28.818-5.015 9.334-3.327 18.976-6.754 28.756-6.945.28-.03.563-.047.85-.047s.571.017.85.047c9.78.191 19.423 3.618 28.757 6.945 10.851 3.868 21.1 7.524 28.817 5.015 8.239-2.674 14.506-11.908 21.141-21.683 5.36-7.898 10.902-16.048 18.231-21.681.086-.069.174-.135.263-.201.195-.147.386-.301.583-.445 7.867-5.725 17.796-8.626 27.397-11.432 11.258-3.289 21.891-6.396 26.888-13.262 4.914-6.751 4.603-17.757 4.274-29.408-.283-10.056-.576-20.454 2.463-29.817 2.908-8.955 9.121-16.946 15.13-24.673 7.313-9.405 14.22-18.289 14.22-27.21.001-8.922-6.906-17.805-14.219-27.21zm-174.795 170.75c-79.148 0-143.54-64.392-143.54-143.54s64.392-143.539 143.54-143.539 143.539 64.392 143.539 143.539c0 79.148-64.391 143.54-143.539 143.54z\" id=\"XMLID_405_\"><\/path><\/g><\/g><g id=\"Layer_1\"><\/g><\/svg><\/span><span class=\"gb-headline-text\">Productos de alta calidad<\/span><\/h3>\n\n<\/div><\/div>\n<\/div>\n<\/div>\n<\/section>\n<\/div>\n\n<div class=\"gb-container gb-container-3a98ed16\">\n\n<h2 class=\"gb-headline gb-headline-0bea92d8 gb-headline-text\">Que va a ganar<\/h2>\n\n\n\n<div class=\"wp-block-columns is-layout-flex wp-container-core-columns-is-layout-1 wp-block-columns-is-layout-flex\">\n<div class=\"wp-block-column is-layout-flow wp-block-column-is-layout-flow\">\n<ul>\n<li style=\"font-style:normal;font-weight:400\"><strong>VENTAJA COMPETITIVA.<\/strong> Nuestra ventaja competitiva con respecto a la competencia del sector es la disponibilidad de tecnolog\u00edas que se utilizan ampliamente en entornos industriales. Como resultado, usted obtendr\u00e1 productos de gran relaci\u00f3n calidad-precio, adem\u00e1s le permitir\u00e1n recortar gastos en implementaci\u00f3n y en mantenimiento de equipos.<\/li>\n\n\n\n<li><strong>SOPORTE PREVENTA.<\/strong> Ponemos a su disposici\u00f3n un equipo de preventa que le proporcionar\u00e1 un servicio de asesoramiento personalizado y gratuito para encontrar soluciones adaptadas a las necesidades de sus proyectos.<\/li>\n\n\n\n<li><strong>SOPORTE POSTVENTA.<\/strong> Como parte de nuestra red de partners, recibir\u00e1 un servicio postventa dedicado en cada etapa de implementaci\u00f3n o para cualquier incidencia que pueda surgir durante el periodo de garant\u00eda as\u00ed como despu\u00e9s.<\/li>\n\n\n\n<li><strong>FORMACIONES GRATUITAS.<\/strong> Ofrecemos cursos de formaci\u00f3n online gratuitos preparados por nuestros especialistas que est\u00e1n disponibles para todos los partners. En algunos casos, podemos ofrecerle formaci\u00f3n t\u00e9cnica personal en Tallin o formaci\u00f3n local en sus instalaciones; esto est\u00e1 sujeto a un cargo razonable.<\/li>\n<\/ul>\n<\/div>\n\n\n\n<div class=\"wp-block-column is-layout-flow wp-block-column-is-layout-flow\">\n<ul>\n<li><strong>PRECIOS DE PARTNERS. <\/strong>Al unirte a nuestra red de partners podr\u00e1 beneficiarse de condiciones atractivas y listas de precios para partners con importantes descuentos. Disponibles tambi\u00e9n servicios en la nube: excelente oportunidad de generar los ingresos estables a lo largo del tiempo.<\/li>\n\n\n\n<li><strong>PLAZOS DE PAGO.<\/strong> Estamos listos para ayudarle a financiar su negocio ofreciendo plazos de pago m\u00e1s largos. Estos casos siempre ser\u00e1n revisados individualmente por nuestro departamento financiero y \u00fanicamente referidos a partners de probada solvencia y salud financiera.<\/li>\n\n\n\n<li><strong>REEMPLAZO INMEDIATO.<\/strong> Para nuestros partners, ofrecemos reemplazo inmediato de los productos de nuestra cartera durante el per\u00edodo de garant\u00eda est\u00e1ndar. En lugar de esperar la reparaci\u00f3n, obtendr\u00e1 un producto completamente funcional inmediatamente despu\u00e9s de enviar la pieza defectuosa.<\/li>\n\n\n\n<li><strong>OPCI\u00d3N DE PRECIO DEL PROYECTO.<\/strong> Si usted o su socio participan a un gran proyecto en el que se enfrentan a la propuesta de un fuerte competidor, puede consultarnos el precio del proyecto. Estos casos siempre se valorar\u00e1n individualmente y en todo caso deber\u00e1n ser la excepci\u00f3n y no la regla.<\/li>\n<\/ul>\n<\/div>\n<\/div>\n\n<\/div>\n\n<div class=\"gb-container gb-container-540d3639\"><\/div>\n\n<div class=\"gb-container gb-container-ace815f5 alignfull\">\n<div class=\"gb-container gb-container-626c0242\">\n\n<h3 class=\"gb-headline gb-headline-0aee23e5 gb-headline-text\">Convi\u00e9rtase en Partner<\/h3>\n\n\n\n<p>Aproveche los beneficios que ofrecemos y comience a beneficiarse de nuestra cooperaci\u00f3n ahora mismo.<\/p>\n\n\n\n<a class=\"gb-button gb-button-7bc0d900\" href=\"https:\/\/foxsec.eu\/es\/donde-comprar\/convertirse-a-partner\/\"><span class=\"gb-icon\"><svg aria-hidden=\"true\" role=\"img\" height=\"1em\" width=\"1em\" viewBox=\"0 0 256 512\" xmlns=\"http:\/\/www.w3.org\/2000\/svg\"><path fill=\"currentColor\" d=\"M224.3 273l-136 136c-9.4 9.4-24.6 9.4-33.9 0l-22.6-22.6c-9.4-9.4-9.4-24.6 0-33.9l96.4-96.4-96.4-96.4c-9.4-9.4-9.4-24.6 0-33.9L54.3 103c9.4-9.4 24.6-9.4 33.9 0l136 136c9.5 9.4 9.5 24.6.1 34z\"><\/path><\/svg><\/span><span class=\"gb-button-text\">Convi\u00e9rtase en Partner  <\/span><\/a>\n\n<\/div>\n<\/div>","protected":false},"excerpt":{"rendered":"<p>Haga crecer su negocio y acelere su \u00e9xito uni\u00e9ndose al fabricante de sistemas electr\u00f3nicos de seguridad de alta tecnolog\u00eda. Ya sea que distribuye productos, proporcione soluciones o servicios, FoxSec lo apoyar\u00e1 en cada paso del camino para generar ingresos. \u00bfPor qu\u00e9 cooperar con FoxSec? Que va a ganar Convi\u00e9rtase en Partner Aproveche los beneficios que &#8230; <a title=\"Negocios con FoxSec\" class=\"read-more\" href=\"https:\/\/foxsec.eu\/es\/negocios-con-foxsec\/\" aria-label=\"Leer m\u00e1s sobre Negocios con FoxSec\">Leer m\u00e1s<\/a><\/p>\n","protected":false},"author":1,"featured_media":7078,"parent":0,"menu_order":0,"comment_status":"closed","ping_status":"closed","template":"","meta":{"footnotes":""},"_links":{"self":[{"href":"https:\/\/foxsec.eu\/es\/wp-json\/wp\/v2\/pages\/6530"}],"collection":[{"href":"https:\/\/foxsec.eu\/es\/wp-json\/wp\/v2\/pages"}],"about":[{"href":"https:\/\/foxsec.eu\/es\/wp-json\/wp\/v2\/types\/page"}],"author":[{"embeddable":true,"href":"https:\/\/foxsec.eu\/es\/wp-json\/wp\/v2\/users\/1"}],"replies":[{"embeddable":true,"href":"https:\/\/foxsec.eu\/es\/wp-json\/wp\/v2\/comments?post=6530"}],"version-history":[{"count":51,"href":"https:\/\/foxsec.eu\/es\/wp-json\/wp\/v2\/pages\/6530\/revisions"}],"predecessor-version":[{"id":7504,"href":"https:\/\/foxsec.eu\/es\/wp-json\/wp\/v2\/pages\/6530\/revisions\/7504"}],"wp:featuredmedia":[{"embeddable":true,"href":"https:\/\/foxsec.eu\/es\/wp-json\/wp\/v2\/media\/7078"}],"wp:attachment":[{"href":"https:\/\/foxsec.eu\/es\/wp-json\/wp\/v2\/media?parent=6530"}],"curies":[{"name":"wp","href":"https:\/\/api.w.org\/{rel}","templated":true}]}}