{"id":6433,"date":"2024-03-29T13:41:53","date_gmt":"2024-03-29T13:41:53","guid":{"rendered":"https:\/\/foxsec.eu\/es\/?page_id=6433"},"modified":"2024-03-29T18:49:25","modified_gmt":"2024-03-29T18:49:25","slug":"registro","status":"publish","type":"page","link":"https:\/\/foxsec.eu\/es\/soporte\/partner-area\/registro\/","title":{"rendered":"Registro"},"content":{"rendered":"<div class=\"gb-container gb-container-076265f2\">\n<section class='__wpdm_gb_section __wpdm_gb_signup_form'>\n<div class=\"w3eden\">\n    <div class='w3eden' id='wpdmreg'>\n                    <div class=\"text-center wpdmlogin-logo\">\n                <a href=\"https:\/\/foxsec.eu\/es\/\"><img decoding=\"async\" src=\"https:\/\/foxsec.eu\/es3\/wp-content\/uploads\/2024\/02\/FoxSecLOGO.png\" \/><\/a>\n            <\/div>\n            \n            <form method=\"post\" action=\"\" id=\"registerform\" name=\"registerform\" class=\"wpdm-registration-form\">\n\n\n                <div id=\"__signup_msg\"><\/div>\n\n                \n                    \n                    <input type='hidden' name='__phash' id='__phash' value='V-29rorE7O7NS03ew6_ixzb6A_YbeNCbDQCGCYeZz1R3IeV-ab8zfqQcX7oZ9nCORW98WvTmQCFUhGDZatjpUsfFZTamt20Fc5Rar6R54ingL55W6fj2ZmN66GRaRV-uAXJPNKGQs6PUKjxLSokh25LFaUQbWbAPMPCkT1YNFcMfst84Unoz0rpuWs8W1UwPT_1mFbKWvYvFkLAobCdpe1NyAhe1G7-9ZBHsKU91Y4n1dh1l1xj3nMM5PETO2VUKj-tbsqCTFCGm9PxP8KjwL1Fn0OxJMYmWmv3CUtLp5qAutwlhccWVZ4pxiDzUkfLcmveBhnR4MX96dzMZV5kB-P_pKg34lxXNoS0n6Uc0Os2R2BMMtVgPFMarCrwNncX2t4blCCvAMmRCzo2t4H5OMQ0qrjQho9U-WTZFoVdwoXd-eUEq1-VSyTobYUw1xGil_4Aotx_9-pcVdGIA3Hr78UKno04-aY6h29oqgwObo2CY7ZUo-Hwa88nBZ2w7FhsxzxdSErT9ET8UBTHwVOcJBztj2wkQrteJ4JXnD3dmrnw'  \/><input type='hidden' name='__reg_nonce' id='__reg_nonce' value=''  \/><input type='hidden' name='loginurl' id='loginurl' value='https:\/\/foxsec.eu\/es\/soporte\/partner-area\/login\/'  \/><input type='hidden' name='permalink' id='permalink' value='https:\/\/foxsec.eu\/es\/soporte\/partner-area\/registro\/'  \/><input type='hidden' name='reg_redirect' id='reg_redirect' value='https:\/\/foxsec.eu\/es\/soporte\/partner-area\/login\/'  \/><div class='form-row' id='row_name'><div class='form-group col-md-6 col-sm-12' id='row_0'><div class='input-wrapper text-input-wrapper' id='row_0_wrapper'><label form='0'>Nombre<\/label><input type='text' name='wpdm_reg[first_name]' id='first_name' placeholder='Tu nombre' required='required' class='form-control'  \/><\/div><\/div><div class='form-group col-md-6 col-sm-12' id='row_1'><div class='input-wrapper text-input-wrapper' id='row_1_wrapper'><label form='1'>Apellidos<\/label><input type='text' name='wpdm_reg[last_name]' id='last_name' placeholder='Tus apellidos' required='required' class='form-control'  \/><\/div><\/div><\/div><div class='form-group ' id='row_username'><div class='input-wrapper text-input-wrapper' id='row_username_wrapper'><label form='username'>Nombre de usuario<\/label><input type='text' name='wpdm_reg[user_login]' id='user_login' placeholder='ID de acceso de usuario' required='required' class='form-control'  \/><\/div><\/div><div class='form-group ' id='row_email'><div class='input-wrapper email-input-wrapper' id='row_email_wrapper'><label form='email'>Correo electr\u00f3nico<\/label><input type='email' name='wpdm_reg[user_email]' id='user_email' placeholder='Tu direcci\u00f3n de correo electr\u00f3nico' required='required' class='form-control'  \/><\/div><\/div><div class='form-row' id='row_password'><div class='form-group col-md-6 col-sm-12' id='row_0'><div class='input-wrapper password-input-wrapper' id='row_0_wrapper'><label form='0'>Contrase\u00f1a<\/label><input type='password' name='wpdm_reg[user_pass]' id='reg_password' placeholder='Aseg\u00farate' required='required' strength='0' class='form-control'  \/><\/div><\/div><div class='form-group col-md-6 col-sm-12' id='row_1'><div class='input-wrapper password-input-wrapper' id='row_1_wrapper'><label form='1'>Confirmar la contrase\u00f1a<\/label><input type='password' name='confirm_user_pass' data-match='#reg_password' id='reg_confirm_pass' placeholder='No olvidar' required='required' class='form-control'  \/><\/div><\/div><\/div>\n                    \n                                        \n                \n                <div class=\"row\">\n                                            <div class=\"col-sm-12\">\n                            <button type=\"submit\" class=\"btn btn-primary btn-lg btn-block\" id=\"registerform-submit\" name=\"wp-submit\"><i class=\"fas fa-id-card-alt mr-3\"><\/i>Reg\u00edstrate ahora<\/button>\n                        <\/div>\n                    \n                    \n                                            <div class=\"col-sm-12\">\n                            <br\/>\n                            <a href=\"https:\/\/foxsec.eu\/es\/soporte\/partner-area\/login\/\" class=\"btn btn-link btn-xs btn-block wpdm-login-link color-green\" id=\"registerform-login\" name=\"wp-submit\">\u00bfYa tienes una cuenta? <i class=\"fa fa-lock\"><\/i> Acceder<\/a>\n                        <\/div>\n                                    <\/div>\n\n            <\/form>\n\n\n            <script>\n                jQuery(function ($) {\n                    $('#__reg_nonce').val('6058b07bdb');\n                                        var llbl = $('#registerform-submit').html();\n                    $('#registerform').submit(function (e) {\n                        e.preventDefault();\n                        if( $('#reg_password').val() !== $('#reg_confirm_pass').val() ){\n                            $('#reg_confirm_pass').parent('.input-wrapper').addClass('input-error');\n                            WPDM.beep();\n                            $('#__signup_msg').html(WPDM.html(\"div\",\"La contrase\u00f1a no coincide con la contrase\u00f1a de confirmaci\u00f3n\", \"alert alert-danger\"));\n                            return false;\n                        } else {\n                            $('#reg_confirm_pass').parent('.input-wrapper').removeClass('input-error');\n                        }\n                        WPDM.blockUI('#registerform');\n                        $('#registerform-submit').html(WPDM.html(\"i\", \"\", 'fa fa-spin fa-sun') + \"Por favor, espera...\").attr('disabled', 'disabled');\n                        $(this).ajaxSubmit({\n                            success: function (res) {\n                                if (res.success == false) {\n                                    $('form .alert-danger').hide();\n                                    $('#registerform').prepend(WPDM.html(\"div\", res.message, 'alert alert-danger'));\n                                    $('#registerform-submit').html(llbl).removeAttr('disabled');\n                                    WPDM.unblockUI('#registerform');\n                                } else if (res.success == true) {\n                                    $('#registerform-submit').html(WPDM.html(\"i\", \"\", 'fa fa-check-circle') + \" \u00a1Correcto! Redireccionando...\");\n                                    location.href = res.redirect_to;\n                                } else {\n                                    alert(res);\n                                }\n                            }\n                        });\n                        return false;\n                    });\n                                                        });\n            <\/script>\n            <style>\n                #reCaptchaLock iframe {\n                    transform: scaleX(1.22);\n                    margin-left: 33px;\n                }\n                .input-wrapper.heading-input-wrapper {\n                    background: #f9f9f9 !important;\n                    font-weight: 600;\n                }\n                #__signup_msg .wpdm-notify{\n                    float: none;\n                    width: 100%;\n                    display: block;\n                }\n            <\/style>\n\n            <\/div>\n<\/div>\n<\/section>\n<\/div>","protected":false},"excerpt":{"rendered":"","protected":false},"author":1,"featured_media":0,"parent":5811,"menu_order":0,"comment_status":"closed","ping_status":"closed","template":"","meta":{"footnotes":""},"_links":{"self":[{"href":"https:\/\/foxsec.eu\/es\/wp-json\/wp\/v2\/pages\/6433"}],"collection":[{"href":"https:\/\/foxsec.eu\/es\/wp-json\/wp\/v2\/pages"}],"about":[{"href":"https:\/\/foxsec.eu\/es\/wp-json\/wp\/v2\/types\/page"}],"author":[{"embeddable":true,"href":"https:\/\/foxsec.eu\/es\/wp-json\/wp\/v2\/users\/1"}],"replies":[{"embeddable":true,"href":"https:\/\/foxsec.eu\/es\/wp-json\/wp\/v2\/comments?post=6433"}],"version-history":[{"count":2,"href":"https:\/\/foxsec.eu\/es\/wp-json\/wp\/v2\/pages\/6433\/revisions"}],"predecessor-version":[{"id":6447,"href":"https:\/\/foxsec.eu\/es\/wp-json\/wp\/v2\/pages\/6433\/revisions\/6447"}],"up":[{"embeddable":true,"href":"https:\/\/foxsec.eu\/es\/wp-json\/wp\/v2\/pages\/5811"}],"wp:attachment":[{"href":"https:\/\/foxsec.eu\/es\/wp-json\/wp\/v2\/media?parent=6433"}],"curies":[{"name":"wp","href":"https:\/\/api.w.org\/{rel}","templated":true}]}}