{"id":6385,"date":"2024-03-28T15:59:49","date_gmt":"2024-03-28T15:59:49","guid":{"rendered":"https:\/\/foxsec.eu\/es\/?page_id=6385"},"modified":"2024-04-09T15:43:28","modified_gmt":"2024-04-09T15:43:28","slug":"empleo","status":"publish","type":"page","link":"https:\/\/foxsec.eu\/es\/empresa\/empleo\/","title":{"rendered":"Empleo"},"content":{"rendered":"<div class=\"gb-container gb-container-ef3bf62e\">\n\n<h2 class=\"gb-headline gb-headline-d3236a91 gb-headline-text\">Buscamos talento para crecer<\/h2>\n\n\n\n<p>Te damos la bienvenida a la p\u00e1gina de Empleo de FoxSec Espa\u00f1a, un espacio para conocer las \u00faltimas ofertas de empleo. Somos una empresa europea din\u00e1mica e innovadora que busca personas dedicadas, dispuestas a alcanzar niveles excepcionales de desempe\u00f1o, efectivas en el trabajo en equipo, dispuestas a abrazar nuevas ideas y aprender constantemente. Tambi\u00e9n somos una empresa que apuesta por brindar igualdad de trato, igualdad de g\u00e9nero y oportunidades a todas las personas que forman su equipo.<\/p>\n\n\n\n<p>Actualmente los puestos de trabajo que ofertamos son:<\/p>\n\n<\/div>\n\n<div class=\"gb-container gb-container-42c73310\">\n\n<div class=\"wp-block-columns is-layout-flex wp-container-core-columns-is-layout-1 wp-block-columns-is-layout-flex\">\n<div class=\"wp-block-column is-vertically-aligned-bottom is-layout-flow wp-block-column-is-layout-flow\" style=\"flex-basis:0%\"><\/div>\n\n\n\n<div class=\"wp-block-column is-layout-flow wp-block-column-is-layout-flow\" style=\"flex-basis:70%\">\n<h2 class=\"gb-headline gb-headline-5b76685b gb-headline-text\">Delegado\/a Comercial Freelance<\/h2>\n\n\n\n<p><strong>Cualquier zona de Espa\u00f1a<\/strong><\/p>\n\n\n\n<p>Tareas:<\/p>\n\n\n\n<ul>\n<li>Captaci\u00f3n de nuevos clientes<\/li>\n\n\n\n<li>Organizaci\u00f3n y planificaci\u00f3n para el cierre de reuniones con clientes<\/li>\n\n\n\n<li>Control y seguimiento hasta el cierre de ventas<\/li>\n\n\n\n<li>Cumplimiento de los objetivos<\/li>\n\n\n\n<li>Reporte y seguimiento de tareas a trav\u00e9s de herramientas propias<\/li>\n<\/ul>\n\n\n\n<p>Requisitos:<\/p>\n\n\n\n<ul>\n<li>Experiencia m\u00ednima de un a\u00f1o como comercial. Preferiblemente en el sector de la seguridad electr\u00f3nica<\/li>\n\n\n\n<li>Habilidades comerciales y de negociaci\u00f3n<\/li>\n\n\n\n<li>Orientado a objetivos y resultados<\/li>\n\n\n\n<li>Alta como aut\u00f3nomo o similar<\/li>\n<\/ul>\n\n\n\n<p>Te ofrecemos:<\/p>\n\n\n\n<ul>\n<li>Flexibilidad horaria<\/li>\n\n\n\n<li>100% Teletrabajo<\/li>\n\n\n\n<li>Formaci\u00f3n y apoyo continuo a cargo de la empresa<\/li>\n\n\n\n<li>Atractiva y competitiva remuneraci\u00f3n<\/li>\n\n\n\n<li>Comercializaci\u00f3n de la nueva marca en el mercado<\/li>\n\n\n\n<li>Plan de desarrollo profesional en una empresa en proceso de expansi\u00f3n<\/li>\n<\/ul>\n<\/div>\n<\/div>\n\n\n\n<p><a href=\"https:\/\/bydemes.com\/es\/empresa\/empleo\/1\" target=\"_blank\" rel=\"noopener\"><\/a><\/p>\n\n\n<div class=\"gb-container gb-container-0bdc2521 alignwide\">\n\t<a class=\"paoc-popup-click paoc-popup-cust-6687 paoc-popup-button paoc-popup-btn popupaoc-orange\" href=\"javascript:void(0);\">\u00danete a Nuestro Equipo  &gt;<\/a>\r\n\n\n<\/div>\n<\/div>","protected":false},"excerpt":{"rendered":"<p>Buscamos talento para crecer Te damos la bienvenida a la p\u00e1gina de Empleo de FoxSec Espa\u00f1a, un espacio para conocer las \u00faltimas ofertas de empleo. Somos una empresa europea din\u00e1mica e innovadora que busca personas dedicadas, dispuestas a alcanzar niveles excepcionales de desempe\u00f1o, efectivas en el trabajo en equipo, dispuestas a abrazar nuevas ideas y &#8230; <a title=\"Empleo\" class=\"read-more\" href=\"https:\/\/foxsec.eu\/es\/empresa\/empleo\/\" aria-label=\"Leer m\u00e1s sobre Empleo\">Leer m\u00e1s<\/a><\/p>\n","protected":false},"author":1,"featured_media":6573,"parent":4235,"menu_order":0,"comment_status":"closed","ping_status":"closed","template":"","meta":{"footnotes":""},"_links":{"self":[{"href":"https:\/\/foxsec.eu\/es\/wp-json\/wp\/v2\/pages\/6385"}],"collection":[{"href":"https:\/\/foxsec.eu\/es\/wp-json\/wp\/v2\/pages"}],"about":[{"href":"https:\/\/foxsec.eu\/es\/wp-json\/wp\/v2\/types\/page"}],"author":[{"embeddable":true,"href":"https:\/\/foxsec.eu\/es\/wp-json\/wp\/v2\/users\/1"}],"replies":[{"embeddable":true,"href":"https:\/\/foxsec.eu\/es\/wp-json\/wp\/v2\/comments?post=6385"}],"version-history":[{"count":30,"href":"https:\/\/foxsec.eu\/es\/wp-json\/wp\/v2\/pages\/6385\/revisions"}],"predecessor-version":[{"id":6985,"href":"https:\/\/foxsec.eu\/es\/wp-json\/wp\/v2\/pages\/6385\/revisions\/6985"}],"up":[{"embeddable":true,"href":"https:\/\/foxsec.eu\/es\/wp-json\/wp\/v2\/pages\/4235"}],"wp:featuredmedia":[{"embeddable":true,"href":"https:\/\/foxsec.eu\/es\/wp-json\/wp\/v2\/media\/6573"}],"wp:attachment":[{"href":"https:\/\/foxsec.eu\/es\/wp-json\/wp\/v2\/media?parent=6385"}],"curies":[{"name":"wp","href":"https:\/\/api.w.org\/{rel}","templated":true}]}}