{"id":5827,"date":"2024-03-20T11:17:40","date_gmt":"2024-03-20T11:17:40","guid":{"rendered":"https:\/\/foxsec.eu\/es\/?page_id=5827"},"modified":"2025-05-29T10:23:06","modified_gmt":"2025-05-29T07:23:06","slug":"contacto","status":"publish","type":"page","link":"https:\/\/foxsec.eu\/es\/empresa\/contacto\/","title":{"rendered":"Contacto"},"content":{"rendered":"<div class=\"gb-container gb-container-62c650b2 alignfull\">\n<div class=\"gb-container gb-container-9fa1b0b8\">\n<div class=\"gb-container gb-container-c5f71ae3\"><div class=\"gb-inside-container\">\n\n<h2 class=\"gb-headline gb-headline-bfd84467\"><span class=\"gb-icon\"><svg xmlns=\"http:\/\/www.w3.org\/2000\/svg\" viewBox=\"0 0 60 4.688\"><path d=\"M57.656 0H2.344a2.343 2.343 0 100 4.688h55.312a2.344 2.344 0 000-4.688z\"><\/path><\/svg><\/span><span class=\"gb-headline-text\">Contacte con FoxSec<\/span><\/h2>\n\n\n\n<p>Contacte con nosotros a trav\u00e9s de nuestros datos de contacto adjuntos o a tambi\u00e9n con el formulario indicado y un miembro de nuestro equipo le atender\u00e1 con la mayor brevedad posible.<\/p>\n\n\n<div class=\"gb-container gb-container-bd0fd49c\">\n<div class=\"gb-container gb-container-8975ce0b\">\n\n<p class=\"gb-headline gb-headline-71e7bf23\"><span class=\"gb-icon\"><svg xmlns=\"http:\/\/www.w3.org\/2000\/svg\" viewBox=\"0 0 384 512\" width=\"1em\" height=\"1em\" aria-hidden=\"true\"><path d=\"M172.268 501.67C26.97 291.031 0 269.413 0 192 0 85.961 85.961 0 192 0s192 85.961 192 192c0 77.413-26.97 99.031-172.268 309.67-9.535 13.774-29.93 13.773-39.464 0zM192 272c44.183 0 80-35.817 80-80s-35.817-80-80-80-80 35.817-80 80 35.817 80 80 80z\" fill=\"currentColor\"><\/path><\/svg><\/span><span class=\"gb-headline-text\">Sede Central<\/span><\/p>\n\n\n\n<p>Hardmeier O\u00dc<br>P\u00e4rnu mnt 102, 11312<br>Tallin, Estonia<br>Tel: +372 6 661 400<br>info@foxsec.eu<\/p>\n\n<\/div>\n\n<div class=\"gb-container gb-container-151e5c5e\">\n\n<p class=\"gb-headline gb-headline-51b57a4d\"><span class=\"gb-icon\"><svg xmlns=\"http:\/\/www.w3.org\/2000\/svg\" viewBox=\"0 0 496 512\" width=\"1em\" height=\"1em\" aria-hidden=\"true\"><path d=\"M248 8C111 8 0 119 0 256s111 248 248 248 248-111 248-248S385 8 248 8zm0 96c48.6 0 88 39.4 88 88s-39.4 88-88 88-88-39.4-88-88 39.4-88 88-88zm0 344c-58.7 0-111.3-26.6-146.5-68.2 18.8-35.4 55.6-59.8 98.5-59.8 2.4 0 4.8.4 7.1 1.1 13 4.2 26.6 6.9 40.9 6.9 14.3 0 28-2.7 40.9-6.9 2.3-.7 4.7-1.1 7.1-1.1 42.9 0 79.7 24.4 98.5 59.8C359.3 421.4 306.7 448 248 448z\" fill=\"currentColor\"><\/path><\/svg><\/span><span class=\"gb-headline-text\">Representante<\/span><\/p>\n\n\n\n<p>Gaidis Arins<br>Sales Manager<br>Tel: +372 526 8562<br>E-mail: gaidis@foxsec.eu<br>Horario: 9:00-17:00 L-V<\/p>\n\n<\/div>\n<\/div>\n<\/div><\/div>\n\n<div class=\"gb-container gb-container-6b690ac2\"><div class=\"gb-inside-container\">\n<div class=\"wpforms-container wpforms-container-full wpforms-render-modern\" id=\"wpforms-6762\"><form id=\"wpforms-form-6762\" class=\"wpforms-validate wpforms-form\" data-formid=\"6762\" method=\"post\" enctype=\"multipart\/form-data\" action=\"\/es\/wp-json\/wp\/v2\/pages\/5827\" data-token=\"016e0a8873b24756d7058bccec93f09a\"><noscript class=\"wpforms-error-noscript\">Por favor, activa JavaScript en tu navegador para completar este formulario.<\/noscript><div class=\"wpforms-hidden\" id=\"wpforms-error-noscript\">Por favor, activa JavaScript en tu navegador para completar este formulario.<\/div><div class=\"wpforms-field-container\"><div id=\"wpforms-6762-field_1-container\" class=\"wpforms-field wpforms-field-name wpforms-one-half wpforms-first\" data-field-id=\"1\"><label class=\"wpforms-field-label\" for=\"wpforms-6762-field_1\">Nombre <span class=\"wpforms-required-label\" aria-hidden=\"true\">*<\/span><\/label><input type=\"text\" id=\"wpforms-6762-field_1\" class=\"wpforms-field-large wpforms-field-required\" name=\"wpforms[fields][1]\" aria-errormessage=\"wpforms-6762-field_1-error\" required><\/div><div id=\"wpforms-6762-field_2-container\" class=\"wpforms-field wpforms-field-email wpforms-one-half\" data-field-id=\"2\"><label class=\"wpforms-field-label\" for=\"wpforms-6762-field_2\">Correo electr\u00f3nico <span class=\"wpforms-required-label\" aria-hidden=\"true\">*<\/span><\/label><input type=\"email\" id=\"wpforms-6762-field_2\" class=\"wpforms-field-large wpforms-field-required\" name=\"wpforms[fields][2]\" spellcheck=\"false\" aria-errormessage=\"wpforms-6762-field_2-error\" required><\/div><div id=\"wpforms-6762-field_3-container\" class=\"wpforms-field wpforms-field-phone wpforms-one-half wpforms-first\" data-field-id=\"3\"><label class=\"wpforms-field-label\" for=\"wpforms-6762-field_3\">Tel\u00e9fono<\/label><input type=\"tel\" id=\"wpforms-6762-field_3\" class=\"wpforms-field-large wpforms-smart-phone-field\" data-rule-smart-phone-field=\"true\" name=\"wpforms[fields][3]\" aria-errormessage=\"wpforms-6762-field_3-error\" ><\/div><div id=\"wpforms-6762-field_31-container\" class=\"wpforms-field wpforms-field-text wpforms-one-half\" data-field-id=\"31\"><label class=\"wpforms-field-label\" for=\"wpforms-6762-field_31\">Empresa<\/label><input type=\"text\" id=\"wpforms-6762-field_31\" class=\"wpforms-field-large\" name=\"wpforms[fields][31]\" aria-errormessage=\"wpforms-6762-field_31-error\" ><\/div><div id=\"wpforms-6762-field_33-container\" class=\"wpforms-field wpforms-field-select wpforms-field-select-style-classic\" data-field-id=\"33\"><label class=\"wpforms-field-label\" for=\"wpforms-6762-field_33\">Asunto *<\/label><select id=\"wpforms-6762-field_33\" class=\"wpforms-field-large\" name=\"wpforms[fields][33]\"><option value=\"Seleccione\" >Seleccione<\/option><option value=\"Atenci\u00f3n al cliente\" >Atenci\u00f3n al cliente<\/option><option value=\"Solicitud de presupuesto\" >Solicitud de presupuesto<\/option><option value=\"Solicitud de formaci\u00f3n online\" >Solicitud de formaci\u00f3n online<\/option><option value=\"Soporte t\u00e9cnico\" >Soporte t\u00e9cnico<\/option><option value=\"Solicitud de demo\" >Solicitud de demo<\/option><option value=\"Otro asunto\" >Otro asunto<\/option><\/select><\/div><div id=\"wpforms-6762-field_18-container\" class=\"wpforms-field wpforms-field-textarea\" data-field-id=\"18\"><label class=\"wpforms-field-label\" for=\"wpforms-6762-field_18\">Mensaje<\/label><textarea id=\"wpforms-6762-field_18\" class=\"wpforms-field-medium\" name=\"wpforms[fields][18]\" aria-errormessage=\"wpforms-6762-field_18-error\" ><\/textarea><\/div><div id=\"wpforms-6762-field_24-container\" class=\"wpforms-field wpforms-field-checkbox wpforms-list-inline\" data-field-id=\"24\"><fieldset><legend class=\"wpforms-field-label wpforms-label-hide\" aria-hidden=\"false\">Casillas de verificaci\u00f3n <span class=\"wpforms-required-label\" aria-hidden=\"true\">*<\/span><\/legend><ul id=\"wpforms-6762-field_24\" class=\"wpforms-field-required\"><li class=\"choice-3 depth-1\"><input type=\"checkbox\" id=\"wpforms-6762-field_24_3\" name=\"wpforms[fields][24][]\" value=\"He le\u00eddo y acepto la &lt;a href=&quot;https:\/\/foxsec.eu\/es\/politica-de-privacidad\/&quot;&gt;Politica de Privacidad&lt;\/a&gt; de sitio foxsec.eu\" aria-errormessage=\"wpforms-6762-field_24_3-error\" required ><label class=\"wpforms-field-label-inline\" for=\"wpforms-6762-field_24_3\">He le\u00eddo y acepto la <a href=\"https:\/\/foxsec.eu\/es\/politica-de-privacidad\/\">Politica de Privacidad<\/a> de sitio foxsec.eu<\/label><\/li><\/ul><\/fieldset><\/div><\/div><!-- .wpforms-field-container --><div class=\"wpforms-recaptcha-container wpforms-is-recaptcha wpforms-is-recaptcha-type-invisible\" ><div class=\"g-recaptcha\" data-sitekey=\"6Ld4ML8pAAAAAL1E6R1KCBUdnPnZ2NoxaamsViSO\" data-size=\"invisible\"><\/div><\/div><div class=\"wpforms-submit-container\" ><input type=\"hidden\" name=\"wpforms[id]\" value=\"6762\"><input type=\"hidden\" name=\"wpforms[author]\" value=\"1\"><button type=\"submit\" name=\"wpforms[submit]\" id=\"wpforms-submit-6762\" class=\"wpforms-submit\" data-alt-text=\"Enviando...\" data-submit-text=\"Enviar &gt;\" aria-live=\"assertive\" value=\"wpforms-submit\">Enviar &gt;<\/button><\/div><\/form><\/div>  <!-- .wpforms-container -->\n\n<\/div><\/div>\n<\/div>\n<\/div>\n\n<div class=\"gb-container gb-container-507de34b alignfull\">\n\n<h4 class=\"gb-headline gb-headline-2afe8567 gb-headline-text\">LA CENTRAL EN TALLIN, ESTONIA<\/h4>\n\n\n\n<div class=\"gb-headline gb-headline-b9609835 gb-headline-text\"><\/div>\n\n<\/div>\n\n<div class=\"gb-container gb-container-9672608a alignfull\">\n\n<iframe src=\"https:\/\/www.google.com\/maps\/embed?pb=!1m18!1m12!1m3!1d2029.8990190875747!2d24.739760500000003!3d59.418079399999996!2m3!1f0!2f0!3f0!3m2!1i1024!2i768!4f13.1!3m3!1m2!1s0x469294be069d03ad%3A0xa84afd812881c300!2sHardmeier%20Ltd.!5e0!3m2!1ses!2ses!4v1711996776121!5m2!1ses!2ses\" width=\"100%\" height=\"450\" style=\"border:0;\" allowfullscreen=\"\" loading=\"lazy\" referrerpolicy=\"no-referrer-when-downgrade\"><\/iframe>\n\n<\/div>","protected":false},"excerpt":{"rendered":"<p>Contacte con FoxSec Contacte con nosotros a trav\u00e9s de nuestros datos de contacto adjuntos o a tambi\u00e9n con el formulario indicado y un miembro de nuestro equipo le atender\u00e1 con la mayor brevedad posible. Sede Central Hardmeier O\u00dcP\u00e4rnu mnt 102, 11312Tallin, EstoniaTel: +372 6 661 400info@foxsec.eu Representante Gaidis ArinsSales ManagerTel: +372 526 8562E-mail: gaidis@foxsec.euHorario: 9:00-17:00 &#8230; <a title=\"Contacto\" class=\"read-more\" href=\"https:\/\/foxsec.eu\/es\/empresa\/contacto\/\" aria-label=\"Leer m\u00e1s sobre Contacto\">Leer m\u00e1s<\/a><\/p>\n","protected":false},"author":1,"featured_media":7473,"parent":4235,"menu_order":0,"comment_status":"closed","ping_status":"closed","template":"","meta":{"footnotes":""},"_links":{"self":[{"href":"https:\/\/foxsec.eu\/es\/wp-json\/wp\/v2\/pages\/5827"}],"collection":[{"href":"https:\/\/foxsec.eu\/es\/wp-json\/wp\/v2\/pages"}],"about":[{"href":"https:\/\/foxsec.eu\/es\/wp-json\/wp\/v2\/types\/page"}],"author":[{"embeddable":true,"href":"https:\/\/foxsec.eu\/es\/wp-json\/wp\/v2\/users\/1"}],"replies":[{"embeddable":true,"href":"https:\/\/foxsec.eu\/es\/wp-json\/wp\/v2\/comments?post=5827"}],"version-history":[{"count":35,"href":"https:\/\/foxsec.eu\/es\/wp-json\/wp\/v2\/pages\/5827\/revisions"}],"predecessor-version":[{"id":7754,"href":"https:\/\/foxsec.eu\/es\/wp-json\/wp\/v2\/pages\/5827\/revisions\/7754"}],"up":[{"embeddable":true,"href":"https:\/\/foxsec.eu\/es\/wp-json\/wp\/v2\/pages\/4235"}],"wp:featuredmedia":[{"embeddable":true,"href":"https:\/\/foxsec.eu\/es\/wp-json\/wp\/v2\/media\/7473"}],"wp:attachment":[{"href":"https:\/\/foxsec.eu\/es\/wp-json\/wp\/v2\/media?parent=5827"}],"curies":[{"name":"wp","href":"https:\/\/api.w.org\/{rel}","templated":true}]}}