{"id":5821,"date":"2024-03-20T11:12:33","date_gmt":"2024-03-20T11:12:33","guid":{"rendered":"https:\/\/foxsec.eu\/es\/?page_id=5821"},"modified":"2024-04-18T13:01:35","modified_gmt":"2024-04-18T13:01:35","slug":"nosotros","status":"publish","type":"page","link":"https:\/\/foxsec.eu\/es\/empresa\/nosotros\/","title":{"rendered":"Nosotros"},"content":{"rendered":"<div class=\"gb-container gb-container-ec8ac61f\">\n<div class=\"gb-container gb-container-b18ed8df\">\n<div class=\"gb-container gb-container-b581b3c3\">\n\n<p class=\"gb-headline gb-headline-974f7b82 gb-headline-text\">De propiedad familiar desde 1994<\/p>\n\n\n\n<h2 class=\"gb-headline gb-headline-9836264b gb-headline-text\">Fabricante europeo de sistemas electr\u00f3nicos de seguridad<\/h2>\n\n\n\n<p>Somos Hardmeier O\u00dc, una empresa familiar con dos generaciones trabajando activamente para superar las expectativas de los clientes. Desarrollamos y producimos productos de seguridad electr\u00f3nica bajo la marca FOXSEC. Con m\u00e1s de tres d\u00e9cadas de experiencia en integraci\u00f3n y un profundo conocimiento de las \u00faltimas tecnolog\u00edas del sector, el nombre FOXSEC es sin\u00f3nimo de productos y soluciones de protecci\u00f3n integrales, de alta calidad, eficaces, seguros e innovadores. Para nosotros son de suma importancia las asociaciones contractuales honestas, concienzudas y a largo plazo, as\u00ed como un servicio amable y personalizado.<\/p>\n\n\n\n<p>El objetivo de nuestra empresa es crear soluciones innovadoras y producir productos de alta calidad que cumplan con las expectativas del mercado en constante cambio. La eficiencia operativa, la minimizaci\u00f3n del mantenimiento y la sostenibilidad son \u00e1reas clave que queremos desarrollar para mejorar la competitividad y rentabilidad de las operaciones de nuestros clientes y, por tanto, de las nuestras.<\/p>\n\n<\/div>\n\n<div class=\"gb-container gb-container-1293ec69\">\n\n<figure class=\"wp-block-image size-full\"><img loading=\"lazy\" decoding=\"async\" width=\"1920\" height=\"1280\" src=\"https:\/\/foxsec.eu\/es\/wp-content\/uploads\/2024\/04\/FoxSec-PRO-Intrusion.jpg\" alt=\"\" class=\"wp-image-6729\" srcset=\"https:\/\/foxsec.eu\/es\/wp-content\/uploads\/2024\/04\/FoxSec-PRO-Intrusion.jpg 1920w, https:\/\/foxsec.eu\/es\/wp-content\/uploads\/2024\/04\/FoxSec-PRO-Intrusion-300x200.jpg 300w, https:\/\/foxsec.eu\/es\/wp-content\/uploads\/2024\/04\/FoxSec-PRO-Intrusion-1024x683.jpg 1024w, https:\/\/foxsec.eu\/es\/wp-content\/uploads\/2024\/04\/FoxSec-PRO-Intrusion-768x512.jpg 768w, https:\/\/foxsec.eu\/es\/wp-content\/uploads\/2024\/04\/FoxSec-PRO-Intrusion-1536x1024.jpg 1536w, https:\/\/foxsec.eu\/es\/wp-content\/uploads\/2024\/04\/FoxSec-PRO-Intrusion-800x533.jpg 800w\" sizes=\"(max-width: 1920px) 100vw, 1920px\" \/><\/figure>\n\n<\/div>\n<\/div>\n<\/div>\n\n<div class=\"gb-container gb-container-2165de3b\">\n<div class=\"gb-container gb-container-c9f93936\">\n\n<h2 class=\"gb-headline gb-headline-4d44ce53\"><span class=\"gb-icon\"><svg xmlns=\"http:\/\/www.w3.org\/2000\/svg\" width=\"16\" height=\"16\" class=\"bi bi-dash\" viewBox=\"0 0 16 16\">   <path d=\"M4 8a.5.5 0 0 1 .5-.5h7a.5.5 0 0 1 0 1h-7A.5.5 0 0 1 4 8z\"><\/path> <\/svg><\/span><span class=\"gb-headline-text\">Nuestra historia<\/span><\/h2>\n\n\n\n<p class=\"gb-headline gb-headline-f52fc9fa gb-headline-text\">La compa\u00f1\u00eda fue fundada en 1994 en Tallin, Estonia. Desde unos comienzos humildes hasta un punto de referencia europeo, nuestro viaje ha estado marcado por la innovaci\u00f3n constante, un equipo dedicado y un fuerte compromiso con la calidad y la excelencia.<\/p>\n\n\n<div class=\"gb-grid-wrapper gb-grid-wrapper-aa991320\">\n<div class=\"gb-grid-column gb-grid-column-a7013218\"><div class=\"gb-container gb-container-a7013218\">\n\n<h3 class=\"gb-headline gb-headline-40a61743 gb-headline-text\">1994<\/h3>\n\n\n<div class=\"gb-container gb-container-6cf40105\">\n<div class=\"gb-container gb-container-f39e7620\"><\/div>\n\n\n<div class=\"gb-headline gb-headline-41650a5c\"><span class=\"gb-icon\"><svg aria-hidden=\"true\" role=\"img\" height=\"1em\" width=\"1em\" viewBox=\"0 0 512 512\" xmlns=\"http:\/\/www.w3.org\/2000\/svg\"><path fill=\"currentColor\" d=\"M256 8C119 8 8 119 8 256s111 248 248 248 248-111 248-248S393 8 256 8z\"><\/path><\/svg><\/span><\/div>\n\n\n<div class=\"gb-container gb-container-e7a60ee8\"><\/div>\n<\/div>\n\n<div class=\"gb-container gb-container-0ad355b4\">\n\n<p class=\"gb-headline gb-headline-f7f8b717 gb-headline-text\">Empresa fundada<\/p>\n\n\n\n<p class=\"gb-headline gb-headline-463fcbcc gb-headline-text\">Hardmeier O\u00dc inici\u00f3 su actividad como desarrollador y fabricante de sistemas de control de accesos<\/p>\n\n<\/div>\n<\/div><\/div>\n\n<div class=\"gb-grid-column gb-grid-column-a9802284\"><div class=\"gb-container gb-container-a9802284\">\n\n<h3 class=\"gb-headline gb-headline-8a3276c0 gb-headline-text\">2006<\/h3>\n\n\n<div class=\"gb-container gb-container-4cbdb838\">\n<div class=\"gb-container gb-container-76e5c2e1\"><\/div>\n\n\n<div class=\"gb-headline gb-headline-7d13a72f\"><span class=\"gb-icon\"><svg aria-hidden=\"true\" role=\"img\" height=\"1em\" width=\"1em\" viewBox=\"0 0 512 512\" xmlns=\"http:\/\/www.w3.org\/2000\/svg\"><path fill=\"currentColor\" d=\"M256 8C119 8 8 119 8 256s111 248 248 248 248-111 248-248S393 8 256 8z\"><\/path><\/svg><\/span><\/div>\n\n\n<div class=\"gb-container gb-container-2ffb0119\"><\/div>\n<\/div>\n\n<div class=\"gb-container gb-container-a4eec326\">\n\n<p class=\"gb-headline gb-headline-ca47854c gb-headline-text\">Naci\u00f3 la marca FoxSec<\/p>\n\n\n<div class=\"gb-container gb-container-1f76a7eb\">\n\n<p class=\"gb-headline gb-headline-712b3f23 gb-headline-text\">Junto con la creaci\u00f3n de una nueva marca, Hardmeier O\u00dc comienza a desarrollar y producir sistemas de alarma de intrusi\u00f3n<\/p>\n\n<\/div>\n<\/div>\n<\/div><\/div>\n\n<div class=\"gb-grid-column gb-grid-column-a5fda85c\"><div class=\"gb-container gb-container-a5fda85c\">\n\n<h3 class=\"gb-headline gb-headline-6013c564 gb-headline-text\">2020<\/h3>\n\n\n<div class=\"gb-container gb-container-d0f4c2c0\">\n<div class=\"gb-container gb-container-042744a2\"><\/div>\n\n\n<div class=\"gb-headline gb-headline-61e40c83\"><span class=\"gb-icon\"><svg aria-hidden=\"true\" role=\"img\" height=\"1em\" width=\"1em\" viewBox=\"0 0 512 512\" xmlns=\"http:\/\/www.w3.org\/2000\/svg\"><path fill=\"currentColor\" d=\"M256 8C119 8 8 119 8 256s111 248 248 248 248-111 248-248S393 8 256 8z\"><\/path><\/svg><\/span><\/div>\n\n\n<div class=\"gb-container gb-container-15071217\"><\/div>\n<\/div>\n\n<div class=\"gb-container gb-container-720cc8c2\">\n\n<p class=\"gb-headline gb-headline-18f696f0 gb-headline-text\">Nueva l\u00ednea de productos<\/p>\n\n\n\n<p class=\"gb-headline gb-headline-7173da4d gb-headline-text\">Para cubrir las tendencias actuales y ofrecer soluciones para el espacio de trabajo del futuro desarrollamos productos para almacenamiento seguro<\/p>\n\n<\/div>\n<\/div><\/div>\n\n<div class=\"gb-grid-column gb-grid-column-22e44dc7\"><div class=\"gb-container gb-container-22e44dc7\">\n\n<h3 class=\"gb-headline gb-headline-68b3bf97 gb-headline-text\">2023<\/h3>\n\n\n<div class=\"gb-container gb-container-9afaccd8\">\n<div class=\"gb-container gb-container-0481ff8a\"><\/div>\n\n\n<div class=\"gb-headline gb-headline-e3fedd9f\"><span class=\"gb-icon\"><svg aria-hidden=\"true\" role=\"img\" height=\"1em\" width=\"1em\" viewBox=\"0 0 512 512\" xmlns=\"http:\/\/www.w3.org\/2000\/svg\"><path fill=\"currentColor\" d=\"M256 8C119 8 8 119 8 256s111 248 248 248 248-111 248-248S393 8 256 8z\"><\/path><\/svg><\/span><\/div>\n\n\n<div class=\"gb-container gb-container-0c1e4f13\"><\/div>\n<\/div>\n\n<div class=\"gb-container gb-container-516d54c0\">\n\n<p class=\"gb-headline gb-headline-99036568 gb-headline-text\">Certificaci\u00f3n Grado 3<\/p>\n\n\n\n<p class=\"gb-headline gb-headline-8f336df9 gb-headline-text\">Hardmeier O\u00dc ya cuenta con productos certificados de Grado 3 en la l\u00ednea de productos FoxSec PRO Intrusion<\/p>\n\n<\/div>\n<\/div><\/div>\n<\/div>\n<\/div>\n<\/div>","protected":false},"excerpt":{"rendered":"<p>De propiedad familiar desde 1994 Fabricante europeo de sistemas electr\u00f3nicos de seguridad Somos Hardmeier O\u00dc, una empresa familiar con dos generaciones trabajando activamente para superar las expectativas de los clientes. Desarrollamos y producimos productos de seguridad electr\u00f3nica bajo la marca FOXSEC. Con m\u00e1s de tres d\u00e9cadas de experiencia en integraci\u00f3n y un profundo conocimiento de &#8230; <a title=\"Nosotros\" class=\"read-more\" href=\"https:\/\/foxsec.eu\/es\/empresa\/nosotros\/\" aria-label=\"Leer m\u00e1s sobre Nosotros\">Leer m\u00e1s<\/a><\/p>\n","protected":false},"author":1,"featured_media":7473,"parent":4235,"menu_order":0,"comment_status":"closed","ping_status":"closed","template":"","meta":{"footnotes":""},"_links":{"self":[{"href":"https:\/\/foxsec.eu\/es\/wp-json\/wp\/v2\/pages\/5821"}],"collection":[{"href":"https:\/\/foxsec.eu\/es\/wp-json\/wp\/v2\/pages"}],"about":[{"href":"https:\/\/foxsec.eu\/es\/wp-json\/wp\/v2\/types\/page"}],"author":[{"embeddable":true,"href":"https:\/\/foxsec.eu\/es\/wp-json\/wp\/v2\/users\/1"}],"replies":[{"embeddable":true,"href":"https:\/\/foxsec.eu\/es\/wp-json\/wp\/v2\/comments?post=5821"}],"version-history":[{"count":71,"href":"https:\/\/foxsec.eu\/es\/wp-json\/wp\/v2\/pages\/5821\/revisions"}],"predecessor-version":[{"id":7358,"href":"https:\/\/foxsec.eu\/es\/wp-json\/wp\/v2\/pages\/5821\/revisions\/7358"}],"up":[{"embeddable":true,"href":"https:\/\/foxsec.eu\/es\/wp-json\/wp\/v2\/pages\/4235"}],"wp:featuredmedia":[{"embeddable":true,"href":"https:\/\/foxsec.eu\/es\/wp-json\/wp\/v2\/media\/7473"}],"wp:attachment":[{"href":"https:\/\/foxsec.eu\/es\/wp-json\/wp\/v2\/media?parent=5821"}],"curies":[{"name":"wp","href":"https:\/\/api.w.org\/{rel}","templated":true}]}}