{"id":5817,"date":"2024-03-20T11:10:23","date_gmt":"2024-03-20T11:10:23","guid":{"rendered":"https:\/\/foxsec.eu\/es\/?page_id=5817"},"modified":"2024-11-20T19:24:11","modified_gmt":"2024-11-20T16:24:11","slug":"tarifa","status":"publish","type":"page","link":"https:\/\/foxsec.eu\/es\/foxsec-cloud\/tarifa\/","title":{"rendered":"Tarifa"},"content":{"rendered":"<section class=\"gb-container gb-container-ad63df80\">\n\n<h2 class=\"gb-headline gb-headline-b5937dea gb-headline-text\">Planes de Suscripci\u00f3n<\/h2>\n\n\n\n<p class=\"gb-headline gb-headline-bfdfa894 gb-headline-text\">FoxSec control de acceso a puertas en la nube se entrega a trav\u00e9s de los planes de suscripci\u00f3n de FoxSec CLOUD. Se requiere un sistema de control de acceso de FoxSec instalado para la implementaci\u00f3n de este servicio. Los planes de suscripci\u00f3n tienen un precio por usuario de credenciales (tarjeta de proximidad, datos biom\u00e9tricos, c\u00f3digo QR, credencial m\u00f3vil, etc.) por mes y var\u00edan seg\u00fan las necesidades de integraci\u00f3n. Todos los planes incluyen un n\u00famero ilimitado de puertas, registro horario de empleados, acceso web, monitoreo operativo y gesti\u00f3n 24 horas al d\u00eda, 7 d\u00edas a la semana y alertas ilimitadas. Los siguientes planes son los m\u00e1s populares, pero si tiene necesidades de integraci\u00f3n m\u00e1s amplias o tendr\u00e1 m\u00e1s de 500 usuarios o m\u00e1s de 1 empresa, cont\u00e1ctenos para obtener una cotizaci\u00f3n individual.<\/p>\n\n<\/section>\n\n<div class=\"gb-container gb-container-b5ae902c\">\n<div class=\"gb-container gb-container-782fa2bf shadow-container\">\n\n<p class=\"gb-headline gb-headline-1f7d8559 gb-headline-text\">Security Basic<\/p>\n\n\n\n<p class=\"gb-headline gb-headline-c9da4eb3 gb-headline-text\">1 empresa \/ hasta 10 usuarios<\/p>\n\n\n<div class=\"gb-container gb-container-ad3ad55e\">\n\n<div class=\"gb-headline gb-headline-3d65bab6 gb-headline-text\"><strong>30<\/strong><\/div>\n\n\n\n<div class=\"gb-headline gb-headline-f2cccdf1 gb-headline-text\"><strong>\u20ac<\/strong>\/mes<\/div>\n\n<\/div>\n\n\n<p class=\"gb-headline gb-headline-4ebd5446\"><span class=\"gb-icon\"><svg viewBox=\"0 0 16 16\" class=\"bi bi-check\" fill=\"currentColor\" height=\"16\" width=\"16\" xmlns=\"http:\/\/www.w3.org\/2000\/svg\">   <path d=\"M10.97 4.97a.75.75 0 0 1 1.07 1.05l-3.99 4.99a.75.75 0 0 1-1.08.02L4.324 8.384a.75.75 0 1 1 1.06-1.06l2.094 2.093 3.473-4.425a.267.267 0 0 1 .02-.022z\"><\/path> <\/svg><\/span><span class=\"gb-headline-text\">N\u00famero ilimitado de puertas<\/span><\/p>\n\n\n\n<p class=\"gb-headline gb-headline-b31b85eb\"><span class=\"gb-icon\"><svg viewBox=\"0 0 16 16\" class=\"bi bi-check\" fill=\"currentColor\" height=\"16\" width=\"16\" xmlns=\"http:\/\/www.w3.org\/2000\/svg\">   <path d=\"M10.97 4.97a.75.75 0 0 1 1.07 1.05l-3.99 4.99a.75.75 0 0 1-1.08.02L4.324 8.384a.75.75 0 1 1 1.06-1.06l2.094 2.093 3.473-4.425a.267.267 0 0 1 .02-.022z\"><\/path> <\/svg><\/span><span class=\"gb-headline-text\">Gesti\u00f3n remota<\/span><\/p>\n\n\n\n<p class=\"gb-headline gb-headline-298d185e\"><span class=\"gb-icon\"><svg viewBox=\"0 0 16 16\" class=\"bi bi-check\" fill=\"currentColor\" height=\"16\" width=\"16\" xmlns=\"http:\/\/www.w3.org\/2000\/svg\">   <path d=\"M10.97 4.97a.75.75 0 0 1 1.07 1.05l-3.99 4.99a.75.75 0 0 1-1.08.02L4.324 8.384a.75.75 0 1 1 1.06-1.06l2.094 2.093 3.473-4.425a.267.267 0 0 1 .02-.022z\"><\/path> <\/svg><\/span><span class=\"gb-headline-text\">Gesti\u00f3n de m\u00faltiples sitios<\/span><\/p>\n\n\n\n<p class=\"gb-headline gb-headline-e884176e\"><span class=\"gb-icon\"><svg viewBox=\"0 0 16 16\" class=\"bi bi-check\" fill=\"currentColor\" height=\"16\" width=\"16\" xmlns=\"http:\/\/www.w3.org\/2000\/svg\">   <path d=\"M10.97 4.97a.75.75 0 0 1 1.07 1.05l-3.99 4.99a.75.75 0 0 1-1.08.02L4.324 8.384a.75.75 0 1 1 1.06-1.06l2.094 2.093 3.473-4.425a.267.267 0 0 1 .02-.022z\"><\/path> <\/svg><\/span><span class=\"gb-headline-text\">Eventos en tiempo real<\/span><\/p>\n\n\n\n<p class=\"gb-headline gb-headline-03b9492d\"><span class=\"gb-icon\"><svg viewBox=\"0 0 16 16\" class=\"bi bi-check\" fill=\"currentColor\" height=\"16\" width=\"16\" xmlns=\"http:\/\/www.w3.org\/2000\/svg\">   <path d=\"M10.97 4.97a.75.75 0 0 1 1.07 1.05l-3.99 4.99a.75.75 0 0 1-1.08.02L4.324 8.384a.75.75 0 1 1 1.06-1.06l2.094 2.093 3.473-4.425a.267.267 0 0 1 .02-.022z\"><\/path> <\/svg><\/span><span class=\"gb-headline-text\">Control y registro horario<\/span><\/p>\n\n\n\n<p class=\"gb-headline gb-headline-181c589f\"><span class=\"gb-icon\"><svg viewBox=\"0 0 16 16\" class=\"bi bi-check\" fill=\"currentColor\" height=\"16\" width=\"16\" xmlns=\"http:\/\/www.w3.org\/2000\/svg\">   <path d=\"M10.97 4.97a.75.75 0 0 1 1.07 1.05l-3.99 4.99a.75.75 0 0 1-1.08.02L4.324 8.384a.75.75 0 1 1 1.06-1.06l2.094 2.093 3.473-4.425a.267.267 0 0 1 .02-.022z\"><\/path> <\/svg><\/span><span class=\"gb-headline-text\">Actualizaciones autom\u00e1ticas<\/span><\/p>\n\n\n\n<a class=\"gb-button gb-button-986b12e6 gb-button-text shadow-container\" href=\"#\"><\/a>\n\n\n\t<a class=\"paoc-popup-click paoc-popup-cust-7324 paoc-popup-button paoc-popup-btn popupaoc-orange\" href=\"javascript:void(0);\">Contratar Basic   &gt;<\/a>\r\n\n\n<\/div>\n\n<div class=\"gb-container gb-container-a37585a5 shadow-container\">\n\n<p class=\"gb-headline gb-headline-94f0fa67 gb-headline-text\">Security Standard<\/p>\n\n\n\n<p class=\"gb-headline gb-headline-67d73bd8 gb-headline-text\">1 empresa \/ hasta 100 usuarios<\/p>\n\n\n<div class=\"gb-container gb-container-70d3ae81\">\n\n<div class=\"gb-headline gb-headline-c4ead5bb gb-headline-text\"><strong>120<\/strong><\/div>\n\n\n\n<div class=\"gb-headline gb-headline-3fbec442 gb-headline-text\"><strong>\u20ac<\/strong>\/mes<\/div>\n\n<\/div>\n\n\n<p class=\"gb-headline gb-headline-1a245622\"><span class=\"gb-icon\"><svg viewBox=\"0 0 16 16\" class=\"bi bi-check\" fill=\"currentColor\" height=\"16\" width=\"16\" xmlns=\"http:\/\/www.w3.org\/2000\/svg\">   <path d=\"M10.97 4.97a.75.75 0 0 1 1.07 1.05l-3.99 4.99a.75.75 0 0 1-1.08.02L4.324 8.384a.75.75 0 1 1 1.06-1.06l2.094 2.093 3.473-4.425a.267.267 0 0 1 .02-.022z\"><\/path> <\/svg><\/span><span class=\"gb-headline-text\">N\u00famero ilimitado de puertas<\/span><\/p>\n\n\n\n<p class=\"gb-headline gb-headline-07f93af3\"><span class=\"gb-icon\"><svg viewBox=\"0 0 16 16\" class=\"bi bi-check\" fill=\"currentColor\" height=\"16\" width=\"16\" xmlns=\"http:\/\/www.w3.org\/2000\/svg\">   <path d=\"M10.97 4.97a.75.75 0 0 1 1.07 1.05l-3.99 4.99a.75.75 0 0 1-1.08.02L4.324 8.384a.75.75 0 1 1 1.06-1.06l2.094 2.093 3.473-4.425a.267.267 0 0 1 .02-.022z\"><\/path> <\/svg><\/span><span class=\"gb-headline-text\">Gesti\u00f3n remota<\/span><\/p>\n\n\n\n<p class=\"gb-headline gb-headline-a1718bd0\"><span class=\"gb-icon\"><svg viewBox=\"0 0 16 16\" class=\"bi bi-check\" fill=\"currentColor\" height=\"16\" width=\"16\" xmlns=\"http:\/\/www.w3.org\/2000\/svg\">   <path d=\"M10.97 4.97a.75.75 0 0 1 1.07 1.05l-3.99 4.99a.75.75 0 0 1-1.08.02L4.324 8.384a.75.75 0 1 1 1.06-1.06l2.094 2.093 3.473-4.425a.267.267 0 0 1 .02-.022z\"><\/path> <\/svg><\/span><span class=\"gb-headline-text\">Gesti\u00f3n de m\u00faltiples sitios<\/span><\/p>\n\n\n\n<p class=\"gb-headline gb-headline-b77a9aec\"><span class=\"gb-icon\"><svg viewBox=\"0 0 16 16\" class=\"bi bi-check\" fill=\"currentColor\" height=\"16\" width=\"16\" xmlns=\"http:\/\/www.w3.org\/2000\/svg\">   <path d=\"M10.97 4.97a.75.75 0 0 1 1.07 1.05l-3.99 4.99a.75.75 0 0 1-1.08.02L4.324 8.384a.75.75 0 1 1 1.06-1.06l2.094 2.093 3.473-4.425a.267.267 0 0 1 .02-.022z\"><\/path> <\/svg><\/span><span class=\"gb-headline-text\">Eventos en tiempo real<\/span><\/p>\n\n\n\n<p class=\"gb-headline gb-headline-09a8af79\"><span class=\"gb-icon\"><svg viewBox=\"0 0 16 16\" class=\"bi bi-check\" fill=\"currentColor\" height=\"16\" width=\"16\" xmlns=\"http:\/\/www.w3.org\/2000\/svg\">   <path d=\"M10.97 4.97a.75.75 0 0 1 1.07 1.05l-3.99 4.99a.75.75 0 0 1-1.08.02L4.324 8.384a.75.75 0 1 1 1.06-1.06l2.094 2.093 3.473-4.425a.267.267 0 0 1 .02-.022z\"><\/path> <\/svg><\/span><span class=\"gb-headline-text\">Control y registro horario<\/span><\/p>\n\n\n\n<p class=\"gb-headline gb-headline-9874cdf0\"><span class=\"gb-icon\"><svg viewBox=\"0 0 16 16\" class=\"bi bi-check\" fill=\"currentColor\" height=\"16\" width=\"16\" xmlns=\"http:\/\/www.w3.org\/2000\/svg\">   <path d=\"M10.97 4.97a.75.75 0 0 1 1.07 1.05l-3.99 4.99a.75.75 0 0 1-1.08.02L4.324 8.384a.75.75 0 1 1 1.06-1.06l2.094 2.093 3.473-4.425a.267.267 0 0 1 .02-.022z\"><\/path> <\/svg><\/span><span class=\"gb-headline-text\">Actualizaciones autom\u00e1ticas<\/span><\/p>\n\n\n\n<p class=\"gb-headline gb-headline-f9717355\"><span class=\"gb-icon\"><svg viewBox=\"0 0 16 16\" class=\"bi bi-check\" fill=\"currentColor\" height=\"16\" width=\"16\" xmlns=\"http:\/\/www.w3.org\/2000\/svg\">   <path d=\"M10.97 4.97a.75.75 0 0 1 1.07 1.05l-3.99 4.99a.75.75 0 0 1-1.08.02L4.324 8.384a.75.75 0 1 1 1.06-1.06l2.094 2.093 3.473-4.425a.267.267 0 0 1 .02-.022z\"><\/path> <\/svg><\/span><span class=\"gb-headline-text\">Visualizaci\u00f3n gr\u00e1fica<\/span><\/p>\n\n\n\n<p class=\"gb-headline gb-headline-b5c231ef\"><span class=\"gb-icon\"><svg viewBox=\"0 0 16 16\" class=\"bi bi-check\" fill=\"currentColor\" height=\"16\" width=\"16\" xmlns=\"http:\/\/www.w3.org\/2000\/svg\">   <path d=\"M10.97 4.97a.75.75 0 0 1 1.07 1.05l-3.99 4.99a.75.75 0 0 1-1.08.02L4.324 8.384a.75.75 0 1 1 1.06-1.06l2.094 2.093 3.473-4.425a.267.267 0 0 1 .02-.022z\"><\/path> <\/svg><\/span><span class=\"gb-headline-text\">* Integraci\u00f3n con CCTV<\/span><\/p>\n\n\n\n<a class=\"gb-button gb-button-f31ad28d gb-button-text shadow-container\" href=\"#\"><\/a>\n\n\n\t<a class=\"paoc-popup-click paoc-popup-cust-7326 paoc-popup-button paoc-popup-btn popupaoc-orange\" href=\"javascript:void(0);\">Contratar Standard   &gt;<\/a>\r\n\n\n<\/div>\n\n<div class=\"gb-container gb-container-ac3102b6 shadow-container\">\n\n<p class=\"gb-headline gb-headline-b34e0281 gb-headline-text\">Security Advanced<\/p>\n\n\n\n<p class=\"gb-headline gb-headline-5030addc gb-headline-text\">1 empresa \/ hasta 500 usuarios<\/p>\n\n\n<div class=\"gb-container gb-container-ae231fbb\">\n\n<div class=\"gb-headline gb-headline-ab55e72a gb-headline-text\"><strong>360<\/strong><\/div>\n\n\n\n<div class=\"gb-headline gb-headline-c58987cc gb-headline-text\"><strong>\u20ac<\/strong>\/mes<\/div>\n\n<\/div>\n\n\n<p class=\"gb-headline gb-headline-664e722d\"><span class=\"gb-icon\"><svg viewBox=\"0 0 16 16\" class=\"bi bi-check\" fill=\"currentColor\" height=\"16\" width=\"16\" xmlns=\"http:\/\/www.w3.org\/2000\/svg\">   <path d=\"M10.97 4.97a.75.75 0 0 1 1.07 1.05l-3.99 4.99a.75.75 0 0 1-1.08.02L4.324 8.384a.75.75 0 1 1 1.06-1.06l2.094 2.093 3.473-4.425a.267.267 0 0 1 .02-.022z\"><\/path> <\/svg><\/span><span class=\"gb-headline-text\">N\u00famero ilimitado de puertas<\/span><\/p>\n\n\n\n<p class=\"gb-headline gb-headline-b639812c\"><span class=\"gb-icon\"><svg viewBox=\"0 0 16 16\" class=\"bi bi-check\" fill=\"currentColor\" height=\"16\" width=\"16\" xmlns=\"http:\/\/www.w3.org\/2000\/svg\">   <path d=\"M10.97 4.97a.75.75 0 0 1 1.07 1.05l-3.99 4.99a.75.75 0 0 1-1.08.02L4.324 8.384a.75.75 0 1 1 1.06-1.06l2.094 2.093 3.473-4.425a.267.267 0 0 1 .02-.022z\"><\/path> <\/svg><\/span><span class=\"gb-headline-text\">Gesti\u00f3n remota<\/span><\/p>\n\n\n\n<p class=\"gb-headline gb-headline-23f05500\"><span class=\"gb-icon\"><svg viewBox=\"0 0 16 16\" class=\"bi bi-check\" fill=\"currentColor\" height=\"16\" width=\"16\" xmlns=\"http:\/\/www.w3.org\/2000\/svg\">   <path d=\"M10.97 4.97a.75.75 0 0 1 1.07 1.05l-3.99 4.99a.75.75 0 0 1-1.08.02L4.324 8.384a.75.75 0 1 1 1.06-1.06l2.094 2.093 3.473-4.425a.267.267 0 0 1 .02-.022z\"><\/path> <\/svg><\/span><span class=\"gb-headline-text\">Gesti\u00f3n de m\u00faltiples sitios<\/span><\/p>\n\n\n\n<p class=\"gb-headline gb-headline-1ad5136f\"><span class=\"gb-icon\"><svg viewBox=\"0 0 16 16\" class=\"bi bi-check\" fill=\"currentColor\" height=\"16\" width=\"16\" xmlns=\"http:\/\/www.w3.org\/2000\/svg\">   <path d=\"M10.97 4.97a.75.75 0 0 1 1.07 1.05l-3.99 4.99a.75.75 0 0 1-1.08.02L4.324 8.384a.75.75 0 1 1 1.06-1.06l2.094 2.093 3.473-4.425a.267.267 0 0 1 .02-.022z\"><\/path> <\/svg><\/span><span class=\"gb-headline-text\">Eventos en tiempo real<\/span><\/p>\n\n\n\n<p class=\"gb-headline gb-headline-33ac66af\"><span class=\"gb-icon\"><svg viewBox=\"0 0 16 16\" class=\"bi bi-check\" fill=\"currentColor\" height=\"16\" width=\"16\" xmlns=\"http:\/\/www.w3.org\/2000\/svg\">   <path d=\"M10.97 4.97a.75.75 0 0 1 1.07 1.05l-3.99 4.99a.75.75 0 0 1-1.08.02L4.324 8.384a.75.75 0 1 1 1.06-1.06l2.094 2.093 3.473-4.425a.267.267 0 0 1 .02-.022z\"><\/path> <\/svg><\/span><span class=\"gb-headline-text\">Control y registro horario<\/span><\/p>\n\n\n\n<p class=\"gb-headline gb-headline-5f4a9a19\"><span class=\"gb-icon\"><svg viewBox=\"0 0 16 16\" class=\"bi bi-check\" fill=\"currentColor\" height=\"16\" width=\"16\" xmlns=\"http:\/\/www.w3.org\/2000\/svg\">   <path d=\"M10.97 4.97a.75.75 0 0 1 1.07 1.05l-3.99 4.99a.75.75 0 0 1-1.08.02L4.324 8.384a.75.75 0 1 1 1.06-1.06l2.094 2.093 3.473-4.425a.267.267 0 0 1 .02-.022z\"><\/path> <\/svg><\/span><span class=\"gb-headline-text\">Actualizaciones autom\u00e1ticas<\/span><\/p>\n\n\n\n<p class=\"gb-headline gb-headline-80936fd4\"><span class=\"gb-icon\"><svg viewBox=\"0 0 16 16\" class=\"bi bi-check\" fill=\"currentColor\" height=\"16\" width=\"16\" xmlns=\"http:\/\/www.w3.org\/2000\/svg\">   <path d=\"M10.97 4.97a.75.75 0 0 1 1.07 1.05l-3.99 4.99a.75.75 0 0 1-1.08.02L4.324 8.384a.75.75 0 1 1 1.06-1.06l2.094 2.093 3.473-4.425a.267.267 0 0 1 .02-.022z\"><\/path> <\/svg><\/span><span class=\"gb-headline-text\">Visualizaci\u00f3n gr\u00e1fica<\/span><\/p>\n\n\n\n<p class=\"gb-headline gb-headline-f000b4de\"><span class=\"gb-icon\"><svg viewBox=\"0 0 16 16\" class=\"bi bi-check\" fill=\"currentColor\" height=\"16\" width=\"16\" xmlns=\"http:\/\/www.w3.org\/2000\/svg\">   <path d=\"M10.97 4.97a.75.75 0 0 1 1.07 1.05l-3.99 4.99a.75.75 0 0 1-1.08.02L4.324 8.384a.75.75 0 1 1 1.06-1.06l2.094 2.093 3.473-4.425a.267.267 0 0 1 .02-.022z\"><\/path> <\/svg><\/span><span class=\"gb-headline-text\">* Integraci\u00f3n con CCTV<\/span><\/p>\n\n\n\n<p class=\"gb-headline gb-headline-17f93019\"><span class=\"gb-icon\"><svg viewBox=\"0 0 16 16\" class=\"bi bi-check\" fill=\"currentColor\" height=\"16\" width=\"16\" xmlns=\"http:\/\/www.w3.org\/2000\/svg\">   <path d=\"M10.97 4.97a.75.75 0 0 1 1.07 1.05l-3.99 4.99a.75.75 0 0 1-1.08.02L4.324 8.384a.75.75 0 1 1 1.06-1.06l2.094 2.093 3.473-4.425a.267.267 0 0 1 .02-.022z\"><\/path> <\/svg><\/span><span class=\"gb-headline-text\">** Integraci\u00f3n con alarma<\/span><\/p>\n\n\n\n<a class=\"gb-button gb-button-cbfe7fe6 gb-button-text shadow-container\" href=\"#\"><\/a>\n\n\n\t<a class=\"paoc-popup-click paoc-popup-cust-7327 paoc-popup-button paoc-popup-btn popupaoc-orange\" href=\"javascript:void(0);\">Contratar Advanced   &gt;<\/a>\r\n\n\n<\/div>\n<\/div>\n\n<section class=\"gb-container gb-container-a5f493cb\">\n\n<p>* Integraci\u00f3n en la nube disponible s\u00f3lo con grabadores NVR Dahua o Hikvison. Se aplica cargos adicionales dependiendo del n\u00famero de conexiones.<\/p>\n\n\n\n<p>** Integraci\u00f3n en la nube disponible s\u00f3lo con alarma de intrusi\u00f3n FoxSec. Se puede conectar un n\u00famero ilimitado de zonas de alarma.<\/p>\n\n<\/section>","protected":false},"excerpt":{"rendered":"<p>Planes de Suscripci\u00f3n FoxSec control de acceso a puertas en la nube se entrega a trav\u00e9s de los planes de suscripci\u00f3n de FoxSec CLOUD. Se requiere un sistema de control de acceso de FoxSec instalado para la implementaci\u00f3n de este servicio. Los planes de suscripci\u00f3n tienen un precio por usuario de credenciales (tarjeta de proximidad, &#8230; <a title=\"Tarifa\" class=\"read-more\" href=\"https:\/\/foxsec.eu\/es\/foxsec-cloud\/tarifa\/\" aria-label=\"Leer m\u00e1s sobre Tarifa\">Leer m\u00e1s<\/a><\/p>\n","protected":false},"author":1,"featured_media":6733,"parent":4234,"menu_order":0,"comment_status":"closed","ping_status":"closed","template":"","meta":{"footnotes":""},"_links":{"self":[{"href":"https:\/\/foxsec.eu\/es\/wp-json\/wp\/v2\/pages\/5817"}],"collection":[{"href":"https:\/\/foxsec.eu\/es\/wp-json\/wp\/v2\/pages"}],"about":[{"href":"https:\/\/foxsec.eu\/es\/wp-json\/wp\/v2\/types\/page"}],"author":[{"embeddable":true,"href":"https:\/\/foxsec.eu\/es\/wp-json\/wp\/v2\/users\/1"}],"replies":[{"embeddable":true,"href":"https:\/\/foxsec.eu\/es\/wp-json\/wp\/v2\/comments?post=5817"}],"version-history":[{"count":67,"href":"https:\/\/foxsec.eu\/es\/wp-json\/wp\/v2\/pages\/5817\/revisions"}],"predecessor-version":[{"id":7693,"href":"https:\/\/foxsec.eu\/es\/wp-json\/wp\/v2\/pages\/5817\/revisions\/7693"}],"up":[{"embeddable":true,"href":"https:\/\/foxsec.eu\/es\/wp-json\/wp\/v2\/pages\/4234"}],"wp:featuredmedia":[{"embeddable":true,"href":"https:\/\/foxsec.eu\/es\/wp-json\/wp\/v2\/media\/6733"}],"wp:attachment":[{"href":"https:\/\/foxsec.eu\/es\/wp-json\/wp\/v2\/media?parent=5817"}],"curies":[{"name":"wp","href":"https:\/\/api.w.org\/{rel}","templated":true}]}}