{"id":5814,"date":"2024-03-20T11:08:21","date_gmt":"2024-03-20T11:08:21","guid":{"rendered":"https:\/\/foxsec.eu\/es\/?page_id=5814"},"modified":"2024-04-16T07:00:19","modified_gmt":"2024-04-16T07:00:19","slug":"sobre-servicio","status":"publish","type":"page","link":"https:\/\/foxsec.eu\/es\/foxsec-cloud\/sobre-servicio\/","title":{"rendered":"Sobre servicio"},"content":{"rendered":"<div class=\"gb-container gb-container-134f4244\">\n<div class=\"gb-container gb-container-6333da46\">\n<div class=\"gb-container gb-container-9bf944cc\">\n\n<h2 class=\"gb-headline gb-headline-ab82fada gb-headline-text\">Control de acceso a puertas en la nube<\/h2>\n\n\n\n<p>FoxSec CLOUD es una soluci\u00f3n de control de acceso a puertas escalable basada en la nube y dise\u00f1ada para satisfacer las necesidades de cualquier empresa, independientemente de su tama\u00f1o o sector. Disfrute de un control total en una plataforma de gesti\u00f3n inteligente sobre todas las funciones de seguridad a trav\u00e9s de una interfaz web para monitorear eventos, abrir puertas de forma remota o bloquear usuarios sobre la marcha, administrando todas las puertas, usuarios y sus c\u00e1maras de vigilancia en tiempo real, sin importar d\u00f3nde se encuentre. Y si tiene varias ubicaciones, puede gestionar todas en una interfaz, una pantalla; un inicio de sesi\u00f3n. Con FoxSec CLOUD no es necesario ser un genio de TI, simplemente con\u00e9ctese a nuestra plataforma en la nube y estar\u00e1 listo.<\/p>\n\n\n\n<ul>\n<li>Soluci\u00f3n flexible y escalable<\/li>\n\n\n\n<li>Gesti\u00f3n remota y centralizada<\/li>\n\n\n\n<li>Gesti\u00f3n de sitios m\u00faltiples<\/li>\n\n\n\n<li>Registro de la jornada laboral<\/li>\n\n\n\n<li>Integraci\u00f3n con sistemas CCTV de terceros<\/li>\n\n\n\n<li>Integraci\u00f3n con sistema de alarma FoxSec<\/li>\n\n\n\n<li>Control desde smartphone<\/li>\n<\/ul>\n\n\n\n<p>Y como utiliza tecnolog\u00eda en la nube, los costos son razonables. No es necesario instalar software ni gestionar mantenimiento de TI, lo que le permite ahorrar tiempo y reducir costos operativos. FoxSec CLOUD ofrece opciones de almacenamiento y usuario flexibles, por lo que estar\u00e1 all\u00ed cuando m\u00e1s lo necesite.<\/p>\n\n\n<div class=\"gb-container gb-container-dec1ac82\">\n\n<h4 class=\"gb-headline gb-headline-aaa57645 gb-headline-text\"><a href=\"https:\/\/foxsec.eu\/es\/empresa\/contacto\/\">Solicitar demostraci\u00f3n<\/a><\/h4>\n\n<\/div>\n<\/div>\n\n<div class=\"gb-container gb-container-02de4410\">\n\n<figure class=\"wp-block-image size-large photo-shadow img\"><img loading=\"lazy\" decoding=\"async\" width=\"1024\" height=\"683\" src=\"https:\/\/foxsec.eu\/es\/wp-content\/uploads\/2024\/04\/Sistemas-de-seguridad-electronica-en-la-nube-1024x683.jpg\" alt=\"\" class=\"wp-image-6726\" srcset=\"https:\/\/foxsec.eu\/es\/wp-content\/uploads\/2024\/04\/Sistemas-de-seguridad-electronica-en-la-nube-1024x683.jpg 1024w, https:\/\/foxsec.eu\/es\/wp-content\/uploads\/2024\/04\/Sistemas-de-seguridad-electronica-en-la-nube-300x200.jpg 300w, https:\/\/foxsec.eu\/es\/wp-content\/uploads\/2024\/04\/Sistemas-de-seguridad-electronica-en-la-nube-768x512.jpg 768w, https:\/\/foxsec.eu\/es\/wp-content\/uploads\/2024\/04\/Sistemas-de-seguridad-electronica-en-la-nube-1536x1024.jpg 1536w, https:\/\/foxsec.eu\/es\/wp-content\/uploads\/2024\/04\/Sistemas-de-seguridad-electronica-en-la-nube-800x533.jpg 800w, https:\/\/foxsec.eu\/es\/wp-content\/uploads\/2024\/04\/Sistemas-de-seguridad-electronica-en-la-nube.jpg 1920w\" sizes=\"(max-width: 1024px) 100vw, 1024px\" \/><\/figure>\n\n<\/div>\n<\/div>\n<\/div>\n\n<div class=\"gb-container gb-container-83bb6cd2\">\n<div class=\"gb-container gb-container-1ae09d36\">\n\n<h2 class=\"gb-headline gb-headline-9542aac4 gb-headline-text\">Lo que se resume en<\/h2>\n\n\n<div class=\"gb-grid-wrapper gb-grid-wrapper-7ab5a785\">\n<div class=\"gb-grid-column gb-grid-column-eae09b98\"><div class=\"gb-container gb-container-eae09b98\">\n\n<h4 class=\"gb-headline gb-headline-15f1af3b\"><span class=\"gb-icon\"><svg viewBox=\"0 0 16 16\" class=\"bi bi-cloud-download\" fill=\"currentColor\" height=\"16\" width=\"16\" xmlns=\"http:\/\/www.w3.org\/2000\/svg\">   <path d=\"M4.406 1.342A5.53 5.53 0 0 1 8 0c2.69 0 4.923 2 5.166 4.579C14.758 4.804 16 6.137 16 7.773 16 9.569 14.502 11 12.687 11H10a.5.5 0 0 1 0-1h2.688C13.979 10 15 8.988 15 7.773c0-1.216-1.02-2.228-2.313-2.228h-.5v-.5C12.188 2.825 10.328 1 8 1a4.53 4.53 0 0 0-2.941 1.1c-.757.652-1.153 1.438-1.153 2.055v.448l-.445.049C2.064 4.805 1 5.952 1 7.318 1 8.785 2.23 10 3.781 10H6a.5.5 0 0 1 0 1H3.781C1.708 11 0 9.366 0 7.318c0-1.763 1.266-3.223 2.942-3.593.143-.863.698-1.723 1.464-2.383z\"><\/path>   <path d=\"M7.646 15.854a.5.5 0 0 0 .708 0l3-3a.5.5 0 0 0-.708-.708L8.5 14.293V5.5a.5.5 0 0 0-1 0v8.793l-2.146-2.147a.5.5 0 0 0-.708.708l3 3z\"><\/path> <\/svg><\/span><span class=\"gb-headline-text\">Almacenamiento en la nube<\/span><\/h4>\n\n\n\n<p class=\"gb-headline gb-headline-9a1140d1 gb-headline-text\">No es necesario alojar un servidor en sus instalaciones, ofrecemos una infraestructura de TI adaptada a cada proyecto seg\u00fan las necesidades del cliente. Gestionamos toda la infraestructura backend en su nombre, para que no tenga que preocuparse por el mantenimiento.<\/p>\n\n<\/div><\/div>\n\n<div class=\"gb-grid-column gb-grid-column-290536d1\"><div class=\"gb-container gb-container-290536d1\">\n\n<h4 class=\"gb-headline gb-headline-974e10dc\"><span class=\"gb-icon\"><svg id=\"Capa_1\" height=\"512\" viewBox=\"0 0 512 512\" width=\"512\" xmlns=\"http:\/\/www.w3.org\/2000\/svg\"><g><path d=\"m497 392h-31v-46c0-8.284-6.716-15-15-15h-120v-30s38.535-.012 38.799-.021c44.816-1.551 81.201-37.556 81.201-82.479 0-43.336-33.585-78.975-76.095-82.254 9.837-72.444-46.726-136.246-118.905-136.246-66.989 0-121.247 55.164-119.979 122.247-42.524 7.151-75.021 44.228-75.021 88.753 0 49.626 40.374 90 90 90h30v30h-120c-8.284 0-15 6.716-15 15v46h-31c-8.284 0-15 6.716-15 15v90c0 8.284 6.716 15 15 15h90c8.284 0 15-6.716 15-15v-90c0-8.284-6.716-15-15-15h-29v-31h120c8.284 0 15-6.716 15-15v-45h30v91h-30c-8.284 0-15 6.716-15 15v90c0 8.284 6.716 15 15 15h90c8.284 0 15-6.716 15-15v-90c0-8.284-6.716-15-15-15h-30v-91h30v45c0 8.284 6.716 15 15 15h120v31h-29c-8.284 0-15 6.716-15 15v90c0 8.284 6.716 15 15 15h90c8.284 0 15-6.716 15-15v-90c0-8.284-6.716-15-15-15zm-407 90h-60v-60h60zm196 0h-60v-60h60zm-195-271c0-33.084 26.921-60.546 59.946-60 10.87.18 17.448-8.419 16.097-17.239-8.375-54.701 34.025-103.761 88.957-103.761 60.866 0 104.362 59.537 85.69 117.586-3.474 10.801 5.878 21.434 17.049 19.335 32.651-6.135 62.261 19.035 62.261 51.579 0 28.732-23.376 52.278-52.109 52.488-.171.001-.342.005-.512.012h-217.379c-33.084 0-60-26.916-60-60zm391 271h-60v-60h60z\"><\/path><\/g><\/svg><\/span><span class=\"gb-headline-text\">Infraestructura flexible<\/span><\/h4>\n\n\n\n<p class=\"gb-headline gb-headline-e29b6162 gb-headline-text\">La infraestructura proporciona una plataforma flexible para escalar los recursos inform\u00e1ticos bajo demanda. No necesita comprar hardware cada vez m\u00e1s potente para gestionar demandas crecientes. FoxSec CLOUD infraestructura est\u00e1 dise\u00f1ada para la escalabilidad.<\/p>\n\n<\/div><\/div>\n\n<div class=\"gb-grid-column gb-grid-column-49979362\"><div class=\"gb-container gb-container-49979362\">\n\n<h4 class=\"gb-headline gb-headline-7c554396\"><span class=\"gb-icon\"> <svg xmlns=\"http:\/\/www.w3.org\/2000\/svg\" viewBox=\"0 0 512 512\" id=\"Capa_1\"><g><path d=\"m487.581 146.769c-3.541-7.488-12.481-10.691-19.973-7.149-7.489 3.54-10.69 12.481-7.149 19.972 14.293 30.235 21.541 62.672 21.541 96.408 0 60.366-23.508 117.12-66.194 159.806s-99.44 66.194-159.806 66.194c-33.736 0-66.173-7.248-96.409-21.541-7.488-3.54-16.432-.34-19.972 7.149-3.541 7.49-.34 16.432 7.149 19.973 34.277 16.203 71.028 24.419 109.232 24.419 68.38 0 132.667-26.629 181.019-74.981s74.981-112.639 74.981-181.019c0-38.204-8.216-74.955-24.419-109.231z\"><\/path><path d=\"m37.99 373.824c2.148 0 4.33-.464 6.401-1.443 7.489-3.54 10.69-12.481 7.149-19.972-14.292-30.236-21.54-62.673-21.54-96.409 0-60.366 23.508-117.12 66.194-159.806s99.44-66.194 159.806-66.194c33.736 0 66.173 7.248 96.409 21.541 7.491 3.542 16.433.34 19.972-7.149 3.541-7.49.34-16.432-7.149-19.973-34.277-16.203-71.028-24.419-109.232-24.419-68.38 0-132.667 26.629-181.019 74.981s-74.981 112.639-74.981 181.019c0 38.204 8.216 74.955 24.419 109.231 2.562 5.418 7.951 8.593 13.571 8.593z\"><\/path><path d=\"m450.997 111.003c27.57 0 50-22.43 50-50s-22.43-50-50-50-50 22.43-50 50 22.43 50 50 50zm0-70c11.028 0 20 8.972 20 20s-8.972 20-20 20-20-8.972-20-20 8.972-20 20-20z\"><\/path><path d=\"m61.003 400.997c-27.57 0-50 22.43-50 50s22.43 50 50 50 50-22.43 50-50-22.43-50-50-50zm0 70c-11.028 0-20-8.972-20-20s8.972-20 20-20 20 8.972 20 20-8.972 20-20 20z\"><\/path><path d=\"m436 256c0-99.252-80.748-180-180-180s-180 80.748-180 180 80.748 180 180 180 180-80.748 180-180zm-165 146.313v-131.313h56.429c-1.771 35.966-9.896 69.154-23.328 94.689-9.535 18.124-21.099 30.771-33.101 36.624zm0-161.313v-131.313c12.002 5.853 23.566 18.5 33.101 36.624 13.433 25.535 21.558 58.723 23.328 94.689zm-30-131.313v131.313h-56.429c1.771-35.966 9.896-69.154 23.328-94.689 9.535-18.124 21.099-30.771 33.101-36.624zm0 161.313v131.313c-12.002-5.853-23.566-18.5-33.101-36.624-13.433-25.535-21.558-58.723-23.328-94.689zm84.372 117.962c1.815-2.973 3.578-6.071 5.279-9.305 15.609-29.674 24.959-67.806 26.804-108.657h47.798c-5.119 51.309-36.202 95.08-79.881 117.962zm79.88-147.962h-47.798c-1.844-40.851-11.194-78.983-26.803-108.656-1.701-3.234-3.464-6.333-5.279-9.305 43.679 22.881 74.762 66.652 79.88 117.961zm-218.624-117.962c-1.815 2.973-3.578 6.071-5.279 9.305-15.609 29.674-24.959 67.806-26.804 108.657h-47.798c5.119-51.309 36.202-95.08 79.881-117.962zm-79.88 147.962h47.798c1.844 40.851 11.194 78.983 26.803 108.656 1.701 3.234 3.464 6.333 5.279 9.305-43.679-22.881-74.762-66.652-79.88-117.961z\"><\/path><\/g><g><\/g><g><\/g><g><\/g><g><\/g><g><\/g><g><\/g><g><\/g><g><\/g><g><\/g><g><\/g><g><\/g><g><\/g><g><\/g><g><\/g><g><\/g><\/svg><\/span><span class=\"gb-headline-text\">Acceso desde cualquier lugar<\/span><\/h4>\n\n\n\n<p class=\"gb-headline gb-headline-6338f0f3 gb-headline-text\">Puede acceder al servicio desde cualquier dispositivo, siempre que tenga una conexi\u00f3n a Internet. No hay necesidad de instalar ning\u00fan complemento, interfaz web responsiva con soporte completo, ya sea dispositivos m\u00f3viles o de escritorio.<\/p>\n\n<\/div><\/div>\n\n<div class=\"gb-grid-column gb-grid-column-7431af1e\"><div class=\"gb-container gb-container-7431af1e\">\n\n<h4 class=\"gb-headline gb-headline-c0520c70\"><span class=\"gb-icon\"><svg xmlns=\"http:\/\/www.w3.org\/2000\/svg\" width=\"512pt\" viewBox=\"0 -20 512 512\" height=\"512pt\"><path d=\"m469.148438 0h-426.296876c-23.628906 0-42.851562 19.222656-42.851562 42.851562v319.996094c0 23.628906 19.222656 42.851563 42.851562 42.851563h160.007813v34.679687h-15.332031c-8.464844 0-15.328125 6.863282-15.328125 15.328125 0 8.464844 6.863281 15.328125 15.328125 15.328125h136.945312c8.464844 0 15.328125-6.863281 15.328125-15.328125 0-8.464843-6.863281-15.328125-15.328125-15.328125h-15.332031v-34.679687h160.007813c23.628906 0 42.851562-19.222657 42.851562-42.851563v-319.996094c0-23.628906-19.222656-42.851562-42.851562-42.851562zm-190.664063 440.378906h-44.96875v-34.683594h44.96875zm202.855469-77.53125c0 6.722656-5.46875 12.191406-12.191406 12.191406h-426.296876c-6.722656 0-12.191406-5.46875-12.191406-12.191406v-37.878906h450.679688zm0-68.539062h-450.679688v-251.457032c0-6.722656 5.46875-12.191406 12.191406-12.191406h426.296876c6.722656 0 12.191406 5.46875 12.191406 12.191406zm0 0\"><\/path><path d=\"m256 58.183594c-57.511719 0-104.300781 46.789062-104.300781 104.300781s46.789062 104.300781 104.300781 104.300781 104.300781-46.789062 104.300781-104.300781c0-57.515625-46.789062-104.300781-104.300781-104.300781zm0 177.941406c-40.605469 0-73.644531-33.035156-73.644531-73.640625 0-35.351563 25.042969-64.953125 58.316406-72.027344v72.027344c0 8.464844 6.863281 15.328125 15.328125 15.328125h72.027344c-7.074219 33.273438-36.675782 58.3125-72.027344 58.3125zm15.328125-88.96875v-56.699219c28.328125 6.023438 50.675781 28.371094 56.699219 56.699219zm0 0\"><\/path><\/svg><\/span><span class=\"gb-headline-text\">Eventos en tiempo real<\/span><\/h4>\n\n\n\n<p class=\"gb-headline gb-headline-0eb256fd gb-headline-text\">Podr\u00e1 realizar gesti\u00f3n de usuarios, puertas y monitorizaci\u00f3n de zonas, \u00e1reas de seguridad y c\u00e1maras de vigilancia en tiempo real. Tiene toda la informaci\u00f3n en tiempo real de los usuarios que han accedido a sus espacios f\u00edsicos.<\/p>\n\n<\/div><\/div>\n\n<div class=\"gb-grid-column gb-grid-column-b41406da\"><div class=\"gb-container gb-container-b41406da\">\n\n<h4 class=\"gb-headline gb-headline-f73cbf71\"><span class=\"gb-icon\"><svg viewBox=\"0 0 16 16\" class=\"bi bi-shield-lock\" fill=\"currentColor\" height=\"16\" width=\"16\" xmlns=\"http:\/\/www.w3.org\/2000\/svg\">   <path d=\"M5.338 1.59a61.44 61.44 0 0 0-2.837.856.481.481 0 0 0-.328.39c-.554 4.157.726 7.19 2.253 9.188a10.725 10.725 0 0 0 2.287 2.233c.346.244.652.42.893.533.12.057.218.095.293.118a.55.55 0 0 0 .101.025.615.615 0 0 0 .1-.025c.076-.023.174-.061.294-.118.24-.113.547-.29.893-.533a10.726 10.726 0 0 0 2.287-2.233c1.527-1.997 2.807-5.031 2.253-9.188a.48.48 0 0 0-.328-.39c-.651-.213-1.75-.56-2.837-.855C9.552 1.29 8.531 1.067 8 1.067c-.53 0-1.552.223-2.662.524zM5.072.56C6.157.265 7.31 0 8 0s1.843.265 2.928.56c1.11.3 2.229.655 2.887.87a1.54 1.54 0 0 1 1.044 1.262c.596 4.477-.787 7.795-2.465 9.99a11.775 11.775 0 0 1-2.517 2.453 7.159 7.159 0 0 1-1.048.625c-.28.132-.581.24-.829.24s-.548-.108-.829-.24a7.158 7.158 0 0 1-1.048-.625 11.777 11.777 0 0 1-2.517-2.453C1.928 10.487.545 7.169 1.141 2.692A1.54 1.54 0 0 1 2.185 1.43 62.456 62.456 0 0 1 5.072.56z\"><\/path>   <path d=\"M9.5 6.5a1.5 1.5 0 0 1-1 1.415l.385 1.99a.5.5 0 0 1-.491.595h-.788a.5.5 0 0 1-.49-.595l.384-1.99a1.5 1.5 0 1 1 2-1.415z\"><\/path> <\/svg><\/span><span class=\"gb-headline-text\">Protecci\u00f3n de datos<\/span><\/h4>\n\n\n\n<p class=\"gb-headline gb-headline-cfb6635d gb-headline-text\">Sus datos est\u00e1n seguros con nuestras tecnolog\u00edas de cifrado. Los datos personales se limitan a los que son absolutamente necesarios para que nuestros clientes utilicen FoxSec CLOUD y los servicios FoxSec para mejorar el servicio.<\/p>\n\n<\/div><\/div>\n\n<div class=\"gb-grid-column gb-grid-column-96092b0e\"><div class=\"gb-container gb-container-96092b0e\">\n\n<h4 class=\"gb-headline gb-headline-394ea786\"><span class=\"gb-icon\"><svg viewBox=\"0 0 16 16\" class=\"bi bi-save\" fill=\"currentColor\" height=\"16\" width=\"16\" xmlns=\"http:\/\/www.w3.org\/2000\/svg\">   <path d=\"M2 1a1 1 0 0 0-1 1v12a1 1 0 0 0 1 1h12a1 1 0 0 0 1-1V2a1 1 0 0 0-1-1H9.5a1 1 0 0 0-1 1v7.293l2.646-2.647a.5.5 0 0 1 .708.708l-3.5 3.5a.5.5 0 0 1-.708 0l-3.5-3.5a.5.5 0 1 1 .708-.708L7.5 9.293V2a2 2 0 0 1 2-2H14a2 2 0 0 1 2 2v12a2 2 0 0 1-2 2H2a2 2 0 0 1-2-2V2a2 2 0 0 1 2-2h2.5a.5.5 0 0 1 0 1H2z\"><\/path> <\/svg><\/span><span class=\"gb-headline-text\">Copias de seguridad diarias<\/span><\/h4>\n\n\n\n<p class=\"gb-headline gb-headline-5081ed1d gb-headline-text\">Puede estar seguro de que sus datos estar\u00e1n protegidos contra desastres naturales, fallas de hardware, errores humanos y otros problemas que podr\u00edan comprometer su integridad.<\/p>\n\n<\/div><\/div>\n<\/div>\n<\/div>\n<\/div>","protected":false},"excerpt":{"rendered":"<p>Control de acceso a puertas en la nube FoxSec CLOUD es una soluci\u00f3n de control de acceso a puertas escalable basada en la nube y dise\u00f1ada para satisfacer las necesidades de cualquier empresa, independientemente de su tama\u00f1o o sector. Disfrute de un control total en una plataforma de gesti\u00f3n inteligente sobre todas las funciones de &#8230; <a title=\"Sobre servicio\" class=\"read-more\" href=\"https:\/\/foxsec.eu\/es\/foxsec-cloud\/sobre-servicio\/\" aria-label=\"Leer m\u00e1s sobre Sobre servicio\">Leer m\u00e1s<\/a><\/p>\n","protected":false},"author":1,"featured_media":6733,"parent":4234,"menu_order":0,"comment_status":"closed","ping_status":"closed","template":"","meta":{"footnotes":""},"_links":{"self":[{"href":"https:\/\/foxsec.eu\/es\/wp-json\/wp\/v2\/pages\/5814"}],"collection":[{"href":"https:\/\/foxsec.eu\/es\/wp-json\/wp\/v2\/pages"}],"about":[{"href":"https:\/\/foxsec.eu\/es\/wp-json\/wp\/v2\/types\/page"}],"author":[{"embeddable":true,"href":"https:\/\/foxsec.eu\/es\/wp-json\/wp\/v2\/users\/1"}],"replies":[{"embeddable":true,"href":"https:\/\/foxsec.eu\/es\/wp-json\/wp\/v2\/comments?post=5814"}],"version-history":[{"count":95,"href":"https:\/\/foxsec.eu\/es\/wp-json\/wp\/v2\/pages\/5814\/revisions"}],"predecessor-version":[{"id":7361,"href":"https:\/\/foxsec.eu\/es\/wp-json\/wp\/v2\/pages\/5814\/revisions\/7361"}],"up":[{"embeddable":true,"href":"https:\/\/foxsec.eu\/es\/wp-json\/wp\/v2\/pages\/4234"}],"wp:featuredmedia":[{"embeddable":true,"href":"https:\/\/foxsec.eu\/es\/wp-json\/wp\/v2\/media\/6733"}],"wp:attachment":[{"href":"https:\/\/foxsec.eu\/es\/wp-json\/wp\/v2\/media?parent=5814"}],"curies":[{"name":"wp","href":"https:\/\/api.w.org\/{rel}","templated":true}]}}