{"id":5800,"date":"2024-03-20T11:18:37","date_gmt":"2024-03-20T11:18:37","guid":{"rendered":"https:\/\/foxsec.eu\/es\/?page_id=5800"},"modified":"2025-10-04T15:16:27","modified_gmt":"2025-10-04T12:16:27","slug":"red-de-instaladores","status":"publish","type":"page","link":"https:\/\/foxsec.eu\/es\/donde-comprar\/red-de-instaladores\/","title":{"rendered":"Red de instaladores"},"content":{"rendered":"<div class=\"gb-container gb-container-33208c8c\">\n\n<h2 class=\"gb-headline gb-headline-6803dcd5 gb-headline-text\">Espa\u00f1a<\/h2>\n\n\n<div class=\"gb-container gb-container-2a7b521e\">\n\n<div class=\"wp-block-columns is-layout-flex wp-container-core-columns-is-layout-1 wp-block-columns-is-layout-flex\">\n<div class=\"wp-block-column is-vertically-aligned-center is-layout-flow wp-block-column-is-layout-flow\" style=\"flex-basis:25%\">\n<figure class=\"wp-block-image size-full is-resized\"><img loading=\"lazy\" decoding=\"async\" width=\"300\" height=\"200\" src=\"https:\/\/foxsec.eu\/es\/wp-content\/uploads\/2024\/04\/logo_3.png\" alt=\"\" class=\"wp-image-6592\" style=\"width:298px\"\/><\/figure>\n<\/div>\n\n\n\n<div class=\"wp-block-column is-vertically-aligned-center is-layout-flow wp-block-column-is-layout-flow\" style=\"flex-basis:50%\">\n<h3 class=\"wp-block-heading\">Eazy Automatizaciones<\/h3>\n\n\n\n<p>Instalador<\/p>\n\n\n\n<p>Oficina:&nbsp;Centro Comercial Bah\u00eda de las Dunas, C. Mar Mediterr\u00e1neo, 8, Planta 1, Local 26, 03177 San Fulgencio, Alicante<\/p>\n\n\n\n<p class=\"gb-headline gb-headline-b182d381\"><span class=\"gb-icon\"><svg viewBox=\"0 0 512 512\" xmlns=\"http:\/\/www.w3.org\/2000\/svg\"><path d=\"M164.9 24.6c-7.7-18.6-28-28.5-47.4-23.2l-88 24C12.1 30.2 0 46 0 64C0 311.4 200.6 512 448 512c18 0 33.8-12.1 38.6-29.5l24-88c5.3-19.4-4.6-39.7-23.2-47.4l-96-40c-16.3-6.8-35.2-2.1-46.3 11.6L304.7 368C234.3 334.7 177.3 277.7 144 207.3L193.3 167c13.7-11.2 18.4-30 11.6-46.3l-40-96z\"><\/path><\/svg><\/span><span class=\"gb-headline-text\"><a href=\"tel:+34 966 79 51 91\">+34 966 79 51 91<\/a><\/span><\/p>\n\n\n\n<p class=\"gb-headline gb-headline-a6ff0b58\"><span class=\"gb-icon\"><svg aria-hidden=\"true\" role=\"img\" height=\"1em\" width=\"1em\" viewBox=\"0 0 512 512\" xmlns=\"http:\/\/www.w3.org\/2000\/svg\"><path fill=\"currentColor\" d=\"M464 64H48C21.49 64 0 85.49 0 112v288c0 26.51 21.49 48 48 48h416c26.51 0 48-21.49 48-48V112c0-26.51-21.49-48-48-48zm0 48v40.805c-22.422 18.259-58.168 46.651-134.587 106.49-16.841 13.247-50.201 45.072-73.413 44.701-23.208.375-56.579-31.459-73.413-44.701C106.18 199.465 70.425 171.067 48 152.805V112h416zM48 400V214.398c22.914 18.251 55.409 43.862 104.938 82.646 21.857 17.205 60.134 55.186 103.062 54.955 42.717.231 80.509-37.199 103.053-54.947 49.528-38.783 82.032-64.401 104.947-82.653V400H48z\"><\/path><\/svg><\/span><span class=\"gb-headline-text\"><a href=\"mailto:info@eazy.es\">info@eazy.es<\/a><\/span><\/p>\n<\/div>\n\n\n\n<div class=\"wp-block-column is-vertically-aligned-top is-layout-flow wp-block-column-is-layout-flow\" style=\"flex-basis:25%\">\n<p class=\"has-text-align-right\"><a href=\"https:\/\/eazy.es\" data-type=\"link\" data-id=\"https:\/\/ipvs.es\" target=\"_blank\" rel=\"noreferrer noopener\">eazy.es<\/a><\/p>\n<\/div>\n<\/div>\n\n<\/div>\n\n<div class=\"gb-container gb-container-74950a6e\">\n\n<div class=\"wp-block-columns is-layout-flex wp-container-core-columns-is-layout-2 wp-block-columns-is-layout-flex\">\n<div class=\"wp-block-column is-vertically-aligned-center is-layout-flow wp-block-column-is-layout-flow\" style=\"flex-basis:25%\">\n<figure class=\"wp-block-image size-full is-resized\"><img loading=\"lazy\" decoding=\"async\" width=\"300\" height=\"200\" src=\"https:\/\/foxsec.eu\/es\/wp-content\/uploads\/2024\/04\/logo_1.png\" alt=\"\" class=\"wp-image-6594\" style=\"width:298px\"\/><\/figure>\n<\/div>\n\n\n\n<div class=\"wp-block-column is-vertically-aligned-center is-layout-flow wp-block-column-is-layout-flow\" style=\"flex-basis:50%\">\n<h3 class=\"wp-block-heading\">IPVS SECURITY<\/h3>\n\n\n\n<p>Instalador<\/p>\n\n\n\n<p>Oficina:&nbsp;C. de Ibiza, 33 Retiro, 28009 Madrid<\/p>\n\n\n\n<p class=\"gb-headline gb-headline-847d7057\"><span class=\"gb-icon\"><svg viewBox=\"0 0 512 512\" xmlns=\"http:\/\/www.w3.org\/2000\/svg\"><path d=\"M164.9 24.6c-7.7-18.6-28-28.5-47.4-23.2l-88 24C12.1 30.2 0 46 0 64C0 311.4 200.6 512 448 512c18 0 33.8-12.1 38.6-29.5l24-88c5.3-19.4-4.6-39.7-23.2-47.4l-96-40c-16.3-6.8-35.2-2.1-46.3 11.6L304.7 368C234.3 334.7 177.3 277.7 144 207.3L193.3 167c13.7-11.2 18.4-30 11.6-46.3l-40-96z\"><\/path><\/svg><\/span><span class=\"gb-headline-text\"><a href=\"tel:+34 62 559 77 34\">+34 62 559 77 34<\/a><\/span><\/p>\n\n\n\n<p class=\"gb-headline gb-headline-169389ab\"><span class=\"gb-icon\"><svg aria-hidden=\"true\" role=\"img\" height=\"1em\" width=\"1em\" viewBox=\"0 0 512 512\" xmlns=\"http:\/\/www.w3.org\/2000\/svg\"><path fill=\"currentColor\" d=\"M464 64H48C21.49 64 0 85.49 0 112v288c0 26.51 21.49 48 48 48h416c26.51 0 48-21.49 48-48V112c0-26.51-21.49-48-48-48zm0 48v40.805c-22.422 18.259-58.168 46.651-134.587 106.49-16.841 13.247-50.201 45.072-73.413 44.701-23.208.375-56.579-31.459-73.413-44.701C106.18 199.465 70.425 171.067 48 152.805V112h416zM48 400V214.398c22.914 18.251 55.409 43.862 104.938 82.646 21.857 17.205 60.134 55.186 103.062 54.955 42.717.231 80.509-37.199 103.053-54.947 49.528-38.783 82.032-64.401 104.947-82.653V400H48z\"><\/path><\/svg><\/span><span class=\"gb-headline-text\"><a href=\"mailto:info@ipvs.es\">info@ipvs.es<\/a><\/span><\/p>\n<\/div>\n\n\n\n<div class=\"wp-block-column is-vertically-aligned-top is-layout-flow wp-block-column-is-layout-flow\" style=\"flex-basis:25%\">\n<p class=\"has-text-align-right\"><a href=\"https:\/\/ipvs.es\" data-type=\"link\" data-id=\"https:\/\/ipvs.es\" target=\"_blank\" rel=\"noreferrer noopener\">ipvs.es<\/a><\/p>\n<\/div>\n<\/div>\n\n<\/div>\n\n<div class=\"gb-container gb-container-d9e70c67\">\n\n<div class=\"wp-block-columns is-layout-flex wp-container-core-columns-is-layout-3 wp-block-columns-is-layout-flex\">\n<div class=\"wp-block-column is-vertically-aligned-center is-layout-flow wp-block-column-is-layout-flow\" style=\"flex-basis:25%\">\n<figure class=\"wp-block-image size-full is-resized\"><img loading=\"lazy\" decoding=\"async\" width=\"393\" height=\"301\" src=\"https:\/\/foxsec.eu\/es\/wp-content\/uploads\/2025\/10\/DEA-SISTEMAS-logo.png\" alt=\"\" class=\"wp-image-7791\" style=\"width:300px\" srcset=\"https:\/\/foxsec.eu\/es\/wp-content\/uploads\/2025\/10\/DEA-SISTEMAS-logo.png 393w, https:\/\/foxsec.eu\/es\/wp-content\/uploads\/2025\/10\/DEA-SISTEMAS-logo-300x230.png 300w\" sizes=\"(max-width: 393px) 100vw, 393px\" \/><\/figure>\n<\/div>\n\n\n\n<div class=\"wp-block-column is-layout-flow wp-block-column-is-layout-flow\" style=\"flex-basis:50%\">\n<h3 class=\"gb-headline gb-headline-03375417 gb-headline-text\">DEA SISTEMAS<\/h3>\n\n\n\n<p>Instalador<\/p>\n\n\n\n<p>Oficina:&nbsp;C. de Pedrezuela, 4 28017 Madrid<\/p>\n\n\n\n<p class=\"gb-headline gb-headline-e9fd0e06\"><span class=\"gb-icon\"><svg viewBox=\"0 0 512 512\" xmlns=\"http:\/\/www.w3.org\/2000\/svg\"><path d=\"M164.9 24.6c-7.7-18.6-28-28.5-47.4-23.2l-88 24C12.1 30.2 0 46 0 64C0 311.4 200.6 512 448 512c18 0 33.8-12.1 38.6-29.5l24-88c5.3-19.4-4.6-39.7-23.2-47.4l-96-40c-16.3-6.8-35.2-2.1-46.3 11.6L304.7 368C234.3 334.7 177.3 277.7 144 207.3L193.3 167c13.7-11.2 18.4-30 11.6-46.3l-40-96z\"><\/path><\/svg><\/span><span class=\"gb-headline-text\"><a href=\"tel:+34 91 616 16 00\">+34 91 616 16 00<\/a><\/span><\/p>\n\n\n\n<p class=\"gb-headline gb-headline-6e124ec9\"><span class=\"gb-icon\"><svg aria-hidden=\"true\" role=\"img\" height=\"1em\" width=\"1em\" viewBox=\"0 0 512 512\" xmlns=\"http:\/\/www.w3.org\/2000\/svg\"><path fill=\"currentColor\" d=\"M464 64H48C21.49 64 0 85.49 0 112v288c0 26.51 21.49 48 48 48h416c26.51 0 48-21.49 48-48V112c0-26.51-21.49-48-48-48zm0 48v40.805c-22.422 18.259-58.168 46.651-134.587 106.49-16.841 13.247-50.201 45.072-73.413 44.701-23.208.375-56.579-31.459-73.413-44.701C106.18 199.465 70.425 171.067 48 152.805V112h416zM48 400V214.398c22.914 18.251 55.409 43.862 104.938 82.646 21.857 17.205 60.134 55.186 103.062 54.955 42.717.231 80.509-37.199 103.053-54.947 49.528-38.783 82.032-64.401 104.947-82.653V400H48z\"><\/path><\/svg><\/span><span class=\"gb-headline-text\"><a href=\"mailto:info@deasistemas.es\">info@deasistemas.es<\/a><\/span><\/p>\n<\/div>\n\n\n\n<div class=\"wp-block-column is-layout-flow wp-block-column-is-layout-flow\" style=\"flex-basis:25%\">\n<p class=\"has-text-align-right\"><a href=\"https:\/\/visiotechsecurity.com\/\" target=\"_blank\" rel=\"noreferrer noopener\"><\/a><a href=\"https:\/\/ibdglobal.com\/\" target=\"_blank\" rel=\"noreferrer noopener\"><\/a><a href=\"https:\/\/www.deasistemas.net\/\" data-type=\"link\" data-id=\"https:\/\/www.deasistemas.net\/\" target=\"_blank\" rel=\"noreferrer noopener\">deasistemas.net<\/a><\/p>\n<\/div>\n<\/div>\n\n<\/div>\n<\/div>","protected":false},"excerpt":{"rendered":"<p>Espa\u00f1a Eazy Automatizaciones Instalador Oficina:&nbsp;Centro Comercial Bah\u00eda de las Dunas, C. Mar Mediterr\u00e1neo, 8, Planta 1, Local 26, 03177 San Fulgencio, Alicante +34 966 79 51 91 info@eazy.es eazy.es IPVS SECURITY Instalador Oficina:&nbsp;C. de Ibiza, 33 Retiro, 28009 Madrid +34 62 559 77 34 info@ipvs.es ipvs.es DEA SISTEMAS Instalador Oficina:&nbsp;C. de Pedrezuela, 4 28017 Madrid &#8230; <a title=\"Red de instaladores\" class=\"read-more\" href=\"https:\/\/foxsec.eu\/es\/donde-comprar\/red-de-instaladores\/\" aria-label=\"Leer m\u00e1s sobre Red de instaladores\">Leer m\u00e1s<\/a><\/p>\n","protected":false},"author":1,"featured_media":6622,"parent":4230,"menu_order":0,"comment_status":"closed","ping_status":"closed","template":"","meta":{"footnotes":""},"_links":{"self":[{"href":"https:\/\/foxsec.eu\/es\/wp-json\/wp\/v2\/pages\/5800"}],"collection":[{"href":"https:\/\/foxsec.eu\/es\/wp-json\/wp\/v2\/pages"}],"about":[{"href":"https:\/\/foxsec.eu\/es\/wp-json\/wp\/v2\/types\/page"}],"author":[{"embeddable":true,"href":"https:\/\/foxsec.eu\/es\/wp-json\/wp\/v2\/users\/1"}],"replies":[{"embeddable":true,"href":"https:\/\/foxsec.eu\/es\/wp-json\/wp\/v2\/comments?post=5800"}],"version-history":[{"count":9,"href":"https:\/\/foxsec.eu\/es\/wp-json\/wp\/v2\/pages\/5800\/revisions"}],"predecessor-version":[{"id":7793,"href":"https:\/\/foxsec.eu\/es\/wp-json\/wp\/v2\/pages\/5800\/revisions\/7793"}],"up":[{"embeddable":true,"href":"https:\/\/foxsec.eu\/es\/wp-json\/wp\/v2\/pages\/4230"}],"wp:featuredmedia":[{"embeddable":true,"href":"https:\/\/foxsec.eu\/es\/wp-json\/wp\/v2\/media\/6622"}],"wp:attachment":[{"href":"https:\/\/foxsec.eu\/es\/wp-json\/wp\/v2\/media?parent=5800"}],"curies":[{"name":"wp","href":"https:\/\/api.w.org\/{rel}","templated":true}]}}