{"id":5782,"date":"2024-03-20T08:18:07","date_gmt":"2024-03-20T08:18:07","guid":{"rendered":"https:\/\/foxsec.eu\/es\/?page_id=5782"},"modified":"2024-04-15T10:47:08","modified_gmt":"2024-04-15T10:47:08","slug":"garantia","status":"publish","type":"page","link":"https:\/\/foxsec.eu\/es\/garantia\/","title":{"rendered":"Garant\u00eda"},"content":{"rendered":"<div class=\"gb-container gb-container-450dd77f\">\n\n<h2 class=\"gb-headline gb-headline-a8d00d68 gb-headline-text\">Garant\u00eda de los productos FoxSec<\/h2>\n\n\n\n<p><\/p>\n\n\n\n<p>FOXSEC responder\u00e1 durante un plazo de 24 MESES desde la fecha de la factura de venta emitida por HARDMEIER O\u00dc, de los defectos de origen en los productos, en los t\u00e9rminos previstos en la legislaci\u00f3n vigente y en estas condiciones comerciales de venta.<\/p>\n\n\n\n<p>Los productos que sean tramitados en garant\u00eda y que no cumplan con lo estipulado en el p\u00e1rrafo anterior, ser\u00e1n considerados fuera de garant\u00eda. FOXSEC se reserva el derecho de aplicar las medidas correspondientes para compensar los perjuicios generados.<\/p>\n\n\n\n<p>Quedan excluidas de la garant\u00eda y responsabilidad de FOXSEC todas las deficiencias fuera de su control especialmente si son el resultado del desgaste normal, falsa informaci\u00f3n del comprador, mantenimiento inadecuado, fallos en la observancia de las instrucciones de funcionamiento, uso de cualquier material inapropiado, influencia de una acci\u00f3n qu\u00edmica o electrol\u00edtica u otras causas similares.<\/p>\n\n\n\n<p>La garant\u00eda por FOXSEC est\u00e1 sujeta al oportuno cumplimiento de las condiciones de pago acordadas con el comprador. Antes de proceder con la devoluci\u00f3n de un producto, deber\u00e1 gestionar la solicitud correspondiente a trav\u00e9s de nuestra herramienta online de Gesti\u00f3n de Garant\u00edas localizada en el \u00e1rea privada de partner en nuestra web.<\/p>\n\n\n\n<p>Adicionalmente y en cumplimiento de la legislaci\u00f3n vigente, FOXSEC asegurar\u00e1 el suministro de repuestos o equivalentes para los productos que fabrica, durante el plazo de 10 a\u00f1os desde el fin de la fabricaci\u00f3n de los mismos.<\/p>\n\n\n\n<p>\u00daltima versi\u00f3n: Marzo 2024<\/p>\n\n<\/div>","protected":false},"excerpt":{"rendered":"<p>Garant\u00eda de los productos FoxSec FOXSEC responder\u00e1 durante un plazo de 24 MESES desde la fecha de la factura de venta emitida por HARDMEIER O\u00dc, de los defectos de origen en los productos, en los t\u00e9rminos previstos en la legislaci\u00f3n vigente y en estas condiciones comerciales de venta. Los productos que sean tramitados en garant\u00eda &#8230; <a title=\"Garant\u00eda\" class=\"read-more\" href=\"https:\/\/foxsec.eu\/es\/garantia\/\" aria-label=\"Leer m\u00e1s sobre Garant\u00eda\">Leer m\u00e1s<\/a><\/p>\n","protected":false},"author":1,"featured_media":6375,"parent":0,"menu_order":0,"comment_status":"closed","ping_status":"closed","template":"","meta":{"footnotes":""},"_links":{"self":[{"href":"https:\/\/foxsec.eu\/es\/wp-json\/wp\/v2\/pages\/5782"}],"collection":[{"href":"https:\/\/foxsec.eu\/es\/wp-json\/wp\/v2\/pages"}],"about":[{"href":"https:\/\/foxsec.eu\/es\/wp-json\/wp\/v2\/types\/page"}],"author":[{"embeddable":true,"href":"https:\/\/foxsec.eu\/es\/wp-json\/wp\/v2\/users\/1"}],"replies":[{"embeddable":true,"href":"https:\/\/foxsec.eu\/es\/wp-json\/wp\/v2\/comments?post=5782"}],"version-history":[{"count":11,"href":"https:\/\/foxsec.eu\/es\/wp-json\/wp\/v2\/pages\/5782\/revisions"}],"predecessor-version":[{"id":7357,"href":"https:\/\/foxsec.eu\/es\/wp-json\/wp\/v2\/pages\/5782\/revisions\/7357"}],"wp:featuredmedia":[{"embeddable":true,"href":"https:\/\/foxsec.eu\/es\/wp-json\/wp\/v2\/media\/6375"}],"wp:attachment":[{"href":"https:\/\/foxsec.eu\/es\/wp-json\/wp\/v2\/media?parent=5782"}],"curies":[{"name":"wp","href":"https:\/\/api.w.org\/{rel}","templated":true}]}}