{"id":4478,"date":"2024-02-27T14:13:19","date_gmt":"2024-02-27T14:13:19","guid":{"rendered":"https:\/\/foxsec.eu\/es\/?page_id=4478"},"modified":"2024-04-20T06:29:28","modified_gmt":"2024-04-20T06:29:28","slug":"ticketing","status":"publish","type":"page","link":"https:\/\/foxsec.eu\/es\/integraciones\/ticketing\/","title":{"rendered":"Integraci\u00f3n de ticketing"},"content":{"rendered":"<section class=\"gb-container gb-container-ad63df80\">\n\n<h2 class=\"gb-headline gb-headline-b5937dea\"><span class=\"gb-icon\"><svg xmlns=\"http:\/\/www.w3.org\/2000\/svg\" viewBox=\"0 0 36.7 3\"><path d=\"M0 0h36.7v3H0z\"><\/path><\/svg><\/span><span class=\"gb-headline-text\">Que ofrecemos<\/span><\/h2>\n\n\n\n<p>El sistema de control de acceso FoxSec proporciona una forma c\u00f3moda y segura de gestionar el acceso a su gimnasio, club de salud o centro deportivo. El control de acceso admite soluciones sin contacto como pulseras RFID, proporcionando el equilibrio perfecto entre seguridad, comodidad y libertad de movimiento. Con un sistema de integraci\u00f3n de ticketing para instalaciones deportivas que facilita la gesti\u00f3n de sus instalaciones f\u00edsicas, mejora la relaci\u00f3n con sus miembros y planifica sus recursos.<\/p>\n\n\n\n<h2 class=\"gb-headline gb-headline-9f9688da\"><span class=\"gb-icon\"><svg xmlns=\"http:\/\/www.w3.org\/2000\/svg\" viewBox=\"0 0 36.7 3\"><path d=\"M0 0h36.7v3H0z\"><\/path><\/svg><\/span><span class=\"gb-headline-text\">Caracter\u00edsticas clave<\/span><\/h2>\n\n\n\n<ul>\n<li>Control de acceso automatizado<\/li>\n\n\n\n<li>Sistema de reservas por internet<\/li>\n\n\n\n<li>Integraci\u00f3n con la Caja registradora<\/li>\n\n\n\n<li>Terminal de informaci\u00f3n local<\/li>\n\n\n\n<li>Software de gesti\u00f3n basado en navegador web<\/li>\n<\/ul>\n\n<\/section>\n\n<div class=\"gb-container gb-container-c56d1e7c\"><\/div>\n\n<div class=\"gb-container gb-container-98948a30\">\n<section class=\"gb-container gb-container-68d289fa\">\n<section class=\"gb-container gb-container-8b3cd952\">\n\n<h2 class=\"gb-headline gb-headline-a91da2e3\"><span class=\"gb-icon\"><svg xmlns=\"http:\/\/www.w3.org\/2000\/svg\" viewBox=\"0 0 36.7 3\"><path d=\"M0 0h36.7v3H0z\"><\/path><\/svg><\/span><span class=\"gb-headline-text\">Sectores<\/span><\/h2>\n\n<\/section>\n\n<div class=\"gb-container gb-container-ec424718\">\n<div class=\"gb-grid-wrapper gb-grid-wrapper-c07a1043\">\n<div class=\"gb-grid-column gb-grid-column-a14b8a5c\"><div class=\"gb-container gb-container-a14b8a5c\">\n\n<figure class=\"gb-block-image gb-block-image-7b34447d\"><img loading=\"lazy\" decoding=\"async\" width=\"1024\" height=\"683\" class=\"gb-image gb-image-7b34447d\" src=\"https:\/\/foxsec.eu\/es\/wp-content\/uploads\/2024\/03\/iStock-965267144-web-1920-1280-1024x683.jpg\" alt=\"\" title=\"Gym\" srcset=\"https:\/\/foxsec.eu\/es\/wp-content\/uploads\/2024\/03\/iStock-965267144-web-1920-1280-1024x683.jpg 1024w, https:\/\/foxsec.eu\/es\/wp-content\/uploads\/2024\/03\/iStock-965267144-web-1920-1280-800x533.jpg 800w, https:\/\/foxsec.eu\/es\/wp-content\/uploads\/2024\/03\/iStock-965267144-web-1920-1280-300x200.jpg 300w, https:\/\/foxsec.eu\/es\/wp-content\/uploads\/2024\/03\/iStock-965267144-web-1920-1280-768x512.jpg 768w, https:\/\/foxsec.eu\/es\/wp-content\/uploads\/2024\/03\/iStock-965267144-web-1920-1280-1536x1024.jpg 1536w, https:\/\/foxsec.eu\/es\/wp-content\/uploads\/2024\/03\/iStock-965267144-web-1920-1280-600x400.jpg 600w, https:\/\/foxsec.eu\/es\/wp-content\/uploads\/2024\/03\/iStock-965267144-web-1920-1280.jpg 1920w\" sizes=\"(max-width: 1024px) 100vw, 1024px\" \/><\/figure>\n\n\n\n<h3 class=\"gb-headline gb-headline-642d5942 gb-headline-text\">DEPORTE<\/h3>\n\n\n\n<p class=\"gb-headline gb-headline-03ab3574 gb-headline-text\">Las necesidades de seguridad y control de acceso en instalaciones deportivas y el ocio son comparables a las de otras instalaciones comerciales, incluida la gesti\u00f3n de personas y el acceso a \u00e1reas designadas, la protecci\u00f3n de los empleados y control horario, acceso sin restricciones de usuarios\/visitantes en \u00e1reas comunes.<\/p>\n\n\n\n<a class=\"gb-button gb-button-6ddc368b\" href=\"https:\/\/foxsec.eu\/es\/sectores\/deporte\/\"><span class=\"gb-button-text\">DescubrA m\u00e1s<\/span><span class=\"gb-icon\"><svg viewBox=\"0 0 44.952 44.952\" xmlns=\"http:\/\/www.w3.org\/2000\/svg\"><path d=\"M44.952 22.108c0-1.25-.478-2.424-1.362-3.308L30.627 5.831a2.5 2.5 0 0 0-3.536 0 2.511 2.511 0 0 0 0 3.546l10.574 10.57H2.484C1.102 19.948 0 21.081 0 22.464v.028c0 1.382 1.102 2.523 2.484 2.523h35.182L27.094 35.579a2.504 2.504 0 0 0 3.538 3.54l12.958-12.97a4.633 4.633 0 0 0 1.362-3.309v-.732z\"><\/path><\/svg><\/span><\/a>\n\n<\/div><\/div>\n<\/div>\n<\/div>\n<\/section>\n<\/div>","protected":false},"excerpt":{"rendered":"<p>Que ofrecemos El sistema de control de acceso FoxSec proporciona una forma c\u00f3moda y segura de gestionar el acceso a su gimnasio, club de salud o centro deportivo. El control de acceso admite soluciones sin contacto como pulseras RFID, proporcionando el equilibrio perfecto entre seguridad, comodidad y libertad de movimiento. Con un sistema de integraci\u00f3n &#8230; <a title=\"Integraci\u00f3n de ticketing\" class=\"read-more\" href=\"https:\/\/foxsec.eu\/es\/integraciones\/ticketing\/\" aria-label=\"Leer m\u00e1s sobre Integraci\u00f3n de ticketing\">Leer m\u00e1s<\/a><\/p>\n","protected":false},"author":1,"featured_media":5392,"parent":4213,"menu_order":0,"comment_status":"closed","ping_status":"closed","template":"","meta":{"footnotes":""},"_links":{"self":[{"href":"https:\/\/foxsec.eu\/es\/wp-json\/wp\/v2\/pages\/4478"}],"collection":[{"href":"https:\/\/foxsec.eu\/es\/wp-json\/wp\/v2\/pages"}],"about":[{"href":"https:\/\/foxsec.eu\/es\/wp-json\/wp\/v2\/types\/page"}],"author":[{"embeddable":true,"href":"https:\/\/foxsec.eu\/es\/wp-json\/wp\/v2\/users\/1"}],"replies":[{"embeddable":true,"href":"https:\/\/foxsec.eu\/es\/wp-json\/wp\/v2\/comments?post=4478"}],"version-history":[{"count":14,"href":"https:\/\/foxsec.eu\/es\/wp-json\/wp\/v2\/pages\/4478\/revisions"}],"predecessor-version":[{"id":7575,"href":"https:\/\/foxsec.eu\/es\/wp-json\/wp\/v2\/pages\/4478\/revisions\/7575"}],"up":[{"embeddable":true,"href":"https:\/\/foxsec.eu\/es\/wp-json\/wp\/v2\/pages\/4213"}],"wp:featuredmedia":[{"embeddable":true,"href":"https:\/\/foxsec.eu\/es\/wp-json\/wp\/v2\/media\/5392"}],"wp:attachment":[{"href":"https:\/\/foxsec.eu\/es\/wp-json\/wp\/v2\/media?parent=4478"}],"curies":[{"name":"wp","href":"https:\/\/api.w.org\/{rel}","templated":true}]}}