{"id":4472,"date":"2024-02-27T14:13:19","date_gmt":"2024-02-27T14:13:19","guid":{"rendered":"https:\/\/foxsec.eu\/es\/?page_id=4472"},"modified":"2025-02-28T15:16:05","modified_gmt":"2025-02-28T12:16:05","slug":"bms","status":"publish","type":"page","link":"https:\/\/foxsec.eu\/es\/integraciones\/bms\/","title":{"rendered":"BMS integraci\u00f3n"},"content":{"rendered":"<section class=\"gb-container gb-container-ad63df80\">\n\n<h2 class=\"gb-headline gb-headline-b5937dea\"><span class=\"gb-icon\"><svg xmlns=\"http:\/\/www.w3.org\/2000\/svg\" viewBox=\"0 0 36.7 3\"><path d=\"M0 0h36.7v3H0z\"><\/path><\/svg><\/span><span class=\"gb-headline-text\">Que ofrecemos<\/span><\/h2>\n\n\n\n<p>Adem\u00e1s de poder controlar directamente muchos sistemas de terceros, como ascensores, calefacci\u00f3n, refrigeraci\u00f3n y luces, FoxSec puede comunicarse con grandes sistemas de gesti\u00f3n de edificios, lo que le permite convertirse en una parte integral de cualquier soluci\u00f3n de edificio inteligente. El protocolo BACnet proporciona mecanismos para que los dispositivos computarizados de automatizaci\u00f3n de edificios intercambien informaci\u00f3n, independientemente del servicio de construcci\u00f3n particular que realicen.<\/p>\n\n\n\n<h2 class=\"gb-headline gb-headline-9f9688da\"><span class=\"gb-icon\"><svg xmlns=\"http:\/\/www.w3.org\/2000\/svg\" viewBox=\"0 0 36.7 3\"><path d=\"M0 0h36.7v3H0z\"><\/path><\/svg><\/span><span class=\"gb-headline-text\">Caracter\u00edsticas clave <\/span><\/h2>\n\n\n\n<ul>\n<li>Cree un repositorio central para toda la gesti\u00f3n de alarmas, para monitorear y controlar su HVAC (calefacci\u00f3n, ventilaci\u00f3n y aire acondicionado) y otros sistemas<\/li>\n\n\n\n<li>La visibilidad de todos los servicios en el sitio en todo momento garantiza una capacidad de respuesta r\u00e1pida<\/li>\n\n\n\n<li>La integraci\u00f3n con los sistemas de gesti\u00f3n de edificios mejora el seguimiento y reduce los gastos operativos<\/li>\n\n\n\n<li>La integraci\u00f3n con los sistemas de reserva de recursos identifica cu\u00e1ndo una habitaci\u00f3n no est\u00e1 en uso y apaga las luces, el aire acondicionado, la calefacci\u00f3n y cierra la puerta<\/li>\n\n\n\n<li>S\u00f3lo las personas con los privilegios de acceso adecuados pueden activar los servicios<\/li>\n<\/ul>\n\n<\/section>\n\n<div class=\"gb-container gb-container-c56d1e7c\"><\/div>\n\n<div class=\"gb-container gb-container-98948a30\">\n<section class=\"gb-container gb-container-68d289fa\">\n<section class=\"gb-container gb-container-8b3cd952\">\n\n<h2 class=\"gb-headline gb-headline-a91da2e3\"><span class=\"gb-icon\"><svg xmlns=\"http:\/\/www.w3.org\/2000\/svg\" viewBox=\"0 0 36.7 3\"><path d=\"M0 0h36.7v3H0z\"><\/path><\/svg><\/span><span class=\"gb-headline-text\">Sectores<\/span><\/h2>\n\n<\/section>\n\n<div class=\"gb-container gb-container-ec424718\">\n<div class=\"gb-grid-wrapper gb-grid-wrapper-c07a1043\">\n<div class=\"gb-grid-column gb-grid-column-a14b8a5c\"><div class=\"gb-container gb-container-a14b8a5c\">\n\n<figure class=\"gb-block-image gb-block-image-7b34447d\"><img loading=\"lazy\" decoding=\"async\" width=\"1024\" height=\"683\" class=\"gb-image gb-image-7b34447d\" src=\"https:\/\/foxsec.eu\/es\/wp-content\/uploads\/2024\/03\/edifio_de_oficinas_portada_1745891_1920_1280-1024x683.jpg\" alt=\"\" title=\"Edificio de oficinas\" srcset=\"https:\/\/foxsec.eu\/es\/wp-content\/uploads\/2024\/03\/edifio_de_oficinas_portada_1745891_1920_1280-1024x683.jpg 1024w, https:\/\/foxsec.eu\/es\/wp-content\/uploads\/2024\/03\/edifio_de_oficinas_portada_1745891_1920_1280-300x200.jpg 300w, https:\/\/foxsec.eu\/es\/wp-content\/uploads\/2024\/03\/edifio_de_oficinas_portada_1745891_1920_1280-768x512.jpg 768w, https:\/\/foxsec.eu\/es\/wp-content\/uploads\/2024\/03\/edifio_de_oficinas_portada_1745891_1920_1280-1536x1024.jpg 1536w, https:\/\/foxsec.eu\/es\/wp-content\/uploads\/2024\/03\/edifio_de_oficinas_portada_1745891_1920_1280-800x533.jpg 800w, https:\/\/foxsec.eu\/es\/wp-content\/uploads\/2024\/03\/edifio_de_oficinas_portada_1745891_1920_1280-600x400.jpg 600w, https:\/\/foxsec.eu\/es\/wp-content\/uploads\/2024\/03\/edifio_de_oficinas_portada_1745891_1920_1280.jpg 1920w\" sizes=\"(max-width: 1024px) 100vw, 1024px\" \/><\/figure>\n\n\n\n<h3 class=\"gb-headline gb-headline-642d5942 gb-headline-text\">COMERCIO<\/h3>\n\n\n\n<p class=\"gb-headline gb-headline-03ab3574 gb-headline-text\">El propietario de un edificio comercial, que es utilizado por muchos inquilinos con diferentes necesidades, se enfrenta al desaf\u00edo de garantizar simult\u00e1neamente el nivel adecuado de seguridad y control de todo el edificio, al mismo tiempo que cumple con las expectativas de los inquilinos en t\u00e9rminos de usabilidad, comodidad e requisitos individualidades.<\/p>\n\n\n\n<a class=\"gb-button gb-button-6ddc368b\" href=\"https:\/\/foxsec.eu\/es\/sectores\/comercio\/\"><span class=\"gb-button-text\">DescubrA m\u00e1s<\/span><span class=\"gb-icon\"><svg viewBox=\"0 0 44.952 44.952\" xmlns=\"http:\/\/www.w3.org\/2000\/svg\"><path d=\"M44.952 22.108c0-1.25-.478-2.424-1.362-3.308L30.627 5.831a2.5 2.5 0 0 0-3.536 0 2.511 2.511 0 0 0 0 3.546l10.574 10.57H2.484C1.102 19.948 0 21.081 0 22.464v.028c0 1.382 1.102 2.523 2.484 2.523h35.182L27.094 35.579a2.504 2.504 0 0 0 3.538 3.54l12.958-12.97a4.633 4.633 0 0 0 1.362-3.309v-.732z\"><\/path><\/svg><\/span><\/a>\n\n<\/div><\/div>\n\n<div class=\"gb-grid-column gb-grid-column-9d756274\"><div class=\"gb-container gb-container-9d756274\">\n\n<figure class=\"gb-block-image gb-block-image-9478ab9f\"><img loading=\"lazy\" decoding=\"async\" width=\"1024\" height=\"683\" class=\"gb-image gb-image-9478ab9f\" src=\"https:\/\/foxsec.eu\/es\/wp-content\/uploads\/2024\/03\/shutterstock_1774114502-959d983b-2a69be90@760ll-1024x683.jpg\" alt=\"\" title=\"Sector log\u00edstico\" srcset=\"https:\/\/foxsec.eu\/es\/wp-content\/uploads\/2024\/03\/shutterstock_1774114502-959d983b-2a69be90@760ll-1024x683.jpg 1024w, https:\/\/foxsec.eu\/es\/wp-content\/uploads\/2024\/03\/shutterstock_1774114502-959d983b-2a69be90@760ll-300x200.jpg 300w, https:\/\/foxsec.eu\/es\/wp-content\/uploads\/2024\/03\/shutterstock_1774114502-959d983b-2a69be90@760ll-768x512.jpg 768w, https:\/\/foxsec.eu\/es\/wp-content\/uploads\/2024\/03\/shutterstock_1774114502-959d983b-2a69be90@760ll-1536x1024.jpg 1536w, https:\/\/foxsec.eu\/es\/wp-content\/uploads\/2024\/03\/shutterstock_1774114502-959d983b-2a69be90@760ll-800x533.jpg 800w, https:\/\/foxsec.eu\/es\/wp-content\/uploads\/2024\/03\/shutterstock_1774114502-959d983b-2a69be90@760ll.jpg 1920w\" sizes=\"(max-width: 1024px) 100vw, 1024px\" \/><\/figure>\n\n\n\n<h3 class=\"gb-headline gb-headline-d9ed0255 gb-headline-text\">LOG\u00cdSTICA<\/h3>\n\n\n\n<p class=\"gb-headline gb-headline-df33b229 gb-headline-text\">La log\u00edstica es el coraz\u00f3n del comercio mundial y garantiza que las mercanc\u00edas lleguen a sus destinos de manera eficiente y puntual. Sin embargo, esta red compleja e interconectada de transporte, almacenamiento y distribuci\u00f3n no est\u00e1 exenta de riesgos.<\/p>\n\n\n\n<a class=\"gb-button gb-button-d1d0ad7a\" href=\"https:\/\/foxsec.eu\/es\/sectores\/logistica\/\"><span class=\"gb-button-text\">DescubrA m\u00e1s<\/span><span class=\"gb-icon\"><svg viewBox=\"0 0 44.952 44.952\" xmlns=\"http:\/\/www.w3.org\/2000\/svg\"><path d=\"M44.952 22.108c0-1.25-.478-2.424-1.362-3.308L30.627 5.831a2.5 2.5 0 0 0-3.536 0 2.511 2.511 0 0 0 0 3.546l10.574 10.57H2.484C1.102 19.948 0 21.081 0 22.464v.028c0 1.382 1.102 2.523 2.484 2.523h35.182L27.094 35.579a2.504 2.504 0 0 0 3.538 3.54l12.958-12.97a4.633 4.633 0 0 0 1.362-3.309v-.732z\"><\/path><\/svg><\/span><\/a>\n\n<\/div><\/div>\n\n<div class=\"gb-grid-column gb-grid-column-2e115fd1\"><div class=\"gb-container gb-container-2e115fd1\">\n\n<figure class=\"gb-block-image gb-block-image-0ad2fbd6\"><img loading=\"lazy\" decoding=\"async\" width=\"1024\" height=\"683\" class=\"gb-image gb-image-0ad2fbd6\" src=\"https:\/\/foxsec.eu\/es\/wp-content\/uploads\/2024\/03\/portada_sector_industrial_1254802_1920_1280-1024x683.jpg\" alt=\"\" title=\"Sector industrial\" srcset=\"https:\/\/foxsec.eu\/es\/wp-content\/uploads\/2024\/03\/portada_sector_industrial_1254802_1920_1280-1024x683.jpg 1024w, https:\/\/foxsec.eu\/es\/wp-content\/uploads\/2024\/03\/portada_sector_industrial_1254802_1920_1280-800x533.jpg 800w, https:\/\/foxsec.eu\/es\/wp-content\/uploads\/2024\/03\/portada_sector_industrial_1254802_1920_1280-300x200.jpg 300w, https:\/\/foxsec.eu\/es\/wp-content\/uploads\/2024\/03\/portada_sector_industrial_1254802_1920_1280-768x512.jpg 768w, https:\/\/foxsec.eu\/es\/wp-content\/uploads\/2024\/03\/portada_sector_industrial_1254802_1920_1280-1536x1024.jpg 1536w, https:\/\/foxsec.eu\/es\/wp-content\/uploads\/2024\/03\/portada_sector_industrial_1254802_1920_1280-600x400.jpg 600w, https:\/\/foxsec.eu\/es\/wp-content\/uploads\/2024\/03\/portada_sector_industrial_1254802_1920_1280.jpg 1920w\" sizes=\"(max-width: 1024px) 100vw, 1024px\" \/><\/figure>\n\n\n\n<h3 class=\"gb-headline gb-headline-b178b36d gb-headline-text\">INDUSTRIAL<\/h3>\n\n\n\n<p class=\"gb-headline gb-headline-c0b1c92c gb-headline-text\">Una instalaci\u00f3n industrial crea una serie de necesidades especializadas de seguridad. Proteger al gran n\u00famero de personas (empleados, subcontratistas, clientes o visitantes) presentes cada d\u00eda en la obra, garantizar el alto valor de los activos (por ejemplo, infraestructura de producci\u00f3n, herramientas, m\u00e1quinas, etc.), mantener alta eficiencia operativa son s\u00f3lo algunos de muchos.<\/p>\n\n\n\n<a class=\"gb-button gb-button-66c5ecfa\" href=\"https:\/\/foxsec.eu\/es\/sectores\/industrial\/\"><span class=\"gb-button-text\">DescubrA m\u00e1s<\/span><span class=\"gb-icon\"><svg viewBox=\"0 0 44.952 44.952\" xmlns=\"http:\/\/www.w3.org\/2000\/svg\"><path d=\"M44.952 22.108c0-1.25-.478-2.424-1.362-3.308L30.627 5.831a2.5 2.5 0 0 0-3.536 0 2.511 2.511 0 0 0 0 3.546l10.574 10.57H2.484C1.102 19.948 0 21.081 0 22.464v.028c0 1.382 1.102 2.523 2.484 2.523h35.182L27.094 35.579a2.504 2.504 0 0 0 3.538 3.54l12.958-12.97a4.633 4.633 0 0 0 1.362-3.309v-.732z\"><\/path><\/svg><\/span><\/a>\n\n<\/div><\/div>\n<\/div>\n<\/div>\n<\/section>\n<\/div>","protected":false},"excerpt":{"rendered":"<p>Que ofrecemos Adem\u00e1s de poder controlar directamente muchos sistemas de terceros, como ascensores, calefacci\u00f3n, refrigeraci\u00f3n y luces, FoxSec puede comunicarse con grandes sistemas de gesti\u00f3n de edificios, lo que le permite convertirse en una parte integral de cualquier soluci\u00f3n de edificio inteligente. El protocolo BACnet proporciona mecanismos para que los dispositivos computarizados de automatizaci\u00f3n de &#8230; <a title=\"BMS integraci\u00f3n\" class=\"read-more\" href=\"https:\/\/foxsec.eu\/es\/integraciones\/bms\/\" aria-label=\"Leer m\u00e1s sobre BMS integraci\u00f3n\">Leer m\u00e1s<\/a><\/p>\n","protected":false},"author":1,"featured_media":5330,"parent":4213,"menu_order":0,"comment_status":"closed","ping_status":"closed","template":"","meta":{"footnotes":""},"_links":{"self":[{"href":"https:\/\/foxsec.eu\/es\/wp-json\/wp\/v2\/pages\/4472"}],"collection":[{"href":"https:\/\/foxsec.eu\/es\/wp-json\/wp\/v2\/pages"}],"about":[{"href":"https:\/\/foxsec.eu\/es\/wp-json\/wp\/v2\/types\/page"}],"author":[{"embeddable":true,"href":"https:\/\/foxsec.eu\/es\/wp-json\/wp\/v2\/users\/1"}],"replies":[{"embeddable":true,"href":"https:\/\/foxsec.eu\/es\/wp-json\/wp\/v2\/comments?post=4472"}],"version-history":[{"count":11,"href":"https:\/\/foxsec.eu\/es\/wp-json\/wp\/v2\/pages\/4472\/revisions"}],"predecessor-version":[{"id":7736,"href":"https:\/\/foxsec.eu\/es\/wp-json\/wp\/v2\/pages\/4472\/revisions\/7736"}],"up":[{"embeddable":true,"href":"https:\/\/foxsec.eu\/es\/wp-json\/wp\/v2\/pages\/4213"}],"wp:featuredmedia":[{"embeddable":true,"href":"https:\/\/foxsec.eu\/es\/wp-json\/wp\/v2\/media\/5330"}],"wp:attachment":[{"href":"https:\/\/foxsec.eu\/es\/wp-json\/wp\/v2\/media?parent=4472"}],"curies":[{"name":"wp","href":"https:\/\/api.w.org\/{rel}","templated":true}]}}