{"id":4434,"date":"2024-02-27T14:13:43","date_gmt":"2024-02-27T14:13:43","guid":{"rendered":"https:\/\/foxsec.eu\/es\/?page_id=4434"},"modified":"2024-04-20T06:23:58","modified_gmt":"2024-04-20T06:23:58","slug":"logistica","status":"publish","type":"page","link":"https:\/\/foxsec.eu\/es\/sectores\/logistica\/","title":{"rendered":"Log\u00edstica"},"content":{"rendered":"<section class=\"gb-container gb-container-ad63df80\">\n\n<h2 class=\"gb-headline gb-headline-b5937dea\"><span class=\"gb-icon\"><svg xmlns=\"http:\/\/www.w3.org\/2000\/svg\" viewBox=\"0 0 36.7 3\"><path d=\"M0 0h36.7v3H0z\"><\/path><\/svg><\/span><span class=\"gb-headline-text\">Soluciones a medida para sector log\u00edstico<\/span><\/h2>\n\n\n\n<p>La log\u00edstica es el coraz\u00f3n del comercio mundial y garantiza que las mercanc\u00edas lleguen a sus destinos de manera eficiente y puntual. Sin embargo, esta red compleja e interconectada de transporte, almacenamiento y distribuci\u00f3n no est\u00e1 exenta de riesgos. La industria de la log\u00edstica enfrenta desaf\u00edos que van desde robos y sabotajes hasta accidentes y desastres naturales que pueden interrumpir el flujo de mercanc\u00edas y comprometer la seguridad.<\/p>\n\n\n\n<p>Al elegir un sistema de seguridad para un almac\u00e9n u otra instalaci\u00f3n del sector log\u00edstico, es necesario elegir una soluci\u00f3n que proporcione un alto nivel de seguridad, cumplimiento de los \u00faltimos est\u00e1ndares y regulaciones internacionales, confiabilidad y facilidad de uso, escalabilidad y capacidad de adaptarse a las necesidades de las futuras demandas. La soluci\u00f3n debe estar abierta a la integraci\u00f3n con otros sistemas y contar con el soporte del proveedor para la implementaci\u00f3n y posterior operaci\u00f3n o expansi\u00f3n para que sea una soluci\u00f3n preparada para el futuro.<\/p>\n\n\n\n<h2 class=\"gb-headline gb-headline-9f9688da\"><span class=\"gb-icon\"><svg xmlns=\"http:\/\/www.w3.org\/2000\/svg\" viewBox=\"0 0 36.7 3\"><path d=\"M0 0h36.7v3H0z\"><\/path><\/svg><\/span><span class=\"gb-headline-text\">Que ofrecemos <\/span><\/h2>\n\n\n\n<ul>\n<li>Sistema de alarma de intrusi\u00f3n<\/li>\n\n\n\n<li>Sistema de control de accessos<\/li>\n\n\n\n<li>Control de accesos al parking<\/li>\n\n\n\n<li>Control horario para empleados<\/li>\n\n\n\n<li>Integraciones con sistemas de terceros<\/li>\n\n\n\n<li>IoT Soluciones<\/li>\n<\/ul>\n\n<\/section>\n\n<div class=\"gb-container gb-container-c56d1e7c\"><\/div>\n\n<div class=\"gb-container gb-container-98948a30\">\n<section class=\"gb-container gb-container-68d289fa\">\n<section class=\"gb-container gb-container-8b3cd952\">\n\n<h2 class=\"gb-headline gb-headline-a91da2e3\"><span class=\"gb-icon\"><svg xmlns=\"http:\/\/www.w3.org\/2000\/svg\" viewBox=\"0 0 36.7 3\"><path d=\"M0 0h36.7v3H0z\"><\/path><\/svg><\/span><span class=\"gb-headline-text\">Soluciones destacadas<\/span><\/h2>\n\n<\/section>\n\n<div class=\"gb-container gb-container-ec424718\">\n<div class=\"gb-grid-wrapper gb-grid-wrapper-c07a1043\">\n<div class=\"gb-grid-column gb-grid-column-a14b8a5c\"><div class=\"gb-container gb-container-a14b8a5c\">\n\n<figure class=\"gb-block-image gb-block-image-7b34447d\"><img loading=\"lazy\" decoding=\"async\" width=\"1024\" height=\"683\" class=\"gb-image gb-image-7b34447d\" src=\"https:\/\/foxsec.eu\/es\/wp-content\/uploads\/2024\/02\/teclado_de_alarma_de_intrusion-1024x683.jpg\" alt=\"\" title=\"Alarma de Intrusi\u00f3n Avanzada\" srcset=\"https:\/\/foxsec.eu\/es\/wp-content\/uploads\/2024\/02\/teclado_de_alarma_de_intrusion-1024x683.jpg 1024w, https:\/\/foxsec.eu\/es\/wp-content\/uploads\/2024\/02\/teclado_de_alarma_de_intrusion-300x200.jpg 300w, https:\/\/foxsec.eu\/es\/wp-content\/uploads\/2024\/02\/teclado_de_alarma_de_intrusion-768x512.jpg 768w, https:\/\/foxsec.eu\/es\/wp-content\/uploads\/2024\/02\/teclado_de_alarma_de_intrusion-1536x1024.jpg 1536w, https:\/\/foxsec.eu\/es\/wp-content\/uploads\/2024\/02\/teclado_de_alarma_de_intrusion-800x533.jpg 800w, https:\/\/foxsec.eu\/es\/wp-content\/uploads\/2024\/02\/teclado_de_alarma_de_intrusion-600x400.jpg 600w, https:\/\/foxsec.eu\/es\/wp-content\/uploads\/2024\/02\/teclado_de_alarma_de_intrusion.jpg 1920w\" sizes=\"(max-width: 1024px) 100vw, 1024px\" \/><\/figure>\n\n\n\n<h3 class=\"gb-headline gb-headline-642d5942 gb-headline-text\">ALARMA DE INTRUSI\u00d3N<\/h3>\n\n\n\n<p class=\"gb-headline gb-headline-03ab3574 gb-headline-text\">El sistema de alarma de intrusi\u00f3n FoxSec es una soluci\u00f3n de seguridad integral dise\u00f1ada para proyectos a gran escala. Proporciona una infraestructura de hardware\/firmware completa, ofrece las funciones b\u00e1sicas y avanzadas para crear un sistema de seguridad de hasta 790 zonas y 240 grupos en una configuraci\u00f3n est\u00e1ndar.<\/p>\n\n\n\n<a class=\"gb-button gb-button-6ddc368b\" href=\"https:\/\/foxsec.eu\/es\/soluciones\/alarma-de-intrusion-avanzada\/\"><span class=\"gb-button-text\">DescubrA m\u00e1s<\/span><span class=\"gb-icon\"><svg viewBox=\"0 0 44.952 44.952\" xmlns=\"http:\/\/www.w3.org\/2000\/svg\"><path d=\"M44.952 22.108c0-1.25-.478-2.424-1.362-3.308L30.627 5.831a2.5 2.5 0 0 0-3.536 0 2.511 2.511 0 0 0 0 3.546l10.574 10.57H2.484C1.102 19.948 0 21.081 0 22.464v.028c0 1.382 1.102 2.523 2.484 2.523h35.182L27.094 35.579a2.504 2.504 0 0 0 3.538 3.54l12.958-12.97a4.633 4.633 0 0 0 1.362-3.309v-.732z\"><\/path><\/svg><\/span><\/a>\n\n<\/div><\/div>\n\n<div class=\"gb-grid-column gb-grid-column-9d756274\"><div class=\"gb-container gb-container-9d756274\">\n\n<figure class=\"gb-block-image gb-block-image-9478ab9f\"><img loading=\"lazy\" decoding=\"async\" width=\"1024\" height=\"683\" class=\"gb-image gb-image-9478ab9f\" src=\"https:\/\/foxsec.eu\/es\/wp-content\/uploads\/2024\/03\/AdobeStock_341163460_1920_1280-1024x683.jpg\" alt=\"\" title=\"Control de accesos\" srcset=\"https:\/\/foxsec.eu\/es\/wp-content\/uploads\/2024\/03\/AdobeStock_341163460_1920_1280-1024x683.jpg 1024w, https:\/\/foxsec.eu\/es\/wp-content\/uploads\/2024\/03\/AdobeStock_341163460_1920_1280-800x533.jpg 800w, https:\/\/foxsec.eu\/es\/wp-content\/uploads\/2024\/03\/AdobeStock_341163460_1920_1280-300x200.jpg 300w, https:\/\/foxsec.eu\/es\/wp-content\/uploads\/2024\/03\/AdobeStock_341163460_1920_1280-768x512.jpg 768w, https:\/\/foxsec.eu\/es\/wp-content\/uploads\/2024\/03\/AdobeStock_341163460_1920_1280-1536x1024.jpg 1536w, https:\/\/foxsec.eu\/es\/wp-content\/uploads\/2024\/03\/AdobeStock_341163460_1920_1280-600x400.jpg 600w, https:\/\/foxsec.eu\/es\/wp-content\/uploads\/2024\/03\/AdobeStock_341163460_1920_1280.jpg 1920w\" sizes=\"(max-width: 1024px) 100vw, 1024px\" \/><\/figure>\n\n\n\n<h3 class=\"gb-headline gb-headline-d9ed0255 gb-headline-text\">CONTROL DE ACCESOS<\/h3>\n\n\n\n<p class=\"gb-headline gb-headline-df33b229 gb-headline-text\">El sistema control de acceso FoxSec es una soluci\u00f3n de seguridad de \u00faltima generaci\u00f3n. Proporciona una infraestructura de hardware\/firmware completa, ofrece las funciones b\u00e1sicas y avanzadas para crear un sistema de hasta 310 puertas\/puntos de control de accesos en una configuraci\u00f3n est\u00e1ndar.<\/p>\n\n\n\n<a class=\"gb-button gb-button-d1d0ad7a\" href=\"https:\/\/foxsec.eu\/es\/soluciones\/control-de-acceso-avanzado\/\"><span class=\"gb-button-text\">DescubrA m\u00e1s<\/span><span class=\"gb-icon\"><svg viewBox=\"0 0 44.952 44.952\" xmlns=\"http:\/\/www.w3.org\/2000\/svg\"><path d=\"M44.952 22.108c0-1.25-.478-2.424-1.362-3.308L30.627 5.831a2.5 2.5 0 0 0-3.536 0 2.511 2.511 0 0 0 0 3.546l10.574 10.57H2.484C1.102 19.948 0 21.081 0 22.464v.028c0 1.382 1.102 2.523 2.484 2.523h35.182L27.094 35.579a2.504 2.504 0 0 0 3.538 3.54l12.958-12.97a4.633 4.633 0 0 0 1.362-3.309v-.732z\"><\/path><\/svg><\/span><\/a>\n\n<\/div><\/div>\n\n<div class=\"gb-grid-column gb-grid-column-2e115fd1\"><div class=\"gb-container gb-container-2e115fd1\">\n\n<figure class=\"gb-block-image gb-block-image-0ad2fbd6\"><img loading=\"lazy\" decoding=\"async\" width=\"1024\" height=\"683\" class=\"gb-image gb-image-0ad2fbd6\" src=\"https:\/\/foxsec.eu\/es\/wp-content\/uploads\/2024\/03\/portada_parking_145796_1920_1280-1024x683.jpg\" alt=\"\" title=\"Parking control\" srcset=\"https:\/\/foxsec.eu\/es\/wp-content\/uploads\/2024\/03\/portada_parking_145796_1920_1280-1024x683.jpg 1024w, https:\/\/foxsec.eu\/es\/wp-content\/uploads\/2024\/03\/portada_parking_145796_1920_1280-800x533.jpg 800w, https:\/\/foxsec.eu\/es\/wp-content\/uploads\/2024\/03\/portada_parking_145796_1920_1280-300x200.jpg 300w, https:\/\/foxsec.eu\/es\/wp-content\/uploads\/2024\/03\/portada_parking_145796_1920_1280-768x512.jpg 768w, https:\/\/foxsec.eu\/es\/wp-content\/uploads\/2024\/03\/portada_parking_145796_1920_1280-1536x1024.jpg 1536w, https:\/\/foxsec.eu\/es\/wp-content\/uploads\/2024\/03\/portada_parking_145796_1920_1280-600x400.jpg 600w, https:\/\/foxsec.eu\/es\/wp-content\/uploads\/2024\/03\/portada_parking_145796_1920_1280.jpg 1920w\" sizes=\"(max-width: 1024px) 100vw, 1024px\" \/><\/figure>\n\n\n\n<h3 class=\"gb-headline gb-headline-b178b36d gb-headline-text\">CONTROL DE ESTACIONAMIENTOS<\/h3>\n\n\n\n<p class=\"gb-headline gb-headline-c0b1c92c gb-headline-text\">El reconocimiento autom\u00e1tico de matr\u00edculas (ANPR), tambi\u00e9n conocido como reconocimiento de matr\u00edculas (LPR), es una tecnolog\u00eda que se ha vuelto cada vez m\u00e1s frecuente en nuestro mundo moderno. Se utiliza en diversas aplicaciones, desde gesti\u00f3n del tr\u00e1fico hasta aplicaci\u00f3n de la ley y sistemas de estacionamiento.<\/p>\n\n\n\n<a class=\"gb-button gb-button-66c5ecfa\" href=\"https:\/\/foxsec.eu\/es\/integraciones\/anpr\/\"><span class=\"gb-button-text\">DescubrA m\u00e1s<\/span><span class=\"gb-icon\"><svg viewBox=\"0 0 44.952 44.952\" xmlns=\"http:\/\/www.w3.org\/2000\/svg\"><path d=\"M44.952 22.108c0-1.25-.478-2.424-1.362-3.308L30.627 5.831a2.5 2.5 0 0 0-3.536 0 2.511 2.511 0 0 0 0 3.546l10.574 10.57H2.484C1.102 19.948 0 21.081 0 22.464v.028c0 1.382 1.102 2.523 2.484 2.523h35.182L27.094 35.579a2.504 2.504 0 0 0 3.538 3.54l12.958-12.97a4.633 4.633 0 0 0 1.362-3.309v-.732z\"><\/path><\/svg><\/span><\/a>\n\n<\/div><\/div>\n<\/div>\n<\/div>\n<\/section>\n<\/div>","protected":false},"excerpt":{"rendered":"<p>Soluciones a medida para sector log\u00edstico La log\u00edstica es el coraz\u00f3n del comercio mundial y garantiza que las mercanc\u00edas lleguen a sus destinos de manera eficiente y puntual. Sin embargo, esta red compleja e interconectada de transporte, almacenamiento y distribuci\u00f3n no est\u00e1 exenta de riesgos. La industria de la log\u00edstica enfrenta desaf\u00edos que van desde &#8230; <a title=\"Log\u00edstica\" class=\"read-more\" href=\"https:\/\/foxsec.eu\/es\/sectores\/logistica\/\" aria-label=\"Leer m\u00e1s sobre Log\u00edstica\">Leer m\u00e1s<\/a><\/p>\n","protected":false},"author":1,"featured_media":5942,"parent":4423,"menu_order":0,"comment_status":"closed","ping_status":"closed","template":"","meta":{"footnotes":""},"_links":{"self":[{"href":"https:\/\/foxsec.eu\/es\/wp-json\/wp\/v2\/pages\/4434"}],"collection":[{"href":"https:\/\/foxsec.eu\/es\/wp-json\/wp\/v2\/pages"}],"about":[{"href":"https:\/\/foxsec.eu\/es\/wp-json\/wp\/v2\/types\/page"}],"author":[{"embeddable":true,"href":"https:\/\/foxsec.eu\/es\/wp-json\/wp\/v2\/users\/1"}],"replies":[{"embeddable":true,"href":"https:\/\/foxsec.eu\/es\/wp-json\/wp\/v2\/comments?post=4434"}],"version-history":[{"count":9,"href":"https:\/\/foxsec.eu\/es\/wp-json\/wp\/v2\/pages\/4434\/revisions"}],"predecessor-version":[{"id":7565,"href":"https:\/\/foxsec.eu\/es\/wp-json\/wp\/v2\/pages\/4434\/revisions\/7565"}],"up":[{"embeddable":true,"href":"https:\/\/foxsec.eu\/es\/wp-json\/wp\/v2\/pages\/4423"}],"wp:featuredmedia":[{"embeddable":true,"href":"https:\/\/foxsec.eu\/es\/wp-json\/wp\/v2\/media\/5942"}],"wp:attachment":[{"href":"https:\/\/foxsec.eu\/es\/wp-json\/wp\/v2\/media?parent=4434"}],"curies":[{"name":"wp","href":"https:\/\/api.w.org\/{rel}","templated":true}]}}