{"id":4419,"date":"2024-02-27T14:13:43","date_gmt":"2024-02-27T14:13:43","guid":{"rendered":"https:\/\/foxsec.eu\/es\/?page_id=4419"},"modified":"2024-04-20T06:20:00","modified_gmt":"2024-04-20T06:20:00","slug":"iot-soluciones","status":"publish","type":"page","link":"https:\/\/foxsec.eu\/es\/soluciones\/iot-soluciones\/","title":{"rendered":"IoT Soluciones"},"content":{"rendered":"<section class=\"gb-container gb-container-ad63df80\">\n\n<h2 class=\"gb-headline gb-headline-b5937dea\"><span class=\"gb-icon\"><svg xmlns=\"http:\/\/www.w3.org\/2000\/svg\" viewBox=\"0 0 36.7 3\"><path d=\"M0 0h36.7v3H0z\"><\/path><\/svg><\/span><span class=\"gb-headline-text\">Que ofrecemos<\/span><\/h2>\n\n\n\n<p>Los dispositivos de seguridad conectados a la red se est\u00e1n convirtiendo r\u00e1pidamente en una parte integral del mundo del Internet de las cosas, actuando como el puente entre el mundo f\u00edsico y el mundo digital, ofrece una gran oportunidad para las empresas.<\/p>\n\n\n\n<p>Como integrador de sistemas, tambi\u00e9n prestamos gran atenci\u00f3n a las tecnolog\u00edas de la nube, en este caso estamos hablando del desarrollo de una nube corporativa, que permite crear una infraestructura tecnol\u00f3gica adecuada con las herramientas digitales que le ayudar\u00e1n a mejorar la eficiencia empresarial. Especialmente para estos fines, hemos desarrollado nuestras soluciones IoT, que ayuda a unir sistemas de seguridad distribuidos, simplificando la conexi\u00f3n de una gran cantidad de dispositivos de seguridad a un servidor central y su administraci\u00f3n.<\/p>\n\n\n\n<p>Nuestras IoT soluciones son aptas para medianas y grandes empresas, brinda grandes beneficios en t\u00e9rminos de eficiencia, flexibilidad y rentabilidad del sistema ya que las empresas no necesitan alojar servidores local ni realizar configuraciones complejas de equipos. Al mismo tiempo, se pueden obtener acceso a los equipos desde cualquier parte del mundo.<\/p>\n\n\n\n<p>Ofrecemos a nuestros clientes un sistema de tarifas flexible, dentro del cual el cliente puede distribuir los gastos a lo largo de la duraci\u00f3n del contrato y pagar s\u00f3lo por aquellos servicios que sean relevantes para \u00e9l.<\/p>\n\n\n\n<h2 class=\"gb-headline gb-headline-9f9688da\"><span class=\"gb-icon\"><svg xmlns=\"http:\/\/www.w3.org\/2000\/svg\" viewBox=\"0 0 36.7 3\"><path d=\"M0 0h36.7v3H0z\"><\/path><\/svg><\/span><span class=\"gb-headline-text\">Beneficios clave <\/span><\/h2>\n\n\n\n<ul>\n<li>La escalabilidad nunca ha sido tan f\u00e1cil<\/li>\n\n\n\n<li>Mayor seguridad y confiabilidad<\/li>\n\n\n\n<li>Movilidad de los datos y accesibilidad<\/li>\n\n\n\n<li>Mejor gesti\u00f3n de los recursos econ\u00f3micos<\/li>\n<\/ul>\n\n<\/section>\n\n<div class=\"gb-container gb-container-c56d1e7c\">\n<section class=\"gb-container gb-container-a28bcef6\">\n<section class=\"gb-container gb-container-f9642fcd\">\n\n<h2 class=\"gb-headline gb-headline-40a1b855\"><span class=\"gb-icon\"><svg xmlns=\"http:\/\/www.w3.org\/2000\/svg\" viewBox=\"0 0 36.7 3\"><path d=\"M0 0h36.7v3H0z\"><\/path><\/svg><\/span><span class=\"gb-headline-text\">Sectores<\/span><\/h2>\n\n<\/section>\n\n<div class=\"gb-container gb-container-4900ac1f\">\n<div class=\"gb-grid-wrapper gb-grid-wrapper-68056277\">\n<div class=\"gb-grid-column gb-grid-column-8293ee25\"><div class=\"gb-container gb-container-8293ee25\">\n\n<figure class=\"gb-block-image gb-block-image-7d2f5899\"><img loading=\"lazy\" decoding=\"async\" width=\"1024\" height=\"683\" class=\"gb-image gb-image-7d2f5899\" src=\"https:\/\/foxsec.eu\/es\/wp-content\/uploads\/2024\/03\/edifio_de_oficinas_portada_1745891_1920_1280-1024x683.jpg\" alt=\"\" title=\"Edificio de oficinas\" srcset=\"https:\/\/foxsec.eu\/es\/wp-content\/uploads\/2024\/03\/edifio_de_oficinas_portada_1745891_1920_1280-1024x683.jpg 1024w, https:\/\/foxsec.eu\/es\/wp-content\/uploads\/2024\/03\/edifio_de_oficinas_portada_1745891_1920_1280-300x200.jpg 300w, https:\/\/foxsec.eu\/es\/wp-content\/uploads\/2024\/03\/edifio_de_oficinas_portada_1745891_1920_1280-768x512.jpg 768w, https:\/\/foxsec.eu\/es\/wp-content\/uploads\/2024\/03\/edifio_de_oficinas_portada_1745891_1920_1280-1536x1024.jpg 1536w, https:\/\/foxsec.eu\/es\/wp-content\/uploads\/2024\/03\/edifio_de_oficinas_portada_1745891_1920_1280-800x533.jpg 800w, https:\/\/foxsec.eu\/es\/wp-content\/uploads\/2024\/03\/edifio_de_oficinas_portada_1745891_1920_1280-600x400.jpg 600w, https:\/\/foxsec.eu\/es\/wp-content\/uploads\/2024\/03\/edifio_de_oficinas_portada_1745891_1920_1280.jpg 1920w\" sizes=\"(max-width: 1024px) 100vw, 1024px\" \/><\/figure>\n\n\n\n<h3 class=\"gb-headline gb-headline-a0042afe gb-headline-text\">COMERCIO<\/h3>\n\n\n\n<p class=\"gb-headline gb-headline-e637708c gb-headline-text\">El propietario de un edificio comercial, que es utilizado por muchos inquilinos con diferentes necesidades, se enfrenta al desaf\u00edo de garantizar simult\u00e1neamente el nivel adecuado de seguridad y control de todo el edificio, al mismo tiempo que cumple con las expectativas de los inquilinos en t\u00e9rminos de usabilidad, comodidad e requisitos individualidades.<\/p>\n\n\n\n<a class=\"gb-button gb-button-48a79ddb\" href=\"https:\/\/foxsec.eu\/es\/sectores\/comercio\/\"><span class=\"gb-button-text\">DescubrA m\u00e1s<\/span><span class=\"gb-icon\"><svg viewBox=\"0 0 44.952 44.952\" xmlns=\"http:\/\/www.w3.org\/2000\/svg\"><path d=\"M44.952 22.108c0-1.25-.478-2.424-1.362-3.308L30.627 5.831a2.5 2.5 0 0 0-3.536 0 2.511 2.511 0 0 0 0 3.546l10.574 10.57H2.484C1.102 19.948 0 21.081 0 22.464v.028c0 1.382 1.102 2.523 2.484 2.523h35.182L27.094 35.579a2.504 2.504 0 0 0 3.538 3.54l12.958-12.97a4.633 4.633 0 0 0 1.362-3.309v-.732z\"><\/path><\/svg><\/span><\/a>\n\n<\/div><\/div>\n\n<div class=\"gb-grid-column gb-grid-column-87683671\"><div class=\"gb-container gb-container-87683671\">\n\n<figure class=\"gb-block-image gb-block-image-59385a13\"><img loading=\"lazy\" decoding=\"async\" width=\"1024\" height=\"683\" class=\"gb-image gb-image-59385a13\" src=\"https:\/\/foxsec.eu\/es\/wp-content\/uploads\/2024\/03\/portada_sector_industrial_1254802_1920_1280-1024x683.jpg\" alt=\"\" title=\"Sector industrial\" srcset=\"https:\/\/foxsec.eu\/es\/wp-content\/uploads\/2024\/03\/portada_sector_industrial_1254802_1920_1280-1024x683.jpg 1024w, https:\/\/foxsec.eu\/es\/wp-content\/uploads\/2024\/03\/portada_sector_industrial_1254802_1920_1280-800x533.jpg 800w, https:\/\/foxsec.eu\/es\/wp-content\/uploads\/2024\/03\/portada_sector_industrial_1254802_1920_1280-300x200.jpg 300w, https:\/\/foxsec.eu\/es\/wp-content\/uploads\/2024\/03\/portada_sector_industrial_1254802_1920_1280-768x512.jpg 768w, https:\/\/foxsec.eu\/es\/wp-content\/uploads\/2024\/03\/portada_sector_industrial_1254802_1920_1280-1536x1024.jpg 1536w, https:\/\/foxsec.eu\/es\/wp-content\/uploads\/2024\/03\/portada_sector_industrial_1254802_1920_1280-600x400.jpg 600w, https:\/\/foxsec.eu\/es\/wp-content\/uploads\/2024\/03\/portada_sector_industrial_1254802_1920_1280.jpg 1920w\" sizes=\"(max-width: 1024px) 100vw, 1024px\" \/><\/figure>\n\n\n\n<h3 class=\"gb-headline gb-headline-d923e602 gb-headline-text\">INDUSTRIAL<\/h3>\n\n\n\n<p class=\"gb-headline gb-headline-55a4bd93 gb-headline-text\">Una instalaci\u00f3n industrial crea una serie de necesidades especializadas de seguridad. Proteger al gran n\u00famero de personas presentes cada d\u00eda en la obra, garantizar el alto valor de los activos (por ejemplo, infraestructura de producci\u00f3n, herramientas, m\u00e1quinas, etc.), mantener alta eficiencia operativa son s\u00f3lo algunos de muchos.<\/p>\n\n\n\n<a class=\"gb-button gb-button-eae0824a\" href=\"https:\/\/foxsec.eu\/es\/sectores\/industrial\/\"><span class=\"gb-button-text\">DescubrA m\u00e1s<\/span><span class=\"gb-icon\"><svg viewBox=\"0 0 44.952 44.952\" xmlns=\"http:\/\/www.w3.org\/2000\/svg\"><path d=\"M44.952 22.108c0-1.25-.478-2.424-1.362-3.308L30.627 5.831a2.5 2.5 0 0 0-3.536 0 2.511 2.511 0 0 0 0 3.546l10.574 10.57H2.484C1.102 19.948 0 21.081 0 22.464v.028c0 1.382 1.102 2.523 2.484 2.523h35.182L27.094 35.579a2.504 2.504 0 0 0 3.538 3.54l12.958-12.97a4.633 4.633 0 0 0 1.362-3.309v-.732z\"><\/path><\/svg><\/span><\/a>\n\n<\/div><\/div>\n\n<div class=\"gb-grid-column gb-grid-column-a4e9b094\"><div class=\"gb-container gb-container-a4e9b094\">\n\n<figure class=\"gb-block-image gb-block-image-94ed9689\"><img loading=\"lazy\" decoding=\"async\" width=\"1024\" height=\"683\" class=\"gb-image gb-image-94ed9689\" src=\"https:\/\/foxsec.eu\/es\/wp-content\/uploads\/2024\/03\/shutterstock_1774114502-959d983b-2a69be90@760ll-1024x683.jpg\" alt=\"\" title=\"Sector log\u00edstico\" srcset=\"https:\/\/foxsec.eu\/es\/wp-content\/uploads\/2024\/03\/shutterstock_1774114502-959d983b-2a69be90@760ll-1024x683.jpg 1024w, https:\/\/foxsec.eu\/es\/wp-content\/uploads\/2024\/03\/shutterstock_1774114502-959d983b-2a69be90@760ll-300x200.jpg 300w, https:\/\/foxsec.eu\/es\/wp-content\/uploads\/2024\/03\/shutterstock_1774114502-959d983b-2a69be90@760ll-768x512.jpg 768w, https:\/\/foxsec.eu\/es\/wp-content\/uploads\/2024\/03\/shutterstock_1774114502-959d983b-2a69be90@760ll-1536x1024.jpg 1536w, https:\/\/foxsec.eu\/es\/wp-content\/uploads\/2024\/03\/shutterstock_1774114502-959d983b-2a69be90@760ll-800x533.jpg 800w, https:\/\/foxsec.eu\/es\/wp-content\/uploads\/2024\/03\/shutterstock_1774114502-959d983b-2a69be90@760ll.jpg 1920w\" sizes=\"(max-width: 1024px) 100vw, 1024px\" \/><\/figure>\n\n\n\n<h3 class=\"gb-headline gb-headline-4c92631e gb-headline-text\">LOG\u00cdSTICA<\/h3>\n\n\n\n<p class=\"gb-headline gb-headline-f745667f gb-headline-text\">La log\u00edstica es el coraz\u00f3n del comercio mundial y garantiza que las mercanc\u00edas lleguen a sus destinos de manera eficiente y puntual. Sin embargo, esta red compleja e interconectada de transporte, almacenamiento y distribuci\u00f3n no est\u00e1 exenta de riesgos.<\/p>\n\n\n\n<a class=\"gb-button gb-button-5d105be6\" href=\"https:\/\/foxsec.eu\/es\/sectores\/logistica\/\"><span class=\"gb-button-text\">DescubrA m\u00e1s<\/span><span class=\"gb-icon\"><svg viewBox=\"0 0 44.952 44.952\" xmlns=\"http:\/\/www.w3.org\/2000\/svg\"><path d=\"M44.952 22.108c0-1.25-.478-2.424-1.362-3.308L30.627 5.831a2.5 2.5 0 0 0-3.536 0 2.511 2.511 0 0 0 0 3.546l10.574 10.57H2.484C1.102 19.948 0 21.081 0 22.464v.028c0 1.382 1.102 2.523 2.484 2.523h35.182L27.094 35.579a2.504 2.504 0 0 0 3.538 3.54l12.958-12.97a4.633 4.633 0 0 0 1.362-3.309v-.732z\"><\/path><\/svg><\/span><\/a>\n\n<\/div><\/div>\n<\/div>\n<\/div>\n<\/section>\n<\/div>\n\n<div class=\"gb-container gb-container-98948a30\"><\/div>","protected":false},"excerpt":{"rendered":"<p>Que ofrecemos Los dispositivos de seguridad conectados a la red se est\u00e1n convirtiendo r\u00e1pidamente en una parte integral del mundo del Internet de las cosas, actuando como el puente entre el mundo f\u00edsico y el mundo digital, ofrece una gran oportunidad para las empresas. Como integrador de sistemas, tambi\u00e9n prestamos gran atenci\u00f3n a las tecnolog\u00edas &#8230; <a title=\"IoT Soluciones\" class=\"read-more\" href=\"https:\/\/foxsec.eu\/es\/soluciones\/iot-soluciones\/\" aria-label=\"Leer m\u00e1s sobre IoT Soluciones\">Leer m\u00e1s<\/a><\/p>\n","protected":false},"author":1,"featured_media":6156,"parent":4205,"menu_order":0,"comment_status":"closed","ping_status":"closed","template":"","meta":{"footnotes":""},"_links":{"self":[{"href":"https:\/\/foxsec.eu\/es\/wp-json\/wp\/v2\/pages\/4419"}],"collection":[{"href":"https:\/\/foxsec.eu\/es\/wp-json\/wp\/v2\/pages"}],"about":[{"href":"https:\/\/foxsec.eu\/es\/wp-json\/wp\/v2\/types\/page"}],"author":[{"embeddable":true,"href":"https:\/\/foxsec.eu\/es\/wp-json\/wp\/v2\/users\/1"}],"replies":[{"embeddable":true,"href":"https:\/\/foxsec.eu\/es\/wp-json\/wp\/v2\/comments?post=4419"}],"version-history":[{"count":21,"href":"https:\/\/foxsec.eu\/es\/wp-json\/wp\/v2\/pages\/4419\/revisions"}],"predecessor-version":[{"id":7558,"href":"https:\/\/foxsec.eu\/es\/wp-json\/wp\/v2\/pages\/4419\/revisions\/7558"}],"up":[{"embeddable":true,"href":"https:\/\/foxsec.eu\/es\/wp-json\/wp\/v2\/pages\/4205"}],"wp:featuredmedia":[{"embeddable":true,"href":"https:\/\/foxsec.eu\/es\/wp-json\/wp\/v2\/media\/6156"}],"wp:attachment":[{"href":"https:\/\/foxsec.eu\/es\/wp-json\/wp\/v2\/media?parent=4419"}],"curies":[{"name":"wp","href":"https:\/\/api.w.org\/{rel}","templated":true}]}}