{"id":4417,"date":"2024-02-27T14:13:43","date_gmt":"2024-02-27T14:13:43","guid":{"rendered":"https:\/\/foxsec.eu\/es\/?page_id=4417"},"modified":"2024-04-20T06:19:25","modified_gmt":"2024-04-20T06:19:25","slug":"conteo-de-personas","status":"publish","type":"page","link":"https:\/\/foxsec.eu\/es\/soluciones\/conteo-de-personas\/","title":{"rendered":"Conteo de Personas"},"content":{"rendered":"<section class=\"gb-container gb-container-ad63df80\">\n\n<h2 class=\"gb-headline gb-headline-b5937dea\"><span class=\"gb-icon\"><svg xmlns=\"http:\/\/www.w3.org\/2000\/svg\" viewBox=\"0 0 36.7 3\"><path d=\"M0 0h36.7v3H0z\"><\/path><\/svg><\/span><span class=\"gb-headline-text\">Que ofrecemos<\/span><\/h2>\n\n\n\n<p>FoxSec Hardcount es una soluci\u00f3n simple para conteo de personas. El sistema puede proporcionar informaci\u00f3n que puede ayudarle a estimar frecuencia de paso, el volumen de las multitudes y identificar las horas pico. En cualquier momento podr\u00e1 saber cu\u00e1l es el aforo en el local, hist\u00f3ricos, le permite crear varios informes finales, por hora, d\u00eda o semana.<\/p>\n\n\n\n<p>El sistema Hardcount proporciona una infraestructura de hardware\/firmware completa y es f\u00e1cil de instalar y configurar. El sistema utiliza rayos infrarrojos bidireccionales para contar el n\u00famero de visitantes que entran y salen del edificio, especialmente adecuado para accesos estrechos, como en las puertas de entrada a un establecimiento. Tiene la capacidad de contar a los visitantes que cruzan una l\u00ednea virtual definida por infrarrojos en una direcci\u00f3n o en la contraria de uno a ocho puntos de control. El sistema no puede distinguir entre visitantes entrantes y salientes.<\/p>\n\n\n\n<h2 class=\"gb-headline gb-headline-9f9688da\"><span class=\"gb-icon\"><svg xmlns=\"http:\/\/www.w3.org\/2000\/svg\" viewBox=\"0 0 36.7 3\"><path d=\"M0 0h36.7v3H0z\"><\/path><\/svg><\/span><span class=\"gb-headline-text\">Caracter\u00edsticas clave <\/span><\/h2>\n\n\n\n<ul>\n<li>Servidor local<\/li>\n\n\n\n<li>Hasta 8 puntos de control<\/li>\n\n\n\n<li>F\u00e1cil de instalar y configurar<\/li>\n\n\n\n<li>Siempre cumple con GDPR y protecci\u00f3n de datos<\/li>\n\n\n\n<li>Todo el hardware y software se produce en Europa<\/li>\n<\/ul>\n\n<\/section>\n\n<div class=\"gb-container gb-container-c56d1e7c\"><\/div>\n\n<div class=\"gb-container gb-container-98948a30\">\n<section class=\"gb-container gb-container-68d289fa\">\n<section class=\"gb-container gb-container-8b3cd952\">\n\n<h2 class=\"gb-headline gb-headline-a91da2e3\"><span class=\"gb-icon\"><svg xmlns=\"http:\/\/www.w3.org\/2000\/svg\" viewBox=\"0 0 36.7 3\"><path d=\"M0 0h36.7v3H0z\"><\/path><\/svg><\/span><span class=\"gb-headline-text\">Sectores<\/span><\/h2>\n\n<\/section>\n\n<div class=\"gb-container gb-container-ec424718\">\n<div class=\"gb-grid-wrapper gb-grid-wrapper-c07a1043\">\n<div class=\"gb-grid-column gb-grid-column-a14b8a5c\"><div class=\"gb-container gb-container-a14b8a5c\">\n\n<figure class=\"gb-block-image gb-block-image-7b34447d\"><img loading=\"lazy\" decoding=\"async\" width=\"1024\" height=\"683\" class=\"gb-image gb-image-7b34447d\" src=\"https:\/\/foxsec.eu\/es\/wp-content\/uploads\/2024\/03\/shutterstock_1839580744-1920x1280-1-1024x683.jpg\" alt=\"\" title=\"Conteo de personas\" srcset=\"https:\/\/foxsec.eu\/es\/wp-content\/uploads\/2024\/03\/shutterstock_1839580744-1920x1280-1-1024x683.jpg 1024w, https:\/\/foxsec.eu\/es\/wp-content\/uploads\/2024\/03\/shutterstock_1839580744-1920x1280-1-800x533.jpg 800w, https:\/\/foxsec.eu\/es\/wp-content\/uploads\/2024\/03\/shutterstock_1839580744-1920x1280-1-300x200.jpg 300w, https:\/\/foxsec.eu\/es\/wp-content\/uploads\/2024\/03\/shutterstock_1839580744-1920x1280-1-768x512.jpg 768w, https:\/\/foxsec.eu\/es\/wp-content\/uploads\/2024\/03\/shutterstock_1839580744-1920x1280-1-1536x1024.jpg 1536w, https:\/\/foxsec.eu\/es\/wp-content\/uploads\/2024\/03\/shutterstock_1839580744-1920x1280-1-600x400.jpg 600w, https:\/\/foxsec.eu\/es\/wp-content\/uploads\/2024\/03\/shutterstock_1839580744-1920x1280-1.jpg 1920w\" sizes=\"(max-width: 1024px) 100vw, 1024px\" \/><\/figure>\n\n\n\n<h3 class=\"gb-headline gb-headline-642d5942 gb-headline-text\">COMERCIAL<\/h3>\n\n\n\n<p class=\"gb-headline gb-headline-03ab3574 gb-headline-text\">El propietario de un edificio comercial, que es utilizado por muchos inquilinos con diferentes necesidades, se enfrenta al desaf\u00edo de garantizar simult\u00e1neamente el nivel adecuado de seguridad y control de todo el edificio, al mismo tiempo que cumple con las expectativas de los inquilinos en t\u00e9rminos de usabilidad, comodidad e requisitos individualidades.<\/p>\n\n\n\n<a class=\"gb-button gb-button-6ddc368b\" href=\"https:\/\/foxsec.eu\/es\/sectores\/comercio\/\"><span class=\"gb-button-text\">DescubrA m\u00e1s<\/span><span class=\"gb-icon\"><svg viewBox=\"0 0 44.952 44.952\" xmlns=\"http:\/\/www.w3.org\/2000\/svg\"><path d=\"M44.952 22.108c0-1.25-.478-2.424-1.362-3.308L30.627 5.831a2.5 2.5 0 0 0-3.536 0 2.511 2.511 0 0 0 0 3.546l10.574 10.57H2.484C1.102 19.948 0 21.081 0 22.464v.028c0 1.382 1.102 2.523 2.484 2.523h35.182L27.094 35.579a2.504 2.504 0 0 0 3.538 3.54l12.958-12.97a4.633 4.633 0 0 0 1.362-3.309v-.732z\"><\/path><\/svg><\/span><\/a>\n\n<\/div><\/div>\n<\/div>\n<\/div>\n<\/section>\n<\/div>","protected":false},"excerpt":{"rendered":"<p>Que ofrecemos FoxSec Hardcount es una soluci\u00f3n simple para conteo de personas. El sistema puede proporcionar informaci\u00f3n que puede ayudarle a estimar frecuencia de paso, el volumen de las multitudes y identificar las horas pico. En cualquier momento podr\u00e1 saber cu\u00e1l es el aforo en el local, hist\u00f3ricos, le permite crear varios informes finales, por &#8230; <a title=\"Conteo de Personas\" class=\"read-more\" href=\"https:\/\/foxsec.eu\/es\/soluciones\/conteo-de-personas\/\" aria-label=\"Leer m\u00e1s sobre Conteo de Personas\">Leer m\u00e1s<\/a><\/p>\n","protected":false},"author":1,"featured_media":5131,"parent":4205,"menu_order":0,"comment_status":"closed","ping_status":"closed","template":"","meta":{"footnotes":""},"_links":{"self":[{"href":"https:\/\/foxsec.eu\/es\/wp-json\/wp\/v2\/pages\/4417"}],"collection":[{"href":"https:\/\/foxsec.eu\/es\/wp-json\/wp\/v2\/pages"}],"about":[{"href":"https:\/\/foxsec.eu\/es\/wp-json\/wp\/v2\/types\/page"}],"author":[{"embeddable":true,"href":"https:\/\/foxsec.eu\/es\/wp-json\/wp\/v2\/users\/1"}],"replies":[{"embeddable":true,"href":"https:\/\/foxsec.eu\/es\/wp-json\/wp\/v2\/comments?post=4417"}],"version-history":[{"count":30,"href":"https:\/\/foxsec.eu\/es\/wp-json\/wp\/v2\/pages\/4417\/revisions"}],"predecessor-version":[{"id":7557,"href":"https:\/\/foxsec.eu\/es\/wp-json\/wp\/v2\/pages\/4417\/revisions\/7557"}],"up":[{"embeddable":true,"href":"https:\/\/foxsec.eu\/es\/wp-json\/wp\/v2\/pages\/4205"}],"wp:featuredmedia":[{"embeddable":true,"href":"https:\/\/foxsec.eu\/es\/wp-json\/wp\/v2\/media\/5131"}],"wp:attachment":[{"href":"https:\/\/foxsec.eu\/es\/wp-json\/wp\/v2\/media?parent=4417"}],"curies":[{"name":"wp","href":"https:\/\/api.w.org\/{rel}","templated":true}]}}