{"id":4409,"date":"2024-02-27T14:13:43","date_gmt":"2024-02-27T14:13:43","guid":{"rendered":"https:\/\/foxsec.eu\/es\/?page_id=4409"},"modified":"2024-10-13T11:03:40","modified_gmt":"2024-10-13T08:03:40","slug":"alarma-y-accesos-integrados","status":"publish","type":"page","link":"https:\/\/foxsec.eu\/es\/soluciones\/alarma-y-accesos-integrados\/","title":{"rendered":"Alarma y Accesos Integrados"},"content":{"rendered":"<section class=\"gb-container gb-container-ad63df80\">\n\n<h2 class=\"gb-headline gb-headline-b5937dea\"><span class=\"gb-icon\"><svg xmlns=\"http:\/\/www.w3.org\/2000\/svg\" viewBox=\"0 0 36.7 3\"><path d=\"M0 0h36.7v3H0z\"><\/path><\/svg><\/span><span class=\"gb-headline-text\">Que ofrecemos<\/span><\/h2>\n\n\n\n<p>El sistema de alarma de intrusi\u00f3n\/control de accesos FoxSec brinda funcionalidad de un solo sistema completo a diferencia del modelo tradicional de instalar dos sistemas separados para lograr esta funcionalidad. La integraci\u00f3n completa reduce los costos de instalaci\u00f3n y mantenimiento de equipos, as\u00ed como simplifica enormemente el proceso de control. Adem\u00e1s, al utilizar los m\u00f3dulos de software FoxSec WEB, nuestras soluciones brindan una integraci\u00f3n perfecta verdaderamente unificada con control de acceso, alarma de intrusi\u00f3n, videovigilancia y automatizaci\u00f3n de edificios, todo administrado desde una \u00fanica interfaz web.<\/p>\n\n\n\n<h2 class=\"gb-headline gb-headline-9f9688da\"><span class=\"gb-icon\"><svg xmlns=\"http:\/\/www.w3.org\/2000\/svg\" viewBox=\"0 0 36.7 3\"><path d=\"M0 0h36.7v3H0z\"><\/path><\/svg><\/span><span class=\"gb-headline-text\">Caracter\u00edsticas clave<\/span><\/h2>\n\n\n\n<ul>\n<li>Sistema de alarma\/control de accesos local (opci\u00f3n la Nube)<\/li>\n\n\n\n<li>Hasta 790 zonas y 240 particiones en una configuraci\u00f3n est\u00e1ndar<\/li>\n\n\n\n<li>Hasta 310 puertas\/puntos de control de accesos en una configuraci\u00f3n est\u00e1ndar<\/li>\n\n\n\n<li>N\u00famero ilimitado de usuarios, zonas y puertas (opci\u00f3n)<\/li>\n\n\n\n<li>Aplicaci\u00f3n m\u00f3vil para control del sistema desde smartphone<\/li>\n\n\n\n<li>Posibilidad de integraci\u00f3n de manera fluida con otros sistemas de seguridad FoxSec<\/li>\n\n\n\n<li>Software de gesti\u00f3n basado en navegador web<\/li>\n\n\n\n<li>Todo el hardware y software se produce en Europa<\/li>\n<\/ul>\n\n<\/section>\n\n<div class=\"gb-container gb-container-c56d1e7c\"><\/div>\n\n<div class=\"gb-container gb-container-98948a30\">\n<section class=\"gb-container gb-container-68d289fa\">\n<section class=\"gb-container gb-container-8b3cd952\">\n\n<h2 class=\"gb-headline gb-headline-a91da2e3\"><span class=\"gb-icon\"><svg xmlns=\"http:\/\/www.w3.org\/2000\/svg\" viewBox=\"0 0 36.7 3\"><path d=\"M0 0h36.7v3H0z\"><\/path><\/svg><\/span><span class=\"gb-headline-text\">Sectores<\/span><\/h2>\n\n<\/section>\n\n<div class=\"gb-container gb-container-ec424718\">\n<div class=\"gb-grid-wrapper gb-grid-wrapper-c07a1043\">\n<div class=\"gb-grid-column gb-grid-column-a14b8a5c\"><div class=\"gb-container gb-container-a14b8a5c\">\n\n<figure class=\"gb-block-image gb-block-image-7b34447d\"><img loading=\"lazy\" decoding=\"async\" width=\"1024\" height=\"683\" class=\"gb-image gb-image-7b34447d\" src=\"https:\/\/foxsec.eu\/es\/wp-content\/uploads\/2024\/03\/edificio_de_oficinas_portada_12-1024x683.jpg\" alt=\"\" title=\"Edificio de oficinas\" srcset=\"https:\/\/foxsec.eu\/es\/wp-content\/uploads\/2024\/03\/edificio_de_oficinas_portada_12-1024x683.jpg 1024w, https:\/\/foxsec.eu\/es\/wp-content\/uploads\/2024\/03\/edificio_de_oficinas_portada_12-800x533.jpg 800w, https:\/\/foxsec.eu\/es\/wp-content\/uploads\/2024\/03\/edificio_de_oficinas_portada_12-300x200.jpg 300w, https:\/\/foxsec.eu\/es\/wp-content\/uploads\/2024\/03\/edificio_de_oficinas_portada_12-768x512.jpg 768w, https:\/\/foxsec.eu\/es\/wp-content\/uploads\/2024\/03\/edificio_de_oficinas_portada_12-1536x1024.jpg 1536w, https:\/\/foxsec.eu\/es\/wp-content\/uploads\/2024\/03\/edificio_de_oficinas_portada_12-600x400.jpg 600w, https:\/\/foxsec.eu\/es\/wp-content\/uploads\/2024\/03\/edificio_de_oficinas_portada_12.jpg 1920w\" sizes=\"(max-width: 1024px) 100vw, 1024px\" \/><\/figure>\n\n\n\n<h3 class=\"gb-headline gb-headline-642d5942 gb-headline-text\">COMERCIO<\/h3>\n\n\n\n<p class=\"gb-headline gb-headline-03ab3574 gb-headline-text\">El propietario de un edificio comercial, que es utilizado por muchos inquilinos con diferentes necesidades, se enfrenta al desaf\u00edo de garantizar simult\u00e1neamente el nivel adecuado de seguridad y control de todo el edificio, al mismo tiempo que cumple con las expectativas de los inquilinos en t\u00e9rminos de usabilidad, comodidad e requisitos individualidades.<\/p>\n\n\n\n<a class=\"gb-button gb-button-6ddc368b\" href=\"https:\/\/foxsec.eu\/es\/sectores\/comercio\/\"><span class=\"gb-button-text\">DescubrA m\u00e1s<\/span><span class=\"gb-icon\"><svg viewBox=\"0 0 44.952 44.952\" xmlns=\"http:\/\/www.w3.org\/2000\/svg\"><path d=\"M44.952 22.108c0-1.25-.478-2.424-1.362-3.308L30.627 5.831a2.5 2.5 0 0 0-3.536 0 2.511 2.511 0 0 0 0 3.546l10.574 10.57H2.484C1.102 19.948 0 21.081 0 22.464v.028c0 1.382 1.102 2.523 2.484 2.523h35.182L27.094 35.579a2.504 2.504 0 0 0 3.538 3.54l12.958-12.97a4.633 4.633 0 0 0 1.362-3.309v-.732z\"><\/path><\/svg><\/span><\/a>\n\n<\/div><\/div>\n\n<div class=\"gb-grid-column gb-grid-column-9d756274\"><div class=\"gb-container gb-container-9d756274\">\n\n<figure class=\"gb-block-image gb-block-image-9478ab9f\"><img loading=\"lazy\" decoding=\"async\" width=\"1024\" height=\"683\" class=\"gb-image gb-image-9478ab9f\" src=\"https:\/\/foxsec.eu\/es\/wp-content\/uploads\/2024\/03\/Edificio_de_escuela_1-1024x683.jpg\" alt=\"\" title=\"Edificio de escuela\" srcset=\"https:\/\/foxsec.eu\/es\/wp-content\/uploads\/2024\/03\/Edificio_de_escuela_1-1024x683.jpg 1024w, https:\/\/foxsec.eu\/es\/wp-content\/uploads\/2024\/03\/Edificio_de_escuela_1-800x533.jpg 800w, https:\/\/foxsec.eu\/es\/wp-content\/uploads\/2024\/03\/Edificio_de_escuela_1-300x200.jpg 300w, https:\/\/foxsec.eu\/es\/wp-content\/uploads\/2024\/03\/Edificio_de_escuela_1-768x512.jpg 768w, https:\/\/foxsec.eu\/es\/wp-content\/uploads\/2024\/03\/Edificio_de_escuela_1-1536x1024.jpg 1536w, https:\/\/foxsec.eu\/es\/wp-content\/uploads\/2024\/03\/Edificio_de_escuela_1-600x400.jpg 600w, https:\/\/foxsec.eu\/es\/wp-content\/uploads\/2024\/03\/Edificio_de_escuela_1.jpg 1920w\" sizes=\"(max-width: 1024px) 100vw, 1024px\" \/><\/figure>\n\n\n\n<h3 class=\"gb-headline gb-headline-d9ed0255 gb-headline-text\">EDUCACI\u00d3N<\/h3>\n\n\n\n<p class=\"gb-headline gb-headline-df33b229 gb-headline-text\">El denominador com\u00fan de los campus acad\u00e9micos, escuelas y otras instalaciones del sector educativo es la gran cantidad de usuarios que los utilizan todos los d\u00edas, es decir, estudiantes, profesores, personal administrativo y otros. Adem\u00e1s, una caracter\u00edstica t\u00edpica es la alta rotaci\u00f3n, incluidos estudiantes y graduados irregulares o nuevos.<\/p>\n\n\n\n<a class=\"gb-button gb-button-d1d0ad7a\" href=\"https:\/\/foxsec.eu\/es\/sectores\/educacion\/\"><span class=\"gb-button-text\">DescubrA m\u00e1s<\/span><span class=\"gb-icon\"><svg viewBox=\"0 0 44.952 44.952\" xmlns=\"http:\/\/www.w3.org\/2000\/svg\"><path d=\"M44.952 22.108c0-1.25-.478-2.424-1.362-3.308L30.627 5.831a2.5 2.5 0 0 0-3.536 0 2.511 2.511 0 0 0 0 3.546l10.574 10.57H2.484C1.102 19.948 0 21.081 0 22.464v.028c0 1.382 1.102 2.523 2.484 2.523h35.182L27.094 35.579a2.504 2.504 0 0 0 3.538 3.54l12.958-12.97a4.633 4.633 0 0 0 1.362-3.309v-.732z\"><\/path><\/svg><\/span><\/a>\n\n<\/div><\/div>\n\n<div class=\"gb-grid-column gb-grid-column-2e115fd1\"><div class=\"gb-container gb-container-2e115fd1\">\n\n<figure class=\"gb-block-image gb-block-image-0ad2fbd6\"><img loading=\"lazy\" decoding=\"async\" width=\"1024\" height=\"683\" class=\"gb-image gb-image-0ad2fbd6\" src=\"https:\/\/foxsec.eu\/es\/wp-content\/uploads\/2024\/03\/centro_de_salud_1-1024x683.jpg\" alt=\"\" title=\"Centro de salud\" srcset=\"https:\/\/foxsec.eu\/es\/wp-content\/uploads\/2024\/03\/centro_de_salud_1-1024x683.jpg 1024w, https:\/\/foxsec.eu\/es\/wp-content\/uploads\/2024\/03\/centro_de_salud_1-800x533.jpg 800w, https:\/\/foxsec.eu\/es\/wp-content\/uploads\/2024\/03\/centro_de_salud_1-300x200.jpg 300w, https:\/\/foxsec.eu\/es\/wp-content\/uploads\/2024\/03\/centro_de_salud_1-768x512.jpg 768w, https:\/\/foxsec.eu\/es\/wp-content\/uploads\/2024\/03\/centro_de_salud_1-1536x1024.jpg 1536w, https:\/\/foxsec.eu\/es\/wp-content\/uploads\/2024\/03\/centro_de_salud_1-600x400.jpg 600w, https:\/\/foxsec.eu\/es\/wp-content\/uploads\/2024\/03\/centro_de_salud_1.jpg 1920w\" sizes=\"(max-width: 1024px) 100vw, 1024px\" \/><\/figure>\n\n\n\n<h3 class=\"gb-headline gb-headline-b178b36d gb-headline-text\">SALUD<\/h3>\n\n\n\n<p class=\"gb-headline gb-headline-c0b1c92c gb-headline-text\">Los instituciones m\u00e9dicas presentan un desaf\u00edo de seguridad. Por un lado, hay muchos tipos de usuarios en los centros sanitarios: personal sanitario con distintos niveles de autorizaci\u00f3n, pacientes, invitados o proveedores de servicios (como el servicio de alimentaci\u00f3n) que se mueven intensamente dentro del centro a diario.<\/p>\n\n\n\n<a class=\"gb-button gb-button-66c5ecfa\" href=\"https:\/\/foxsec.eu\/es\/sectores\/salud\/\"><span class=\"gb-button-text\">DescubrA m\u00e1s<\/span><span class=\"gb-icon\"><svg viewBox=\"0 0 44.952 44.952\" xmlns=\"http:\/\/www.w3.org\/2000\/svg\"><path d=\"M44.952 22.108c0-1.25-.478-2.424-1.362-3.308L30.627 5.831a2.5 2.5 0 0 0-3.536 0 2.511 2.511 0 0 0 0 3.546l10.574 10.57H2.484C1.102 19.948 0 21.081 0 22.464v.028c0 1.382 1.102 2.523 2.484 2.523h35.182L27.094 35.579a2.504 2.504 0 0 0 3.538 3.54l12.958-12.97a4.633 4.633 0 0 0 1.362-3.309v-.732z\"><\/path><\/svg><\/span><\/a>\n\n<\/div><\/div>\n<\/div>\n<\/div>\n<\/section>\n<\/div>","protected":false},"excerpt":{"rendered":"<p>Que ofrecemos El sistema de alarma de intrusi\u00f3n\/control de accesos FoxSec brinda funcionalidad de un solo sistema completo a diferencia del modelo tradicional de instalar dos sistemas separados para lograr esta funcionalidad. La integraci\u00f3n completa reduce los costos de instalaci\u00f3n y mantenimiento de equipos, as\u00ed como simplifica enormemente el proceso de control. Adem\u00e1s, al utilizar &#8230; <a title=\"Alarma y Accesos Integrados\" class=\"read-more\" href=\"https:\/\/foxsec.eu\/es\/soluciones\/alarma-y-accesos-integrados\/\" aria-label=\"Leer m\u00e1s sobre Alarma y Accesos Integrados\">Leer m\u00e1s<\/a><\/p>\n","protected":false},"author":1,"featured_media":6561,"parent":4205,"menu_order":0,"comment_status":"closed","ping_status":"closed","template":"","meta":{"footnotes":""},"_links":{"self":[{"href":"https:\/\/foxsec.eu\/es\/wp-json\/wp\/v2\/pages\/4409"}],"collection":[{"href":"https:\/\/foxsec.eu\/es\/wp-json\/wp\/v2\/pages"}],"about":[{"href":"https:\/\/foxsec.eu\/es\/wp-json\/wp\/v2\/types\/page"}],"author":[{"embeddable":true,"href":"https:\/\/foxsec.eu\/es\/wp-json\/wp\/v2\/users\/1"}],"replies":[{"embeddable":true,"href":"https:\/\/foxsec.eu\/es\/wp-json\/wp\/v2\/comments?post=4409"}],"version-history":[{"count":32,"href":"https:\/\/foxsec.eu\/es\/wp-json\/wp\/v2\/pages\/4409\/revisions"}],"predecessor-version":[{"id":7655,"href":"https:\/\/foxsec.eu\/es\/wp-json\/wp\/v2\/pages\/4409\/revisions\/7655"}],"up":[{"embeddable":true,"href":"https:\/\/foxsec.eu\/es\/wp-json\/wp\/v2\/pages\/4205"}],"wp:featuredmedia":[{"embeddable":true,"href":"https:\/\/foxsec.eu\/es\/wp-json\/wp\/v2\/media\/6561"}],"wp:attachment":[{"href":"https:\/\/foxsec.eu\/es\/wp-json\/wp\/v2\/media?parent=4409"}],"curies":[{"name":"wp","href":"https:\/\/api.w.org\/{rel}","templated":true}]}}