{"id":4403,"date":"2024-02-27T14:13:43","date_gmt":"2024-02-27T14:13:43","guid":{"rendered":"https:\/\/foxsec.eu\/es\/?page_id=4403"},"modified":"2024-10-21T13:54:06","modified_gmt":"2024-10-21T10:54:06","slug":"control-de-acceso-estandar","status":"publish","type":"page","link":"https:\/\/foxsec.eu\/es\/soluciones\/control-de-acceso-estandar\/","title":{"rendered":"Control de Acceso Est\u00e1ndar"},"content":{"rendered":"<section class=\"gb-container gb-container-ad63df80\">\n\n<h2 class=\"gb-headline gb-headline-b5937dea\"><span class=\"gb-icon\"><svg xmlns=\"http:\/\/www.w3.org\/2000\/svg\" viewBox=\"0 0 36.7 3\"><path d=\"M0 0h36.7v3H0z\"><\/path><\/svg><\/span><span class=\"gb-headline-text\">Que ofrecemos<\/span><\/h2>\n\n\n\n<p>FoxSec Smart Pass es una soluci\u00f3n simple y flexible para asegurar y controlar el acceso a trav\u00e9s de las puertas de la entrada y salida, dise\u00f1ada para satisfacer las necesidades de las PYMEs. Proporciona una infraestructura de hardware\/firmware completa, ofrece las funciones b\u00e1sicas para crear un sistema de hasta 50 puertas\/puntos de control de accesos.<\/p>\n\n\n\n<p>El sistema est\u00e1 limitado a 1850 usuarios y 50 puertas de control y supervisi\u00f3n. Posibilidad de agregar el m\u00f3dulo de registro horario del empleado. Los datos biom\u00e9tricos, las tarjetas de proximidad o los tel\u00e9fonos inteligentes con NFC se pueden utilizar como credenciales de usuario. La arquitectura flexible del sistema tambi\u00e9n permite crear y gestionar hasta 4 sitios en diferentes ubicaciones geogr\u00e1ficas en un solo sistema.<\/p>\n\n\n\n<h2 class=\"gb-headline gb-headline-9f9688da\"><span class=\"gb-icon\"><svg xmlns=\"http:\/\/www.w3.org\/2000\/svg\" viewBox=\"0 0 36.7 3\"><path d=\"M0 0h36.7v3H0z\"><\/path><\/svg><\/span><span class=\"gb-headline-text\">Caracter\u00edsticas clave <\/span><\/h2>\n\n\n\n<ul>\n<li>Control de accesos local<\/li>\n\n\n\n<li>Hasta 50 puertas<\/li>\n\n\n\n<li>Hasta 1850 usuarios<\/li>\n\n\n\n<li>Registro fotogr\u00e1fico de entrada\/salida<\/li>\n\n\n\n<li>Posibilidad de agregar el m\u00f3dulo de software de registro horario<\/li>\n\n\n\n<li>Apertura de las puertas mediante tarjetas de proximidad, tarjetas inteligentes, c\u00f3digos PIN, datos biom\u00e9tricos o credenciales m\u00f3viles<\/li>\n\n\n\n<li>Software de gesti\u00f3n de escritorio sencillo e intuitivo<\/li>\n\n\n\n<li>Todo el hardware y software se produce en Europa<\/li>\n<\/ul>\n\n<\/section>\n\n<div class=\"gb-container gb-container-c56d1e7c\"><\/div>\n\n<div class=\"gb-container gb-container-98948a30\">\n<section class=\"gb-container gb-container-68d289fa\">\n<section class=\"gb-container gb-container-8b3cd952\">\n\n<h2 class=\"gb-headline gb-headline-a91da2e3\"><span class=\"gb-icon\"><svg xmlns=\"http:\/\/www.w3.org\/2000\/svg\" viewBox=\"0 0 36.7 3\"><path d=\"M0 0h36.7v3H0z\"><\/path><\/svg><\/span><span class=\"gb-headline-text\">Sectores<\/span><\/h2>\n\n<\/section>\n\n<div class=\"gb-container gb-container-ec424718\">\n<div class=\"gb-grid-wrapper gb-grid-wrapper-c07a1043\">\n<div class=\"gb-grid-column gb-grid-column-a14b8a5c\"><div class=\"gb-container gb-container-a14b8a5c\">\n\n<figure class=\"gb-block-image gb-block-image-7b34447d\"><img loading=\"lazy\" decoding=\"async\" width=\"1024\" height=\"683\" class=\"gb-image gb-image-7b34447d\" src=\"https:\/\/foxsec.eu\/es\/wp-content\/uploads\/2024\/03\/sector_comercio_1-1024x683.jpg\" alt=\"\" title=\"Sector comercio\" srcset=\"https:\/\/foxsec.eu\/es\/wp-content\/uploads\/2024\/03\/sector_comercio_1-1024x683.jpg 1024w, https:\/\/foxsec.eu\/es\/wp-content\/uploads\/2024\/03\/sector_comercio_1-800x533.jpg 800w, https:\/\/foxsec.eu\/es\/wp-content\/uploads\/2024\/03\/sector_comercio_1-300x200.jpg 300w, https:\/\/foxsec.eu\/es\/wp-content\/uploads\/2024\/03\/sector_comercio_1-768x512.jpg 768w, https:\/\/foxsec.eu\/es\/wp-content\/uploads\/2024\/03\/sector_comercio_1-1536x1024.jpg 1536w, https:\/\/foxsec.eu\/es\/wp-content\/uploads\/2024\/03\/sector_comercio_1-600x400.jpg 600w, https:\/\/foxsec.eu\/es\/wp-content\/uploads\/2024\/03\/sector_comercio_1.jpg 1920w\" sizes=\"(max-width: 1024px) 100vw, 1024px\" \/><\/figure>\n\n\n\n<h3 class=\"gb-headline gb-headline-642d5942 gb-headline-text\">comercio<\/h3>\n\n\n\n<p class=\"gb-headline gb-headline-03ab3574 gb-headline-text\">El propietario de un edificio comercial, que es utilizado por muchos inquilinos con diferentes necesidades, se enfrenta al desaf\u00edo de garantizar simult\u00e1neamente el nivel adecuado de seguridad y control de todo el edificio, al mismo tiempo que cumple con las expectativas de los inquilinos en t\u00e9rminos de usabilidad, comodidad e requisitos individualidades.<\/p>\n\n\n\n<a class=\"gb-button gb-button-6ddc368b\" href=\"https:\/\/foxsec.eu\/es\/sectores\/comercio\/\"><span class=\"gb-button-text\">DescubrA m\u00e1s<\/span><span class=\"gb-icon\"><svg viewBox=\"0 0 44.952 44.952\" xmlns=\"http:\/\/www.w3.org\/2000\/svg\"><path d=\"M44.952 22.108c0-1.25-.478-2.424-1.362-3.308L30.627 5.831a2.5 2.5 0 0 0-3.536 0 2.511 2.511 0 0 0 0 3.546l10.574 10.57H2.484C1.102 19.948 0 21.081 0 22.464v.028c0 1.382 1.102 2.523 2.484 2.523h35.182L27.094 35.579a2.504 2.504 0 0 0 3.538 3.54l12.958-12.97a4.633 4.633 0 0 0 1.362-3.309v-.732z\"><\/path><\/svg><\/span><\/a>\n\n<\/div><\/div>\n\n<div class=\"gb-grid-column gb-grid-column-9d756274\"><div class=\"gb-container gb-container-9d756274\">\n\n<figure class=\"gb-block-image gb-block-image-9478ab9f\"><img loading=\"lazy\" decoding=\"async\" width=\"1024\" height=\"683\" class=\"gb-image gb-image-9478ab9f\" src=\"https:\/\/foxsec.eu\/es\/wp-content\/uploads\/2024\/03\/Educacion_1-1024x683.jpg\" alt=\"\" title=\"Educaci\u00f3n sector\" srcset=\"https:\/\/foxsec.eu\/es\/wp-content\/uploads\/2024\/03\/Educacion_1-1024x683.jpg 1024w, https:\/\/foxsec.eu\/es\/wp-content\/uploads\/2024\/03\/Educacion_1-300x200.jpg 300w, https:\/\/foxsec.eu\/es\/wp-content\/uploads\/2024\/03\/Educacion_1-768x512.jpg 768w, https:\/\/foxsec.eu\/es\/wp-content\/uploads\/2024\/03\/Educacion_1-1536x1024.jpg 1536w, https:\/\/foxsec.eu\/es\/wp-content\/uploads\/2024\/03\/Educacion_1-800x533.jpg 800w, https:\/\/foxsec.eu\/es\/wp-content\/uploads\/2024\/03\/Educacion_1-600x400.jpg 600w, https:\/\/foxsec.eu\/es\/wp-content\/uploads\/2024\/03\/Educacion_1.jpg 1920w\" sizes=\"(max-width: 1024px) 100vw, 1024px\" \/><\/figure>\n\n\n\n<h3 class=\"gb-headline gb-headline-d9ed0255 gb-headline-text\">EDUCACI\u00d3N<\/h3>\n\n\n\n<p class=\"gb-headline gb-headline-df33b229 gb-headline-text\">El denominador com\u00fan de los campus acad\u00e9micos, escuelas y otras instalaciones del sector educativo es la gran cantidad de usuarios que los utilizan todos los d\u00edas, es decir, estudiantes, profesores, personal administrativo y otros. Adem\u00e1s, una caracter\u00edstica t\u00edpica es la alta rotaci\u00f3n, incluidos estudiantes y graduados irregulares o nuevos.<\/p>\n\n\n\n<a class=\"gb-button gb-button-d1d0ad7a\" href=\"https:\/\/foxsec.eu\/es\/sectores\/educacion\/\"><span class=\"gb-button-text\">DescubrA m\u00e1s<\/span><span class=\"gb-icon\"><svg viewBox=\"0 0 44.952 44.952\" xmlns=\"http:\/\/www.w3.org\/2000\/svg\"><path d=\"M44.952 22.108c0-1.25-.478-2.424-1.362-3.308L30.627 5.831a2.5 2.5 0 0 0-3.536 0 2.511 2.511 0 0 0 0 3.546l10.574 10.57H2.484C1.102 19.948 0 21.081 0 22.464v.028c0 1.382 1.102 2.523 2.484 2.523h35.182L27.094 35.579a2.504 2.504 0 0 0 3.538 3.54l12.958-12.97a4.633 4.633 0 0 0 1.362-3.309v-.732z\"><\/path><\/svg><\/span><\/a>\n\n<\/div><\/div>\n\n<div class=\"gb-grid-column gb-grid-column-2e115fd1\"><div class=\"gb-container gb-container-2e115fd1\">\n\n<figure class=\"gb-block-image gb-block-image-0ad2fbd6\"><img loading=\"lazy\" decoding=\"async\" width=\"1024\" height=\"683\" class=\"gb-image gb-image-0ad2fbd6\" src=\"https:\/\/foxsec.eu\/es\/wp-content\/uploads\/2024\/03\/iStock-965267144-web-1920-1280-1024x683.jpg\" alt=\"\" title=\"Deporte\" srcset=\"https:\/\/foxsec.eu\/es\/wp-content\/uploads\/2024\/03\/iStock-965267144-web-1920-1280-1024x683.jpg 1024w, https:\/\/foxsec.eu\/es\/wp-content\/uploads\/2024\/03\/iStock-965267144-web-1920-1280-800x533.jpg 800w, https:\/\/foxsec.eu\/es\/wp-content\/uploads\/2024\/03\/iStock-965267144-web-1920-1280-300x200.jpg 300w, https:\/\/foxsec.eu\/es\/wp-content\/uploads\/2024\/03\/iStock-965267144-web-1920-1280-768x512.jpg 768w, https:\/\/foxsec.eu\/es\/wp-content\/uploads\/2024\/03\/iStock-965267144-web-1920-1280-1536x1024.jpg 1536w, https:\/\/foxsec.eu\/es\/wp-content\/uploads\/2024\/03\/iStock-965267144-web-1920-1280-600x400.jpg 600w, https:\/\/foxsec.eu\/es\/wp-content\/uploads\/2024\/03\/iStock-965267144-web-1920-1280.jpg 1920w\" sizes=\"(max-width: 1024px) 100vw, 1024px\" \/><\/figure>\n\n\n\n<h3 class=\"gb-headline gb-headline-b178b36d gb-headline-text\">DEPORTE<\/h3>\n\n\n\n<p class=\"gb-headline gb-headline-c0b1c92c gb-headline-text\">Las necesidades de seguridad y control de acceso en instalaciones deportivas y el ocio son comparables a las de otras instalaciones comerciales, incluida la gesti\u00f3n de personas y el acceso a \u00e1reas designadas, la protecci\u00f3n de los empleados y control horario, acceso sin restricciones de usuarios\/visitantes en \u00e1reas comunes.<\/p>\n\n\n\n<a class=\"gb-button gb-button-66c5ecfa\" href=\"https:\/\/foxsec.eu\/es\/sectores\/deporte\/\"><span class=\"gb-button-text\">DescubrA m\u00e1s<\/span><span class=\"gb-icon\"><svg viewBox=\"0 0 44.952 44.952\" xmlns=\"http:\/\/www.w3.org\/2000\/svg\"><path d=\"M44.952 22.108c0-1.25-.478-2.424-1.362-3.308L30.627 5.831a2.5 2.5 0 0 0-3.536 0 2.511 2.511 0 0 0 0 3.546l10.574 10.57H2.484C1.102 19.948 0 21.081 0 22.464v.028c0 1.382 1.102 2.523 2.484 2.523h35.182L27.094 35.579a2.504 2.504 0 0 0 3.538 3.54l12.958-12.97a4.633 4.633 0 0 0 1.362-3.309v-.732z\"><\/path><\/svg><\/span><\/a>\n\n<\/div><\/div>\n<\/div>\n<\/div>\n<\/section>\n<\/div>\n\n\n<div class=\"wp-block-group\"><div class=\"wp-block-group__inner-container is-layout-constrained wp-block-group-is-layout-constrained\"><\/div><\/div>\n","protected":false},"excerpt":{"rendered":"<p>Que ofrecemos FoxSec Smart Pass es una soluci\u00f3n simple y flexible para asegurar y controlar el acceso a trav\u00e9s de las puertas de la entrada y salida, dise\u00f1ada para satisfacer las necesidades de las PYMEs. Proporciona una infraestructura de hardware\/firmware completa, ofrece las funciones b\u00e1sicas para crear un sistema de hasta 50 puertas\/puntos de control &#8230; <a title=\"Control de Acceso Est\u00e1ndar\" class=\"read-more\" href=\"https:\/\/foxsec.eu\/es\/soluciones\/control-de-acceso-estandar\/\" aria-label=\"Leer m\u00e1s sobre Control de Acceso Est\u00e1ndar\">Leer m\u00e1s<\/a><\/p>\n","protected":false},"author":1,"featured_media":4845,"parent":4205,"menu_order":0,"comment_status":"closed","ping_status":"closed","template":"","meta":{"footnotes":""},"_links":{"self":[{"href":"https:\/\/foxsec.eu\/es\/wp-json\/wp\/v2\/pages\/4403"}],"collection":[{"href":"https:\/\/foxsec.eu\/es\/wp-json\/wp\/v2\/pages"}],"about":[{"href":"https:\/\/foxsec.eu\/es\/wp-json\/wp\/v2\/types\/page"}],"author":[{"embeddable":true,"href":"https:\/\/foxsec.eu\/es\/wp-json\/wp\/v2\/users\/1"}],"replies":[{"embeddable":true,"href":"https:\/\/foxsec.eu\/es\/wp-json\/wp\/v2\/comments?post=4403"}],"version-history":[{"count":98,"href":"https:\/\/foxsec.eu\/es\/wp-json\/wp\/v2\/pages\/4403\/revisions"}],"predecessor-version":[{"id":7685,"href":"https:\/\/foxsec.eu\/es\/wp-json\/wp\/v2\/pages\/4403\/revisions\/7685"}],"up":[{"embeddable":true,"href":"https:\/\/foxsec.eu\/es\/wp-json\/wp\/v2\/pages\/4205"}],"wp:featuredmedia":[{"embeddable":true,"href":"https:\/\/foxsec.eu\/es\/wp-json\/wp\/v2\/media\/4845"}],"wp:attachment":[{"href":"https:\/\/foxsec.eu\/es\/wp-json\/wp\/v2\/media?parent=4403"}],"curies":[{"name":"wp","href":"https:\/\/api.w.org\/{rel}","templated":true}]}}